{"id":8141,"date":"2026-03-31T21:48:34","date_gmt":"2026-03-31T21:48:34","guid":{"rendered":"https:\/\/www.loupitavin.net\/?page_id=8141"},"modified":"2026-03-31T23:03:05","modified_gmt":"2026-03-31T23:03:05","slug":"elektro-ladestation","status":"publish","type":"page","link":"https:\/\/www.loupitavin.net\/de\/elektro-ladestation\/","title":{"rendered":"Auto-Ladestation"},"content":{"rendered":"<p><strong><img fetchpriority=\"high\" decoding=\"async\" class=\"size-medium wp-image-8165 alignleft\" src=\"https:\/\/www.loupitavin.net\/wp-content\/uploads\/2026\/03\/IMG_7677-2-217x300.jpeg\" alt=\"\" width=\"217\" height=\"300\" srcset=\"https:\/\/www.loupitavin.net\/wp-content\/uploads\/2026\/03\/IMG_7677-2-217x300.jpeg 217w, https:\/\/www.loupitavin.net\/wp-content\/uploads\/2026\/03\/IMG_7677-2-739x1024.jpeg 739w, https:\/\/www.loupitavin.net\/wp-content\/uploads\/2026\/03\/IMG_7677-2-768x1064.jpeg 768w, https:\/\/www.loupitavin.net\/wp-content\/uploads\/2026\/03\/IMG_7677-2-1109x1536.jpeg 1109w, https:\/\/www.loupitavin.net\/wp-content\/uploads\/2026\/03\/IMG_7677-2-1479x2048.jpeg 1479w, https:\/\/www.loupitavin.net\/wp-content\/uploads\/2026\/03\/IMG_7677-2-600x831.jpeg 600w, https:\/\/www.loupitavin.net\/wp-content\/uploads\/2026\/03\/IMG_7677-2-scaled.jpeg 1849w\" sizes=\"(max-width: 217px) 100vw, 217px\" \/><\/strong><\/p>\n<div class=\"translation__translate-text_in-simple ng-star-inserted\">\n<div class=\"translate-text ng-tns-c159-12 ng-trigger ng-trigger-textShowAnimation\">\n<div class=\"translate-text__block ng-tns-c159-12\">\n<div class=\"translate-text__translated-text ng-tns-c159-12 ng-trigger ng-trigger-textAnimation translate-text__translated-text_font-size_18 ng-star-inserted\">\n<div class=\"ng-tns-c159-12\" dir=\"ltr\">Auto-Ladestation<\/div>\n<div dir=\"ltr\"><\/div>\n<\/div>\n<\/div>\n<\/div>\n<\/div>\n<p>In der Locanda Lou Pitavin bieten wir unseren G\u00e4sten die M\u00f6glichkeit, ihr Elektrofahrzeug direkt vor Ort aufzuladen.<\/p>\n<p>Ein Service f\u00fcr alle, die nachhaltig reisen m\u00f6chten, ohne auf die Ruhe und Sch\u00f6nheit der Berge zu verzichten.<\/p>\n<p>W\u00e4hrend Ihr Fahrzeug l\u00e4dt, k\u00f6nnen Sie die Zeit in aller Ruhe genie\u00dfen: bei einem Essen, einem Getr\u00e4nk oder einfach inmitten der Natur.<\/p>\n<p>F\u00fcr weitere Informationen und Verf\u00fcgbarkeit kontaktieren Sie uns gerne<\/p>\n","protected":false},"excerpt":{"rendered":"<p>Auto-Ladestation In der Locanda Lou Pitavin bieten wir unseren G\u00e4sten die M\u00f6glichkeit, ihr Elektrofahrzeug direkt vor Ort aufzuladen. Ein Service f\u00fcr alle, die nachhaltig reisen m\u00f6chten, ohne auf die Ruhe und Sch\u00f6nheit der Berge zu verzichten. W\u00e4hrend Ihr Fahrzeug l\u00e4dt, k\u00f6nnen Sie die Zeit in aller Ruhe genie\u00dfen: bei einem Essen, einem Getr\u00e4nk oder einfach &#8230; <a title=\"Auto-Ladestation\" class=\"read-more\" href=\"https:\/\/www.loupitavin.net\/de\/elektro-ladestation\/\" aria-label=\"Mehr Informationen \u00fcber Auto-Ladestation\">Weiterlesen &#8230;<\/a><\/p>\n","protected":false},"author":2,"featured_media":0,"parent":0,"menu_order":0,"comment_status":"closed","ping_status":"closed","template":"","meta":{"footnotes":""},"class_list":["post-8141","page","type-page","status-publish"],"yoast_head":"<!-- This site is optimized with the Yoast SEO plugin v27.3 - https:\/\/yoast.com\/product\/yoast-seo-wordpress\/ -->\n<title>Auto-Ladestation - Loupitavin<\/title>\n<meta name=\"description\" content=\"Auto-Ladestation Lou Pitavin bieten wir unseren G\u00e4sten die M\u00f6glichkeit, ihr Elektrofahrzeug direkt vor Ort aufzuladen.Ein Service f\u00fcr alle, die nachhaltig reisen m\u00f6chten, ohne auf die Ruhe und Sch\u00f6nheit der Berge zu verzichten.W\u00e4hrend Ihr Fahrzeug l\u00e4dt, k\u00f6nnen Sie die Zeit in aller Ruhe genie\u00dfen: bei einem Essen, einem Getr\u00e4nk oder einfach inmitten der Natur.F\u00fcr weitere Informationen und Verf\u00fcgbarkeit kontaktieren Sie uns gerne\" \/>\n<meta name=\"robots\" content=\"index, follow, max-snippet:-1, max-image-preview:large, max-video-preview:-1\" \/>\n<link rel=\"canonical\" href=\"https:\/\/www.loupitavin.net\/de\/elektro-ladestation\/\" \/>\n<meta property=\"og:locale\" content=\"de_DE\" \/>\n<meta property=\"og:type\" content=\"article\" \/>\n<meta property=\"og:title\" content=\"Auto-Ladestation - Loupitavin\" \/>\n<meta property=\"og:description\" content=\"Auto-Ladestation Lou Pitavin bieten wir unseren G\u00e4sten die M\u00f6glichkeit, ihr Elektrofahrzeug direkt vor Ort aufzuladen.Ein Service f\u00fcr alle, die nachhaltig reisen m\u00f6chten, ohne auf die Ruhe und Sch\u00f6nheit der Berge zu verzichten.W\u00e4hrend Ihr Fahrzeug l\u00e4dt, k\u00f6nnen Sie die Zeit in aller Ruhe genie\u00dfen: bei einem Essen, einem Getr\u00e4nk oder einfach inmitten der Natur.F\u00fcr weitere Informationen und Verf\u00fcgbarkeit kontaktieren Sie uns gerne\" \/>\n<meta property=\"og:url\" content=\"https:\/\/www.loupitavin.net\/de\/elektro-ladestation\/\" \/>\n<meta property=\"og:site_name\" content=\"Loupitavin\" \/>\n<meta property=\"article:publisher\" content=\"https:\/\/www.facebook.com\/people\/LOCANDA-LOU-PITAVIN\/100063467776264\/\" \/>\n<meta property=\"article:modified_time\" content=\"2026-03-31T23:03:05+00:00\" \/>\n<meta property=\"og:image\" content=\"https:\/\/www.loupitavin.net\/wp-content\/uploads\/2026\/03\/IMG_7677-2-scaled.jpeg\" \/>\n\t<meta property=\"og:image:width\" content=\"1849\" \/>\n\t<meta property=\"og:image:height\" content=\"2560\" \/>\n\t<meta property=\"og:image:type\" content=\"image\/jpeg\" \/>\n<meta name=\"twitter:card\" content=\"summary_large_image\" \/>\n<meta name=\"twitter:label1\" content=\"Gesch\u00e4tzte Lesezeit\" \/>\n\t<meta name=\"twitter:data1\" content=\"1\u00a0Minute\" \/>\n<script type=\"application\/ld+json\" class=\"yoast-schema-graph\">{\"@context\":\"https:\\\/\\\/schema.org\",\"@graph\":[{\"@type\":\"WebPage\",\"@id\":\"https:\\\/\\\/www.loupitavin.net\\\/de\\\/elektro-ladestation\\\/\",\"url\":\"https:\\\/\\\/www.loupitavin.net\\\/de\\\/elektro-ladestation\\\/\",\"name\":\"Auto-Ladestation - Loupitavin\",\"isPartOf\":{\"@id\":\"https:\\\/\\\/www.loupitavin.net\\\/de\\\/#website\"},\"primaryImageOfPage\":{\"@id\":\"https:\\\/\\\/www.loupitavin.net\\\/de\\\/elektro-ladestation\\\/#primaryimage\"},\"image\":{\"@id\":\"https:\\\/\\\/www.loupitavin.net\\\/de\\\/elektro-ladestation\\\/#primaryimage\"},\"thumbnailUrl\":\"https:\\\/\\\/www.loupitavin.net\\\/wp-content\\\/uploads\\\/2026\\\/03\\\/IMG_7677-2-217x300.jpeg\",\"datePublished\":\"2026-03-31T21:48:34+00:00\",\"dateModified\":\"2026-03-31T23:03:05+00:00\",\"description\":\"Auto-Ladestation Lou Pitavin bieten wir unseren G\u00e4sten die M\u00f6glichkeit, ihr Elektrofahrzeug direkt vor Ort aufzuladen.Ein Service f\u00fcr alle, die nachhaltig reisen m\u00f6chten, ohne auf die Ruhe und Sch\u00f6nheit der Berge zu verzichten.W\u00e4hrend Ihr Fahrzeug l\u00e4dt, k\u00f6nnen Sie die Zeit in aller Ruhe genie\u00dfen: bei einem Essen, einem Getr\u00e4nk oder einfach inmitten der Natur.F\u00fcr weitere Informationen und Verf\u00fcgbarkeit kontaktieren Sie uns gerne\",\"breadcrumb\":{\"@id\":\"https:\\\/\\\/www.loupitavin.net\\\/de\\\/elektro-ladestation\\\/#breadcrumb\"},\"inLanguage\":\"de\",\"potentialAction\":[{\"@type\":\"ReadAction\",\"target\":[\"https:\\\/\\\/www.loupitavin.net\\\/de\\\/elektro-ladestation\\\/\"]}]},{\"@type\":\"ImageObject\",\"inLanguage\":\"de\",\"@id\":\"https:\\\/\\\/www.loupitavin.net\\\/de\\\/elektro-ladestation\\\/#primaryimage\",\"url\":\"https:\\\/\\\/www.loupitavin.net\\\/wp-content\\\/uploads\\\/2026\\\/03\\\/IMG_7677-2-217x300.jpeg\",\"contentUrl\":\"https:\\\/\\\/www.loupitavin.net\\\/wp-content\\\/uploads\\\/2026\\\/03\\\/IMG_7677-2-217x300.jpeg\"},{\"@type\":\"BreadcrumbList\",\"@id\":\"https:\\\/\\\/www.loupitavin.net\\\/de\\\/elektro-ladestation\\\/#breadcrumb\",\"itemListElement\":[{\"@type\":\"ListItem\",\"position\":1,\"name\":\"Home\",\"item\":\"https:\\\/\\\/www.loupitavin.net\\\/de\\\/\"},{\"@type\":\"ListItem\",\"position\":2,\"name\":\"Auto-Ladestation\"}]},{\"@type\":\"WebSite\",\"@id\":\"https:\\\/\\\/www.loupitavin.net\\\/de\\\/#website\",\"url\":\"https:\\\/\\\/www.loupitavin.net\\\/de\\\/\",\"name\":\"Lou Pitavin\",\"description\":\"Locanda a Marmora Valle Maira\",\"publisher\":{\"@id\":\"https:\\\/\\\/www.loupitavin.net\\\/de\\\/#organization\"},\"potentialAction\":[{\"@type\":\"SearchAction\",\"target\":{\"@type\":\"EntryPoint\",\"urlTemplate\":\"https:\\\/\\\/www.loupitavin.net\\\/de\\\/?s={search_term_string}\"},\"query-input\":{\"@type\":\"PropertyValueSpecification\",\"valueRequired\":true,\"valueName\":\"search_term_string\"}}],\"inLanguage\":\"de\"},{\"@type\":\"Organization\",\"@id\":\"https:\\\/\\\/www.loupitavin.net\\\/de\\\/#organization\",\"name\":\"Lou Pitavin\",\"alternateName\":\"Lou Pitavin Locanda a Marmora Valle Maira\",\"url\":\"https:\\\/\\\/www.loupitavin.net\\\/de\\\/\",\"logo\":{\"@type\":\"ImageObject\",\"inLanguage\":\"de\",\"@id\":\"https:\\\/\\\/www.loupitavin.net\\\/de\\\/#\\\/schema\\\/logo\\\/image\\\/\",\"url\":\"https:\\\/\\\/www.loupitavin.net\\\/wp-content\\\/uploads\\\/2023\\\/03\\\/cropped-cropped-logo-scuro1-e1679919910685.png\",\"contentUrl\":\"https:\\\/\\\/www.loupitavin.net\\\/wp-content\\\/uploads\\\/2023\\\/03\\\/cropped-cropped-logo-scuro1-e1679919910685.png\",\"width\":566,\"height\":601,\"caption\":\"Lou Pitavin\"},\"image\":{\"@id\":\"https:\\\/\\\/www.loupitavin.net\\\/de\\\/#\\\/schema\\\/logo\\\/image\\\/\"},\"sameAs\":[\"https:\\\/\\\/www.facebook.com\\\/people\\\/LOCANDA-LOU-PITAVIN\\\/100063467776264\\\/\",\"https:\\\/\\\/www.instagram.com\\\/locandaloupitavin\\\/?hl=tl\"]}]}<\/script>\n<!-- \/ Yoast SEO plugin. -->","yoast_head_json":{"title":"Auto-Ladestation - Loupitavin","description":"Auto-Ladestation Lou Pitavin bieten wir unseren G\u00e4sten die M\u00f6glichkeit, ihr Elektrofahrzeug direkt vor Ort aufzuladen.Ein Service f\u00fcr alle, die nachhaltig reisen m\u00f6chten, ohne auf die Ruhe und Sch\u00f6nheit der Berge zu verzichten.W\u00e4hrend Ihr Fahrzeug l\u00e4dt, k\u00f6nnen Sie die Zeit in aller Ruhe genie\u00dfen: bei einem Essen, einem Getr\u00e4nk oder einfach inmitten der Natur.F\u00fcr weitere Informationen und Verf\u00fcgbarkeit kontaktieren Sie uns gerne","robots":{"index":"index","follow":"follow","max-snippet":"max-snippet:-1","max-image-preview":"max-image-preview:large","max-video-preview":"max-video-preview:-1"},"canonical":"https:\/\/www.loupitavin.net\/de\/elektro-ladestation\/","og_locale":"de_DE","og_type":"article","og_title":"Auto-Ladestation - Loupitavin","og_description":"Auto-Ladestation Lou Pitavin bieten wir unseren G\u00e4sten die M\u00f6glichkeit, ihr Elektrofahrzeug direkt vor Ort aufzuladen.Ein Service f\u00fcr alle, die nachhaltig reisen m\u00f6chten, ohne auf die Ruhe und Sch\u00f6nheit der Berge zu verzichten.W\u00e4hrend Ihr Fahrzeug l\u00e4dt, k\u00f6nnen Sie die Zeit in aller Ruhe genie\u00dfen: bei einem Essen, einem Getr\u00e4nk oder einfach inmitten der Natur.F\u00fcr weitere Informationen und Verf\u00fcgbarkeit kontaktieren Sie uns gerne","og_url":"https:\/\/www.loupitavin.net\/de\/elektro-ladestation\/","og_site_name":"Loupitavin","article_publisher":"https:\/\/www.facebook.com\/people\/LOCANDA-LOU-PITAVIN\/100063467776264\/","article_modified_time":"2026-03-31T23:03:05+00:00","og_image":[{"width":1849,"height":2560,"url":"https:\/\/www.loupitavin.net\/wp-content\/uploads\/2026\/03\/IMG_7677-2-scaled.jpeg","type":"image\/jpeg"}],"twitter_card":"summary_large_image","twitter_misc":{"Gesch\u00e4tzte Lesezeit":"1\u00a0Minute"},"schema":{"@context":"https:\/\/schema.org","@graph":[{"@type":"WebPage","@id":"https:\/\/www.loupitavin.net\/de\/elektro-ladestation\/","url":"https:\/\/www.loupitavin.net\/de\/elektro-ladestation\/","name":"Auto-Ladestation - Loupitavin","isPartOf":{"@id":"https:\/\/www.loupitavin.net\/de\/#website"},"primaryImageOfPage":{"@id":"https:\/\/www.loupitavin.net\/de\/elektro-ladestation\/#primaryimage"},"image":{"@id":"https:\/\/www.loupitavin.net\/de\/elektro-ladestation\/#primaryimage"},"thumbnailUrl":"https:\/\/www.loupitavin.net\/wp-content\/uploads\/2026\/03\/IMG_7677-2-217x300.jpeg","datePublished":"2026-03-31T21:48:34+00:00","dateModified":"2026-03-31T23:03:05+00:00","description":"Auto-Ladestation Lou Pitavin bieten wir unseren G\u00e4sten die M\u00f6glichkeit, ihr Elektrofahrzeug direkt vor Ort aufzuladen.Ein Service f\u00fcr alle, die nachhaltig reisen m\u00f6chten, ohne auf die Ruhe und Sch\u00f6nheit der Berge zu verzichten.W\u00e4hrend Ihr Fahrzeug l\u00e4dt, k\u00f6nnen Sie die Zeit in aller Ruhe genie\u00dfen: bei einem Essen, einem Getr\u00e4nk oder einfach inmitten der Natur.F\u00fcr weitere Informationen und Verf\u00fcgbarkeit kontaktieren Sie uns gerne","breadcrumb":{"@id":"https:\/\/www.loupitavin.net\/de\/elektro-ladestation\/#breadcrumb"},"inLanguage":"de","potentialAction":[{"@type":"ReadAction","target":["https:\/\/www.loupitavin.net\/de\/elektro-ladestation\/"]}]},{"@type":"ImageObject","inLanguage":"de","@id":"https:\/\/www.loupitavin.net\/de\/elektro-ladestation\/#primaryimage","url":"https:\/\/www.loupitavin.net\/wp-content\/uploads\/2026\/03\/IMG_7677-2-217x300.jpeg","contentUrl":"https:\/\/www.loupitavin.net\/wp-content\/uploads\/2026\/03\/IMG_7677-2-217x300.jpeg"},{"@type":"BreadcrumbList","@id":"https:\/\/www.loupitavin.net\/de\/elektro-ladestation\/#breadcrumb","itemListElement":[{"@type":"ListItem","position":1,"name":"Home","item":"https:\/\/www.loupitavin.net\/de\/"},{"@type":"ListItem","position":2,"name":"Auto-Ladestation"}]},{"@type":"WebSite","@id":"https:\/\/www.loupitavin.net\/de\/#website","url":"https:\/\/www.loupitavin.net\/de\/","name":"Lou Pitavin","description":"Locanda a Marmora Valle Maira","publisher":{"@id":"https:\/\/www.loupitavin.net\/de\/#organization"},"potentialAction":[{"@type":"SearchAction","target":{"@type":"EntryPoint","urlTemplate":"https:\/\/www.loupitavin.net\/de\/?s={search_term_string}"},"query-input":{"@type":"PropertyValueSpecification","valueRequired":true,"valueName":"search_term_string"}}],"inLanguage":"de"},{"@type":"Organization","@id":"https:\/\/www.loupitavin.net\/de\/#organization","name":"Lou Pitavin","alternateName":"Lou Pitavin Locanda a Marmora Valle Maira","url":"https:\/\/www.loupitavin.net\/de\/","logo":{"@type":"ImageObject","inLanguage":"de","@id":"https:\/\/www.loupitavin.net\/de\/#\/schema\/logo\/image\/","url":"https:\/\/www.loupitavin.net\/wp-content\/uploads\/2023\/03\/cropped-cropped-logo-scuro1-e1679919910685.png","contentUrl":"https:\/\/www.loupitavin.net\/wp-content\/uploads\/2023\/03\/cropped-cropped-logo-scuro1-e1679919910685.png","width":566,"height":601,"caption":"Lou Pitavin"},"image":{"@id":"https:\/\/www.loupitavin.net\/de\/#\/schema\/logo\/image\/"},"sameAs":["https:\/\/www.facebook.com\/people\/LOCANDA-LOU-PITAVIN\/100063467776264\/","https:\/\/www.instagram.com\/locandaloupitavin\/?hl=tl"]}]}},"jetpack_sharing_enabled":true,"_links":{"self":[{"href":"https:\/\/www.loupitavin.net\/de\/wp-json\/wp\/v2\/pages\/8141","targetHints":{"allow":["GET"]}}],"collection":[{"href":"https:\/\/www.loupitavin.net\/de\/wp-json\/wp\/v2\/pages"}],"about":[{"href":"https:\/\/www.loupitavin.net\/de\/wp-json\/wp\/v2\/types\/page"}],"author":[{"embeddable":true,"href":"https:\/\/www.loupitavin.net\/de\/wp-json\/wp\/v2\/users\/2"}],"replies":[{"embeddable":true,"href":"https:\/\/www.loupitavin.net\/de\/wp-json\/wp\/v2\/comments?post=8141"}],"version-history":[{"count":3,"href":"https:\/\/www.loupitavin.net\/de\/wp-json\/wp\/v2\/pages\/8141\/revisions"}],"predecessor-version":[{"id":8175,"href":"https:\/\/www.loupitavin.net\/de\/wp-json\/wp\/v2\/pages\/8141\/revisions\/8175"}],"wp:attachment":[{"href":"https:\/\/www.loupitavin.net\/de\/wp-json\/wp\/v2\/media?parent=8141"}],"curies":[{"name":"wp","href":"https:\/\/api.w.org\/{rel}","templated":true}]}}