{"id":3678,"date":"2023-03-21T07:36:06","date_gmt":"2023-03-21T07:36:06","guid":{"rendered":"https:\/\/www.loupitavin.net\/die-weiler-marmora\/"},"modified":"2023-04-24T14:25:21","modified_gmt":"2023-04-24T14:25:21","slug":"die-weiler-marmora","status":"publish","type":"page","link":"https:\/\/www.loupitavin.net\/de\/exkursionen\/die-weiler-marmora\/","title":{"rendered":"Die Weiler Marmora"},"content":{"rendered":"\t\t<div data-elementor-type=\"wp-page\" data-elementor-id=\"3678\" class=\"elementor elementor-3678 elementor-1527\" data-elementor-post-type=\"page\">\n\t\t\t\t\t\t<section class=\"elementor-section elementor-top-section elementor-element elementor-element-b075b16 elementor-section-boxed elementor-section-height-default elementor-section-height-default\" data-id=\"b075b16\" data-element_type=\"section\" data-e-type=\"section\">\n\t\t\t\t\t\t<div class=\"elementor-container elementor-column-gap-default\">\n\t\t\t\t\t<div class=\"elementor-column elementor-col-100 elementor-top-column elementor-element elementor-element-53e73fc\" data-id=\"53e73fc\" data-element_type=\"column\" data-e-type=\"column\">\n\t\t\t<div class=\"elementor-widget-wrap elementor-element-populated\">\n\t\t\t\t\t\t<div class=\"elementor-element elementor-element-ab2f42c elementor-widget elementor-widget-heading\" data-id=\"ab2f42c\" data-element_type=\"widget\" data-e-type=\"widget\" data-widget_type=\"heading.default\">\n\t\t\t\t<div class=\"elementor-widget-container\">\n\t\t\t\t\t<h1 class=\"elementor-heading-title elementor-size-default\">DIE WEILER MARMORA\n<\/h1>\t\t\t\t<\/div>\n\t\t\t\t<\/div>\n\t\t\t\t\t<\/div>\n\t\t<\/div>\n\t\t\t\t\t<\/div>\n\t\t<\/section>\n\t\t\t\t<section class=\"elementor-section elementor-top-section elementor-element elementor-element-595366e elementor-section-boxed elementor-section-height-default elementor-section-height-default\" data-id=\"595366e\" data-element_type=\"section\" data-e-type=\"section\">\n\t\t\t\t\t\t<div class=\"elementor-container elementor-column-gap-default\">\n\t\t\t\t\t<div class=\"elementor-column elementor-col-50 elementor-top-column elementor-element elementor-element-d3c5d65\" data-id=\"d3c5d65\" data-element_type=\"column\" data-e-type=\"column\">\n\t\t\t<div class=\"elementor-widget-wrap elementor-element-populated\">\n\t\t\t\t\t\t<div class=\"elementor-element elementor-element-82127b2 elementor-widget__width-inherit elementor-widget elementor-widget-image\" data-id=\"82127b2\" data-element_type=\"widget\" data-e-type=\"widget\" data-widget_type=\"image.default\">\n\t\t\t\t<div class=\"elementor-widget-container\">\n\t\t\t\t\t\t\t\t\t\t\t\t\t\t\t<img fetchpriority=\"high\" decoding=\"async\" width=\"543\" height=\"451\" src=\"https:\/\/www.loupitavin.net\/wp-content\/uploads\/2023\/03\/borgate.webp\" class=\"attachment-large size-large wp-image-1515\" alt=\"borgate\" srcset=\"https:\/\/www.loupitavin.net\/wp-content\/uploads\/2023\/03\/borgate.webp 543w, https:\/\/www.loupitavin.net\/wp-content\/uploads\/2023\/03\/borgate-300x249.webp 300w\" sizes=\"(max-width: 543px) 100vw, 543px\" \/>\t\t\t\t\t\t\t\t\t\t\t\t\t\t\t<\/div>\n\t\t\t\t<\/div>\n\t\t\t\t\t<\/div>\n\t\t<\/div>\n\t\t\t\t<div class=\"elementor-column elementor-col-50 elementor-top-column elementor-element elementor-element-19d7a39\" data-id=\"19d7a39\" data-element_type=\"column\" data-e-type=\"column\">\n\t\t\t<div class=\"elementor-widget-wrap elementor-element-populated\">\n\t\t\t\t\t\t<div class=\"elementor-element elementor-element-de97bd0 elementor-widget elementor-widget-text-editor\" data-id=\"de97bd0\" data-element_type=\"widget\" data-e-type=\"widget\" data-widget_type=\"text-editor.default\">\n\t\t\t\t<div class=\"elementor-widget-container\">\n\t\t\t\t\t\t\t\t\t<p><strong>Die Weiler Marmora<\/strong> erstrecken sich einige hundert Meter voneinander entfernt an einer sonnigen K\u00fcste zwischen Wiesen und Weiden. Zwischen verfallenen Mauern und verlassenen H\u00e4usern verbirgt sich betr\u00e4chtlicher Reichtum.<\/p>\n<p>Von Locanda Lou<strong>Pitavin aus, im Weiler Finello,<\/strong>gehen Sie den kleinen Pfad zur gepflasterten Stra\u00dfe hinunter , biegen Sie rechts ab und nehmen <strong>Sie die kulturelle Route, die zur\u00fcck zum Weiler Biamondo f\u00fchrt,<\/strong> wo sich ein gro\u00dfes Heiligtum mit dem Datum von 1719 befindet, das rund herum gebaut wurde ein <strong>1719<\/strong>1553 mit einer <strong>1553<\/strong> Madonna thronender Pylon, der mit dem Kind thront und derzeit in den gut gebauten Holzaltar der Kirche eingebaut ist. Abgesehen von der Abzweigung zum Weiler Finello, geht es in Richtung San Sebastiano hinauf, eine erste Gruppe von H\u00e4usern auf der Stra\u00dfe, mit einer kleinen Schule und Steinportalen unter schwerem Gips, wo es sich lohnt, bei der dem Heiligen geweihten Kapelle Halt zu machen.kleines verstecktes Juwel der mittelalterlichen Kunst mit Gem\u00e4lden aus den <strong>1450er<\/strong> Jahren von Baleison .<\/p>\n\t\t\t\t\t\t\t\t<\/div>\n\t\t\t\t<\/div>\n\t\t\t\t\t<\/div>\n\t\t<\/div>\n\t\t\t\t\t<\/div>\n\t\t<\/section>\n\t\t\t\t<section class=\"elementor-section elementor-top-section elementor-element elementor-element-b9ce3ff elementor-section-boxed elementor-section-height-default elementor-section-height-default\" data-id=\"b9ce3ff\" data-element_type=\"section\" data-e-type=\"section\">\n\t\t\t\t\t\t<div class=\"elementor-container elementor-column-gap-default\">\n\t\t\t\t\t<div class=\"elementor-column elementor-col-100 elementor-top-column elementor-element elementor-element-1e8444b\" data-id=\"1e8444b\" data-element_type=\"column\" data-e-type=\"column\">\n\t\t\t<div class=\"elementor-widget-wrap elementor-element-populated\">\n\t\t\t\t\t\t<div class=\"elementor-element elementor-element-a9db5eb elementor-widget elementor-widget-text-editor\" data-id=\"a9db5eb\" data-element_type=\"widget\" data-e-type=\"widget\" data-widget_type=\"text-editor.default\">\n\t\t\t\t<div class=\"elementor-widget-container\">\n\t\t\t\t\t\t\t\t\t<p>Entlang der verfallenen&nbsp;<strong>M\u00fchlen-S\u00e4gem\u00fchle<\/strong>, &nbsp;wo Sie an einer Wand ein Fresko von Boneto da Paesana sehen k\u00f6nnen, f\u00fchrt ein Feldweg zum Weiler Torello. Hier&nbsp;hat <strong>Boneto<\/strong> &nbsp;drei Fresken hinterlassen, und es gibt ein Haus mit Segelfassade, runden S\u00e4ulen und abgeh\u00e4ngten R\u00e4umen.<\/p>\n<p><strong>Borgata Garino<\/strong> &nbsp;ist nur wenige Meter entfernt: An der Wand eines Hauses befindet sich ein sehr originelles Steinpfostenfenster, das mit einer anthropomorphen Figur geschnitzt ist. Von&nbsp;<strong>Turin<\/strong> &nbsp;aus f\u00fchrt ein alter Weg nach Tolosano , dem letzten Weiler an der Stra\u00dfe nach Colle di Esischie , der nicht wenige Gr\u00fcnde bietet. Andere Fresken von Boneto, aber vor allem ein gro\u00dfes Mehrfamilienhaus, das, wenn auch nicht wirklich restauriert, bereinigt wurde, ist zu einem kleinen Museum f\u00fcr Arbeit und Leben in diesen Bergen geworden, das leider geschlossen ist.<\/p>\n<p>Von&nbsp;<strong>Tolosano<\/strong>&nbsp; steigen Sie zwischen den L\u00e4rchen hinab und beobachten am Horizont die Weiden von Elva und die R\u00fcckseite des Monviso entlang der asphaltierten Stra\u00dfe. Ein kurzer Umweg f\u00fchrt uns nach&nbsp;<strong>Urzio, wo es das sch\u00f6nste Beispiel einer Segelfassade mit Steinportalen gibt. Die Route f\u00fchrt hinunter nach Arata.<\/strong> Rechts hinter diesem&nbsp;<strong>Arata<\/strong>&nbsp;e Weiler f\u00fchrt ein uralter, suggestiver Weg direkt nach&nbsp;<strong>Reinero<\/strong>, dem gr\u00f6\u00dften und vielleicht reichsten Dorf der Vergangenheit, an den zahlreichen H\u00e4usern (leider teilweise zusammengebrochen) zu urteilen. dass monumentale Portale und Stein\u00f6ffnungen erhalten. in&nbsp;<strong>1936<\/strong>&nbsp; lebten hier 69 Menschen, der Meister, der Schneider, der B\u00e4cker, der Schuster, der Pfarrer, der B\u00e4cker. Der gro\u00dfe Ofen des Dorfes aus dem Jahr 1557 kochte nach lokaler Tradition bis zu 80 Brote auf einmal. Von Reinero&nbsp;<strong>Parrocchia<\/strong>. Im Inneren befindet sich ein Taufbecken aus dem Anfang des f\u00fcnfzehnten Jahrhunderts, au\u00dfen Fresken aus derselben Zeit und man kann den Glockenturm mit Sprossenfenstern und T\u00fcrmen beobachten.<\/p>\n<p>Die Route geht weiter und&nbsp;<strong>borgata Superiore<\/strong>, ein St\u00fcck weiter unten, zwischen Wiesen, die den sp\u00e4ten Fr\u00fchling mit sehr abwechslungsreichen Blumen abdecken, liegt das kleine&nbsp;<strong>borgata Sod\u00e0<\/strong>, ein intaktes Juwel der alpinen Siedlung, und Serre mit seinem kleinen Ofen neben dem Stra\u00dfe . Von hier f\u00fchrt uns ein Weg direkt nach&nbsp;<strong>Brieis<\/strong>.&nbsp;<\/p><p>Sehr interessant ist der Ofen, der sich \u00fcber dem Brunnen an den Felsen lehnt. Das charakteristische Dach hat eine einzige Neigung. Die gegen\u00fcberliegende Kapelle ist der&nbsp;<strong>Santissima Trinit\u00e0,<\/strong>&nbsp;, wie wir in der Kartusche des Freskos an der Fassade lesen, verschlechterte sich eher. Neben einigen sch\u00f6nen H\u00e4usern im oberen Teil des Dorfes gibt es einen bemerkenswerten Turm, der nur die anderen Geb\u00e4ude \u00fcberblickt, mit einem Satteldach (der &#8220;Fall des Vorfahren&#8221; nach lokaler Tradition).&nbsp;<\/p><p>Von <b>Brieis<\/b> aus beginnt der Weg, manchmal steil, aber insgesamt angenehm, der direkt&nbsp;<strong>Vernetti<\/strong>, dem unteren Sitz des Rathauses, erreicht. Hier fand am&nbsp;<strong>Fiero di Debit<\/strong>&nbsp;13. September der ber\u00fchmte Fiero di Debit statt, ein wichtiger Termin f\u00fcr eine Gemeinde, die von Weiden und Tieren lebte. Eine bequeme Kutschstra\u00dfe f\u00fchrt das Tal hinunter, die die Werkstatt des Schmiedes (jetzt ein Privathaus) flankiert, und rechts biegt man auf den Pfad ab, der zum Gasthaus f\u00fchrt.<\/p>\t\t\t\t\t\t\t\t<\/div>\n\t\t\t\t<\/div>\n\t\t\t\t\t<\/div>\n\t\t<\/div>\n\t\t\t\t\t<\/div>\n\t\t<\/section>\n\t\t\t\t<section class=\"elementor-section elementor-top-section elementor-element elementor-element-3cc95a7 elementor-section-boxed elementor-section-height-default elementor-section-height-default\" data-id=\"3cc95a7\" data-element_type=\"section\" data-e-type=\"section\">\n\t\t\t\t\t\t<div class=\"elementor-container elementor-column-gap-default\">\n\t\t\t\t\t<div class=\"elementor-column elementor-col-50 elementor-top-column elementor-element elementor-element-ffbe93f\" data-id=\"ffbe93f\" data-element_type=\"column\" data-e-type=\"column\">\n\t\t\t<div class=\"elementor-widget-wrap elementor-element-populated\">\n\t\t\t\t\t\t<div class=\"elementor-element elementor-element-cb001e4 elementor-align-center elementor-widget elementor-widget-button\" data-id=\"cb001e4\" data-element_type=\"widget\" data-e-type=\"widget\" data-widget_type=\"button.default\">\n\t\t\t\t<div class=\"elementor-widget-container\">\n\t\t\t\t\t\t\t\t\t<div class=\"elementor-button-wrapper\">\n\t\t\t\t\t<a class=\"elementor-button elementor-button-link elementor-size-lg\" href=\"https:\/\/www.loupitavin.net\/wp-content\/uploads\/2023\/02\/Anello-delle-Borgate-di-Marmora.gpx\">\n\t\t\t\t\t\t<span class=\"elementor-button-content-wrapper\">\n\t\t\t\t\t\t<span class=\"elementor-button-icon\">\n\t\t\t\t<i aria-hidden=\"true\" class=\"fas fa-location-arrow\"><\/i>\t\t\t<\/span>\n\t\t\t\t\t\t\t\t\t<span class=\"elementor-button-text\">GPS SPUR ANELLO BORGATE<\/span>\n\t\t\t\t\t<\/span>\n\t\t\t\t\t<\/a>\n\t\t\t\t<\/div>\n\t\t\t\t\t\t\t\t<\/div>\n\t\t\t\t<\/div>\n\t\t\t\t\t<\/div>\n\t\t<\/div>\n\t\t\t\t<div class=\"elementor-column elementor-col-50 elementor-top-column elementor-element elementor-element-29bfa4b\" data-id=\"29bfa4b\" data-element_type=\"column\" data-e-type=\"column\">\n\t\t\t<div class=\"elementor-widget-wrap elementor-element-populated\">\n\t\t\t\t\t\t<div class=\"elementor-element elementor-element-cd08251 elementor-align-center elementor-widget elementor-widget-button\" data-id=\"cd08251\" data-element_type=\"widget\" data-e-type=\"widget\" data-widget_type=\"button.default\">\n\t\t\t\t<div class=\"elementor-widget-container\">\n\t\t\t\t\t\t\t\t\t<div class=\"elementor-button-wrapper\">\n\t\t\t\t\t<a class=\"elementor-button elementor-button-link elementor-size-lg\" href=\"https:\/\/www.loupitavin.net\/wp-content\/uploads\/2023\/02\/L3-Borgate-di-Marmora.gpx\">\n\t\t\t\t\t\t<span class=\"elementor-button-content-wrapper\">\n\t\t\t\t\t\t<span class=\"elementor-button-icon\">\n\t\t\t\t<i aria-hidden=\"true\" class=\"fas fa-location-arrow\"><\/i>\t\t\t<\/span>\n\t\t\t\t\t\t\t\t\t<span class=\"elementor-button-text\">GPS SPUR BORGATE MARMORA<\/span>\n\t\t\t\t\t<\/span>\n\t\t\t\t\t<\/a>\n\t\t\t\t<\/div>\n\t\t\t\t\t\t\t\t<\/div>\n\t\t\t\t<\/div>\n\t\t\t\t\t<\/div>\n\t\t<\/div>\n\t\t\t\t\t<\/div>\n\t\t<\/section>\n\t\t\t\t<\/div>\n\t\t","protected":false},"excerpt":{"rendered":"<p>DIE WEILER MARMORA Die Weiler Marmora erstrecken sich einige hundert Meter voneinander entfernt an einer sonnigen K\u00fcste zwischen Wiesen und Weiden. Zwischen verfallenen Mauern und verlassenen H\u00e4usern verbirgt sich betr\u00e4chtlicher Reichtum. Von Locanda LouPitavin aus, im Weiler Finello,gehen Sie den kleinen Pfad zur gepflasterten Stra\u00dfe hinunter , biegen Sie rechts ab und nehmen Sie die &#8230; <a title=\"Die Weiler Marmora\" class=\"read-more\" href=\"https:\/\/www.loupitavin.net\/de\/exkursionen\/die-weiler-marmora\/\" aria-label=\"Mehr Informationen \u00fcber Die Weiler Marmora\">Weiterlesen &#8230;<\/a><\/p>\n","protected":false},"author":1,"featured_media":0,"parent":3680,"menu_order":0,"comment_status":"closed","ping_status":"closed","template":"template-gutentor-full-width.php","meta":{"footnotes":""},"class_list":["post-3678","page","type-page","status-publish"],"yoast_head":"<!-- This site is optimized with the Yoast SEO plugin v27.3 - https:\/\/yoast.com\/product\/yoast-seo-wordpress\/ -->\n<title>Exkursion Die Weiler Marmora | Lou Pitavin<\/title>\n<meta name=\"description\" content=\"Entdecken Sie die malerischen D\u00f6rfer von Marmora auf einem spannenden Spaziergang unter der Leitung von Lou Pitavin. Atemberaubende Landschaften und die Geschichte der Region warten auf Sie.\" \/>\n<meta name=\"robots\" content=\"index, follow, max-snippet:-1, max-image-preview:large, max-video-preview:-1\" \/>\n<link rel=\"canonical\" href=\"https:\/\/www.loupitavin.net\/de\/exkursionen\/die-weiler-marmora\/\" \/>\n<meta property=\"og:locale\" content=\"de_DE\" \/>\n<meta property=\"og:type\" content=\"article\" \/>\n<meta property=\"og:title\" content=\"Exkursion Die Weiler Marmora | Lou Pitavin\" \/>\n<meta property=\"og:description\" content=\"Entdecken Sie die malerischen D\u00f6rfer von Marmora auf einem spannenden Spaziergang unter der Leitung von Lou Pitavin. Atemberaubende Landschaften und die Geschichte der Region warten auf Sie.\" \/>\n<meta property=\"og:url\" content=\"https:\/\/www.loupitavin.net\/de\/exkursionen\/die-weiler-marmora\/\" \/>\n<meta property=\"og:site_name\" content=\"Loupitavin\" \/>\n<meta property=\"article:publisher\" content=\"https:\/\/www.facebook.com\/people\/LOCANDA-LOU-PITAVIN\/100063467776264\/\" \/>\n<meta property=\"article:modified_time\" content=\"2023-04-24T14:25:21+00:00\" \/>\n<meta property=\"og:image\" content=\"https:\/\/www.loupitavin.net\/wp-content\/uploads\/2023\/03\/borgate.webp\" \/>\n<meta name=\"twitter:card\" content=\"summary_large_image\" \/>\n<meta name=\"twitter:label1\" content=\"Gesch\u00e4tzte Lesezeit\" \/>\n\t<meta name=\"twitter:data1\" content=\"4\u00a0Minuten\" \/>\n<script type=\"application\/ld+json\" class=\"yoast-schema-graph\">{\"@context\":\"https:\\\/\\\/schema.org\",\"@graph\":[{\"@type\":\"WebPage\",\"@id\":\"https:\\\/\\\/www.loupitavin.net\\\/de\\\/exkursionen\\\/die-weiler-marmora\\\/\",\"url\":\"https:\\\/\\\/www.loupitavin.net\\\/de\\\/exkursionen\\\/die-weiler-marmora\\\/\",\"name\":\"Exkursion Die Weiler Marmora | Lou Pitavin\",\"isPartOf\":{\"@id\":\"https:\\\/\\\/www.loupitavin.net\\\/de\\\/#website\"},\"primaryImageOfPage\":{\"@id\":\"https:\\\/\\\/www.loupitavin.net\\\/de\\\/exkursionen\\\/die-weiler-marmora\\\/#primaryimage\"},\"image\":{\"@id\":\"https:\\\/\\\/www.loupitavin.net\\\/de\\\/exkursionen\\\/die-weiler-marmora\\\/#primaryimage\"},\"thumbnailUrl\":\"https:\\\/\\\/www.loupitavin.net\\\/wp-content\\\/uploads\\\/2023\\\/03\\\/borgate.webp\",\"datePublished\":\"2023-03-21T07:36:06+00:00\",\"dateModified\":\"2023-04-24T14:25:21+00:00\",\"description\":\"Entdecken Sie die malerischen D\u00f6rfer von Marmora auf einem spannenden Spaziergang unter der Leitung von Lou Pitavin. Atemberaubende Landschaften und die Geschichte der Region warten auf Sie.\",\"breadcrumb\":{\"@id\":\"https:\\\/\\\/www.loupitavin.net\\\/de\\\/exkursionen\\\/die-weiler-marmora\\\/#breadcrumb\"},\"inLanguage\":\"de\",\"potentialAction\":[{\"@type\":\"ReadAction\",\"target\":[\"https:\\\/\\\/www.loupitavin.net\\\/de\\\/exkursionen\\\/die-weiler-marmora\\\/\"]}]},{\"@type\":\"ImageObject\",\"inLanguage\":\"de\",\"@id\":\"https:\\\/\\\/www.loupitavin.net\\\/de\\\/exkursionen\\\/die-weiler-marmora\\\/#primaryimage\",\"url\":\"https:\\\/\\\/www.loupitavin.net\\\/wp-content\\\/uploads\\\/2023\\\/03\\\/borgate.webp\",\"contentUrl\":\"https:\\\/\\\/www.loupitavin.net\\\/wp-content\\\/uploads\\\/2023\\\/03\\\/borgate.webp\"},{\"@type\":\"BreadcrumbList\",\"@id\":\"https:\\\/\\\/www.loupitavin.net\\\/de\\\/exkursionen\\\/die-weiler-marmora\\\/#breadcrumb\",\"itemListElement\":[{\"@type\":\"ListItem\",\"position\":1,\"name\":\"Home\",\"item\":\"https:\\\/\\\/www.loupitavin.net\\\/de\\\/\"},{\"@type\":\"ListItem\",\"position\":2,\"name\":\"Die Weiler Marmora\"}]},{\"@type\":\"WebSite\",\"@id\":\"https:\\\/\\\/www.loupitavin.net\\\/de\\\/#website\",\"url\":\"https:\\\/\\\/www.loupitavin.net\\\/de\\\/\",\"name\":\"Lou Pitavin\",\"description\":\"Locanda a Marmora Valle Maira\",\"publisher\":{\"@id\":\"https:\\\/\\\/www.loupitavin.net\\\/de\\\/#organization\"},\"potentialAction\":[{\"@type\":\"SearchAction\",\"target\":{\"@type\":\"EntryPoint\",\"urlTemplate\":\"https:\\\/\\\/www.loupitavin.net\\\/de\\\/?s={search_term_string}\"},\"query-input\":{\"@type\":\"PropertyValueSpecification\",\"valueRequired\":true,\"valueName\":\"search_term_string\"}}],\"inLanguage\":\"de\"},{\"@type\":\"Organization\",\"@id\":\"https:\\\/\\\/www.loupitavin.net\\\/de\\\/#organization\",\"name\":\"Lou Pitavin\",\"alternateName\":\"Lou Pitavin Locanda a Marmora Valle Maira\",\"url\":\"https:\\\/\\\/www.loupitavin.net\\\/de\\\/\",\"logo\":{\"@type\":\"ImageObject\",\"inLanguage\":\"de\",\"@id\":\"https:\\\/\\\/www.loupitavin.net\\\/de\\\/#\\\/schema\\\/logo\\\/image\\\/\",\"url\":\"https:\\\/\\\/www.loupitavin.net\\\/wp-content\\\/uploads\\\/2023\\\/03\\\/cropped-cropped-logo-scuro1-e1679919910685.png\",\"contentUrl\":\"https:\\\/\\\/www.loupitavin.net\\\/wp-content\\\/uploads\\\/2023\\\/03\\\/cropped-cropped-logo-scuro1-e1679919910685.png\",\"width\":566,\"height\":601,\"caption\":\"Lou Pitavin\"},\"image\":{\"@id\":\"https:\\\/\\\/www.loupitavin.net\\\/de\\\/#\\\/schema\\\/logo\\\/image\\\/\"},\"sameAs\":[\"https:\\\/\\\/www.facebook.com\\\/people\\\/LOCANDA-LOU-PITAVIN\\\/100063467776264\\\/\",\"https:\\\/\\\/www.instagram.com\\\/locandaloupitavin\\\/?hl=tl\"]}]}<\/script>\n<!-- \/ Yoast SEO plugin. -->","yoast_head_json":{"title":"Exkursion Die Weiler Marmora | Lou Pitavin","description":"Entdecken Sie die malerischen D\u00f6rfer von Marmora auf einem spannenden Spaziergang unter der Leitung von Lou Pitavin. Atemberaubende Landschaften und die Geschichte der Region warten auf Sie.","robots":{"index":"index","follow":"follow","max-snippet":"max-snippet:-1","max-image-preview":"max-image-preview:large","max-video-preview":"max-video-preview:-1"},"canonical":"https:\/\/www.loupitavin.net\/de\/exkursionen\/die-weiler-marmora\/","og_locale":"de_DE","og_type":"article","og_title":"Exkursion Die Weiler Marmora | Lou Pitavin","og_description":"Entdecken Sie die malerischen D\u00f6rfer von Marmora auf einem spannenden Spaziergang unter der Leitung von Lou Pitavin. Atemberaubende Landschaften und die Geschichte der Region warten auf Sie.","og_url":"https:\/\/www.loupitavin.net\/de\/exkursionen\/die-weiler-marmora\/","og_site_name":"Loupitavin","article_publisher":"https:\/\/www.facebook.com\/people\/LOCANDA-LOU-PITAVIN\/100063467776264\/","article_modified_time":"2023-04-24T14:25:21+00:00","og_image":[{"url":"https:\/\/www.loupitavin.net\/wp-content\/uploads\/2023\/03\/borgate.webp","type":"","width":"","height":""}],"twitter_card":"summary_large_image","twitter_misc":{"Gesch\u00e4tzte Lesezeit":"4\u00a0Minuten"},"schema":{"@context":"https:\/\/schema.org","@graph":[{"@type":"WebPage","@id":"https:\/\/www.loupitavin.net\/de\/exkursionen\/die-weiler-marmora\/","url":"https:\/\/www.loupitavin.net\/de\/exkursionen\/die-weiler-marmora\/","name":"Exkursion Die Weiler Marmora | Lou Pitavin","isPartOf":{"@id":"https:\/\/www.loupitavin.net\/de\/#website"},"primaryImageOfPage":{"@id":"https:\/\/www.loupitavin.net\/de\/exkursionen\/die-weiler-marmora\/#primaryimage"},"image":{"@id":"https:\/\/www.loupitavin.net\/de\/exkursionen\/die-weiler-marmora\/#primaryimage"},"thumbnailUrl":"https:\/\/www.loupitavin.net\/wp-content\/uploads\/2023\/03\/borgate.webp","datePublished":"2023-03-21T07:36:06+00:00","dateModified":"2023-04-24T14:25:21+00:00","description":"Entdecken Sie die malerischen D\u00f6rfer von Marmora auf einem spannenden Spaziergang unter der Leitung von Lou Pitavin. Atemberaubende Landschaften und die Geschichte der Region warten auf Sie.","breadcrumb":{"@id":"https:\/\/www.loupitavin.net\/de\/exkursionen\/die-weiler-marmora\/#breadcrumb"},"inLanguage":"de","potentialAction":[{"@type":"ReadAction","target":["https:\/\/www.loupitavin.net\/de\/exkursionen\/die-weiler-marmora\/"]}]},{"@type":"ImageObject","inLanguage":"de","@id":"https:\/\/www.loupitavin.net\/de\/exkursionen\/die-weiler-marmora\/#primaryimage","url":"https:\/\/www.loupitavin.net\/wp-content\/uploads\/2023\/03\/borgate.webp","contentUrl":"https:\/\/www.loupitavin.net\/wp-content\/uploads\/2023\/03\/borgate.webp"},{"@type":"BreadcrumbList","@id":"https:\/\/www.loupitavin.net\/de\/exkursionen\/die-weiler-marmora\/#breadcrumb","itemListElement":[{"@type":"ListItem","position":1,"name":"Home","item":"https:\/\/www.loupitavin.net\/de\/"},{"@type":"ListItem","position":2,"name":"Die Weiler Marmora"}]},{"@type":"WebSite","@id":"https:\/\/www.loupitavin.net\/de\/#website","url":"https:\/\/www.loupitavin.net\/de\/","name":"Lou Pitavin","description":"Locanda a Marmora Valle Maira","publisher":{"@id":"https:\/\/www.loupitavin.net\/de\/#organization"},"potentialAction":[{"@type":"SearchAction","target":{"@type":"EntryPoint","urlTemplate":"https:\/\/www.loupitavin.net\/de\/?s={search_term_string}"},"query-input":{"@type":"PropertyValueSpecification","valueRequired":true,"valueName":"search_term_string"}}],"inLanguage":"de"},{"@type":"Organization","@id":"https:\/\/www.loupitavin.net\/de\/#organization","name":"Lou Pitavin","alternateName":"Lou Pitavin Locanda a Marmora Valle Maira","url":"https:\/\/www.loupitavin.net\/de\/","logo":{"@type":"ImageObject","inLanguage":"de","@id":"https:\/\/www.loupitavin.net\/de\/#\/schema\/logo\/image\/","url":"https:\/\/www.loupitavin.net\/wp-content\/uploads\/2023\/03\/cropped-cropped-logo-scuro1-e1679919910685.png","contentUrl":"https:\/\/www.loupitavin.net\/wp-content\/uploads\/2023\/03\/cropped-cropped-logo-scuro1-e1679919910685.png","width":566,"height":601,"caption":"Lou Pitavin"},"image":{"@id":"https:\/\/www.loupitavin.net\/de\/#\/schema\/logo\/image\/"},"sameAs":["https:\/\/www.facebook.com\/people\/LOCANDA-LOU-PITAVIN\/100063467776264\/","https:\/\/www.instagram.com\/locandaloupitavin\/?hl=tl"]}]}},"jetpack_sharing_enabled":true,"_links":{"self":[{"href":"https:\/\/www.loupitavin.net\/de\/wp-json\/wp\/v2\/pages\/3678","targetHints":{"allow":["GET"]}}],"collection":[{"href":"https:\/\/www.loupitavin.net\/de\/wp-json\/wp\/v2\/pages"}],"about":[{"href":"https:\/\/www.loupitavin.net\/de\/wp-json\/wp\/v2\/types\/page"}],"author":[{"embeddable":true,"href":"https:\/\/www.loupitavin.net\/de\/wp-json\/wp\/v2\/users\/1"}],"replies":[{"embeddable":true,"href":"https:\/\/www.loupitavin.net\/de\/wp-json\/wp\/v2\/comments?post=3678"}],"version-history":[{"count":1,"href":"https:\/\/www.loupitavin.net\/de\/wp-json\/wp\/v2\/pages\/3678\/revisions"}],"predecessor-version":[{"id":3679,"href":"https:\/\/www.loupitavin.net\/de\/wp-json\/wp\/v2\/pages\/3678\/revisions\/3679"}],"up":[{"embeddable":true,"href":"https:\/\/www.loupitavin.net\/de\/wp-json\/wp\/v2\/pages\/3680"}],"wp:attachment":[{"href":"https:\/\/www.loupitavin.net\/de\/wp-json\/wp\/v2\/media?parent=3678"}],"curies":[{"name":"wp","href":"https:\/\/api.w.org\/{rel}","templated":true}]}}