{"id":3676,"date":"2023-03-21T10:32:59","date_gmt":"2023-03-21T10:32:59","guid":{"rendered":"https:\/\/www.loupitavin.net\/costa-chiggia-und-monte-buch\/"},"modified":"2023-04-24T14:14:56","modified_gmt":"2023-04-24T14:14:56","slug":"costa-chiggia-und-monte-buch","status":"publish","type":"page","link":"https:\/\/www.loupitavin.net\/de\/exkursionen\/costa-chiggia-und-monte-buch\/","title":{"rendered":"Costa Chiggia und Monte Buch"},"content":{"rendered":"\t\t<div data-elementor-type=\"wp-page\" data-elementor-id=\"3676\" class=\"elementor elementor-3676 elementor-1622\" data-elementor-post-type=\"page\">\n\t\t\t\t\t\t<section class=\"elementor-section elementor-top-section elementor-element elementor-element-3206e52 elementor-section-boxed elementor-section-height-default elementor-section-height-default\" data-id=\"3206e52\" data-element_type=\"section\" data-e-type=\"section\">\n\t\t\t\t\t\t<div class=\"elementor-container elementor-column-gap-default\">\n\t\t\t\t\t<div class=\"elementor-column elementor-col-100 elementor-top-column elementor-element elementor-element-c4afaf3\" data-id=\"c4afaf3\" data-element_type=\"column\" data-e-type=\"column\">\n\t\t\t<div class=\"elementor-widget-wrap elementor-element-populated\">\n\t\t\t\t\t\t<div class=\"elementor-element elementor-element-ab2f42c elementor-widget elementor-widget-heading\" data-id=\"ab2f42c\" data-element_type=\"widget\" data-e-type=\"widget\" data-widget_type=\"heading.default\">\n\t\t\t\t<div class=\"elementor-widget-container\">\n\t\t\t\t\t<h1 class=\"elementor-heading-title elementor-size-default\">COSTA CHIGGIA UND MONTE BUCH<\/h1>\t\t\t\t<\/div>\n\t\t\t\t<\/div>\n\t\t\t\t\t<\/div>\n\t\t<\/div>\n\t\t\t\t\t<\/div>\n\t\t<\/section>\n\t\t\t\t<section class=\"elementor-section elementor-top-section elementor-element elementor-element-3e76689 elementor-section-boxed elementor-section-height-default elementor-section-height-default\" data-id=\"3e76689\" data-element_type=\"section\" data-e-type=\"section\">\n\t\t\t\t\t\t<div class=\"elementor-container elementor-column-gap-default\">\n\t\t\t\t\t<div class=\"elementor-column elementor-col-50 elementor-top-column elementor-element elementor-element-c49a2e9\" data-id=\"c49a2e9\" data-element_type=\"column\" data-e-type=\"column\">\n\t\t\t<div class=\"elementor-widget-wrap elementor-element-populated\">\n\t\t\t\t\t\t<div class=\"elementor-element elementor-element-82127b2 elementor-widget__width-inherit elementor-widget elementor-widget-image\" data-id=\"82127b2\" data-element_type=\"widget\" data-e-type=\"widget\" data-widget_type=\"image.default\">\n\t\t\t\t<div class=\"elementor-widget-container\">\n\t\t\t\t\t\t\t\t\t\t\t\t\t\t\t<img fetchpriority=\"high\" decoding=\"async\" width=\"720\" height=\"530\" src=\"https:\/\/www.loupitavin.net\/wp-content\/uploads\/2023\/03\/costa.webp\" class=\"attachment-large size-large wp-image-1507\" alt=\"costa\" srcset=\"https:\/\/www.loupitavin.net\/wp-content\/uploads\/2023\/03\/costa.webp 720w, https:\/\/www.loupitavin.net\/wp-content\/uploads\/2023\/03\/costa-600x442.webp 600w, https:\/\/www.loupitavin.net\/wp-content\/uploads\/2023\/03\/costa-300x221.webp 300w\" sizes=\"(max-width: 720px) 100vw, 720px\" \/>\t\t\t\t\t\t\t\t\t\t\t\t\t\t\t<\/div>\n\t\t\t\t<\/div>\n\t\t\t\t\t<\/div>\n\t\t<\/div>\n\t\t\t\t<div class=\"elementor-column elementor-col-50 elementor-top-column elementor-element elementor-element-3e310ba\" data-id=\"3e310ba\" data-element_type=\"column\" data-e-type=\"column\">\n\t\t\t<div class=\"elementor-widget-wrap elementor-element-populated\">\n\t\t\t\t\t\t<div class=\"elementor-element elementor-element-de97bd0 elementor-widget elementor-widget-text-editor\" data-id=\"de97bd0\" data-element_type=\"widget\" data-e-type=\"widget\" data-widget_type=\"text-editor.default\">\n\t\t\t\t<div class=\"elementor-widget-container\">\n\t\t\t\t\t\t\t\t\t<p>F\u00fcr diesen Ausflug k\u00f6nnen Sie das Auto in der <strong>Pfarrei Marmora<\/strong> abstellen , auf dem gro\u00dfen Parkplatz, der der Kirche vorgelagert ist. Von hier gibt es eine doppelte M\u00f6glichkeit: Folgen Sie der asphaltierten Stra\u00dfe , die mit einem breiteren und s\u00fc\u00dferen Pfad nach links f\u00fchrt , oder folgen Sie den gut markierten Wegweisern, die steiler und direkter auf den <strong>Monte Festa<\/strong> gelangen , um auf die jetzt nicht asphaltierte Stra\u00dfe an der H\u00fctten von Sagna Rotonda .<\/p>\n<p>Von hier aus lohnt es sich, bei sehr sanften H\u00e4ngen den <strong>Colle Intersile<\/strong> links vom oben genannten Monte Festa zu erreichen , wobei die Spur nahe einer Mulde liegt . Durch Wiesen in der N\u00e4he des Gipfelkamms geht es hinauf zum Gipfel der <strong>Costa Chiggia<\/strong> und dann weiter auf der Wasserscheide hinauf zum <strong>Monte Buch<\/strong> .<\/p>\n<p>Die Sch\u00f6nheit der Exkursion ist das weite Panorama, das auf dem Alpenkreis von der Dronerese-Ebene bis zur Grenze mit Frankreich genossen werden kann, wobei die imposante Masse von <strong>Monviso<\/strong> \u00fcberschritten wird. F\u00fcr diejenigen, die die Orte kennen (oder mithilfe einer Karte), ist dies alles eine Abfolge bekannter Gipfel, ein Observatorium von seltener Sch\u00f6nheit \u00fcber das gesamte Maira Valley.<\/p>\n<p>Von der Spitze des <strong>Buchs<\/strong> aus kann man wieder hinunter in die H\u00f6hle gehen , wo sich ein neuer Feldweg mit dem Startpunkt verbindet. Zur\u00fcck im L\u00e4rchenwald, vergessen Sie nicht , die isolierte Kapelle San Teodoro , den Besch\u00fctzer der Weiden, zu besuchen , von der Sie einen herrlichen Blick \u00fcber das Tal der Preit im Gebiet von <strong>Canosio<\/strong> genie\u00dfen k\u00f6nnen .<\/p>\n<p>Und wenn Sie von der Landschaft verzaubert wurden, stellen Sie sich im Winter vor, dass Sie mit Schnee unterwegs sind: Sie werden sicherlich mit Schneeschuhen zu Ihren F\u00fc\u00dfen (hier nennen wir sie <strong>ciastre<\/strong>) oder mit Alpinskis einen klassischen Ausflug machen wollen die Ans\u00e4tze f\u00fcr diese sportliche Disziplin.<\/p>\n\t\t\t\t\t\t\t\t<\/div>\n\t\t\t\t<\/div>\n\t\t\t\t\t<\/div>\n\t\t<\/div>\n\t\t\t\t\t<\/div>\n\t\t<\/section>\n\t\t\t\t<section class=\"elementor-section elementor-top-section elementor-element elementor-element-c804fbb elementor-section-boxed elementor-section-height-default elementor-section-height-default\" data-id=\"c804fbb\" data-element_type=\"section\" data-e-type=\"section\">\n\t\t\t\t\t\t<div class=\"elementor-container elementor-column-gap-default\">\n\t\t\t\t\t<div class=\"elementor-column elementor-col-100 elementor-top-column elementor-element elementor-element-3af21b9\" data-id=\"3af21b9\" data-element_type=\"column\" data-e-type=\"column\">\n\t\t\t<div class=\"elementor-widget-wrap elementor-element-populated\">\n\t\t\t\t\t\t<div class=\"elementor-element elementor-element-bb31e14 elementor-align-center elementor-widget elementor-widget-button\" data-id=\"bb31e14\" data-element_type=\"widget\" data-e-type=\"widget\" data-widget_type=\"button.default\">\n\t\t\t\t<div class=\"elementor-widget-container\">\n\t\t\t\t\t\t\t\t\t<div class=\"elementor-button-wrapper\">\n\t\t\t\t\t<a class=\"elementor-button elementor-button-link elementor-size-lg\" href=\"https:\/\/www.loupitavin.net\/wp-content\/uploads\/2023\/02\/L2-Costa-Chiggia.gpx\">\n\t\t\t\t\t\t<span class=\"elementor-button-content-wrapper\">\n\t\t\t\t\t\t<span class=\"elementor-button-icon\">\n\t\t\t\t<i aria-hidden=\"true\" class=\"fas fa-location-arrow\"><\/i>\t\t\t<\/span>\n\t\t\t\t\t\t\t\t\t<span class=\"elementor-button-text\">GPS SPUR<\/span>\n\t\t\t\t\t<\/span>\n\t\t\t\t\t<\/a>\n\t\t\t\t<\/div>\n\t\t\t\t\t\t\t\t<\/div>\n\t\t\t\t<\/div>\n\t\t\t\t\t<\/div>\n\t\t<\/div>\n\t\t\t\t\t<\/div>\n\t\t<\/section>\n\t\t\t\t<\/div>\n\t\t","protected":false},"excerpt":{"rendered":"<p>COSTA CHIGGIA UND MONTE BUCH F\u00fcr diesen Ausflug k\u00f6nnen Sie das Auto in der Pfarrei Marmora abstellen , auf dem gro\u00dfen Parkplatz, der der Kirche vorgelagert ist. Von hier gibt es eine doppelte M\u00f6glichkeit: Folgen Sie der asphaltierten Stra\u00dfe , die mit einem breiteren und s\u00fc\u00dferen Pfad nach links f\u00fchrt , oder folgen Sie den &#8230; <a title=\"Costa Chiggia und Monte Buch\" class=\"read-more\" href=\"https:\/\/www.loupitavin.net\/de\/exkursionen\/costa-chiggia-und-monte-buch\/\" aria-label=\"Mehr Informationen \u00fcber Costa Chiggia und Monte Buch\">Weiterlesen &#8230;<\/a><\/p>\n","protected":false},"author":1,"featured_media":0,"parent":3680,"menu_order":0,"comment_status":"closed","ping_status":"closed","template":"template-gutentor-full-width.php","meta":{"footnotes":""},"class_list":["post-3676","page","type-page","status-publish"],"yoast_head":"<!-- This site is optimized with the Yoast SEO plugin v27.3 - https:\/\/yoast.com\/product\/yoast-seo-wordpress\/ -->\n<title>Exkursion Costa Chiggia und Monte Buch | Lou Pitavin<\/title>\n<meta name=\"description\" content=\"Costa Chiggia und Monte Buch erwarten Sie auf einem spannenden Ausflug, der von Lou Pitavin vorgeschlagen wird. Ein sch\u00f6ner Spaziergang in den Bergen!\" \/>\n<meta name=\"robots\" content=\"index, follow, max-snippet:-1, max-image-preview:large, max-video-preview:-1\" \/>\n<link rel=\"canonical\" href=\"https:\/\/www.loupitavin.net\/de\/exkursionen\/costa-chiggia-und-monte-buch\/\" \/>\n<meta property=\"og:locale\" content=\"de_DE\" \/>\n<meta property=\"og:type\" content=\"article\" \/>\n<meta property=\"og:title\" content=\"Exkursion Costa Chiggia und Monte Buch | Lou Pitavin\" \/>\n<meta property=\"og:description\" content=\"Costa Chiggia und Monte Buch erwarten Sie auf einem spannenden Ausflug, der von Lou Pitavin vorgeschlagen wird. Ein sch\u00f6ner Spaziergang in den Bergen!\" \/>\n<meta property=\"og:url\" content=\"https:\/\/www.loupitavin.net\/de\/exkursionen\/costa-chiggia-und-monte-buch\/\" \/>\n<meta property=\"og:site_name\" content=\"Loupitavin\" \/>\n<meta property=\"article:publisher\" content=\"https:\/\/www.facebook.com\/people\/LOCANDA-LOU-PITAVIN\/100063467776264\/\" \/>\n<meta property=\"article:modified_time\" content=\"2023-04-24T14:14:56+00:00\" \/>\n<meta property=\"og:image\" content=\"https:\/\/www.loupitavin.net\/wp-content\/uploads\/2023\/03\/costa.webp\" \/>\n<meta name=\"twitter:card\" content=\"summary_large_image\" \/>\n<meta name=\"twitter:label1\" content=\"Gesch\u00e4tzte Lesezeit\" \/>\n\t<meta name=\"twitter:data1\" content=\"2\u00a0Minuten\" \/>\n<script type=\"application\/ld+json\" class=\"yoast-schema-graph\">{\"@context\":\"https:\\\/\\\/schema.org\",\"@graph\":[{\"@type\":\"WebPage\",\"@id\":\"https:\\\/\\\/www.loupitavin.net\\\/de\\\/exkursionen\\\/costa-chiggia-und-monte-buch\\\/\",\"url\":\"https:\\\/\\\/www.loupitavin.net\\\/de\\\/exkursionen\\\/costa-chiggia-und-monte-buch\\\/\",\"name\":\"Exkursion Costa Chiggia und Monte Buch | Lou Pitavin\",\"isPartOf\":{\"@id\":\"https:\\\/\\\/www.loupitavin.net\\\/de\\\/#website\"},\"primaryImageOfPage\":{\"@id\":\"https:\\\/\\\/www.loupitavin.net\\\/de\\\/exkursionen\\\/costa-chiggia-und-monte-buch\\\/#primaryimage\"},\"image\":{\"@id\":\"https:\\\/\\\/www.loupitavin.net\\\/de\\\/exkursionen\\\/costa-chiggia-und-monte-buch\\\/#primaryimage\"},\"thumbnailUrl\":\"https:\\\/\\\/www.loupitavin.net\\\/wp-content\\\/uploads\\\/2023\\\/03\\\/costa.webp\",\"datePublished\":\"2023-03-21T10:32:59+00:00\",\"dateModified\":\"2023-04-24T14:14:56+00:00\",\"description\":\"Costa Chiggia und Monte Buch erwarten Sie auf einem spannenden Ausflug, der von Lou Pitavin vorgeschlagen wird. Ein sch\u00f6ner Spaziergang in den Bergen!\",\"breadcrumb\":{\"@id\":\"https:\\\/\\\/www.loupitavin.net\\\/de\\\/exkursionen\\\/costa-chiggia-und-monte-buch\\\/#breadcrumb\"},\"inLanguage\":\"de\",\"potentialAction\":[{\"@type\":\"ReadAction\",\"target\":[\"https:\\\/\\\/www.loupitavin.net\\\/de\\\/exkursionen\\\/costa-chiggia-und-monte-buch\\\/\"]}]},{\"@type\":\"ImageObject\",\"inLanguage\":\"de\",\"@id\":\"https:\\\/\\\/www.loupitavin.net\\\/de\\\/exkursionen\\\/costa-chiggia-und-monte-buch\\\/#primaryimage\",\"url\":\"https:\\\/\\\/www.loupitavin.net\\\/wp-content\\\/uploads\\\/2023\\\/03\\\/costa.webp\",\"contentUrl\":\"https:\\\/\\\/www.loupitavin.net\\\/wp-content\\\/uploads\\\/2023\\\/03\\\/costa.webp\"},{\"@type\":\"BreadcrumbList\",\"@id\":\"https:\\\/\\\/www.loupitavin.net\\\/de\\\/exkursionen\\\/costa-chiggia-und-monte-buch\\\/#breadcrumb\",\"itemListElement\":[{\"@type\":\"ListItem\",\"position\":1,\"name\":\"Home\",\"item\":\"https:\\\/\\\/www.loupitavin.net\\\/de\\\/\"},{\"@type\":\"ListItem\",\"position\":2,\"name\":\"Costa Chiggia und Monte Buch\"}]},{\"@type\":\"WebSite\",\"@id\":\"https:\\\/\\\/www.loupitavin.net\\\/de\\\/#website\",\"url\":\"https:\\\/\\\/www.loupitavin.net\\\/de\\\/\",\"name\":\"Lou Pitavin\",\"description\":\"Locanda a Marmora Valle Maira\",\"publisher\":{\"@id\":\"https:\\\/\\\/www.loupitavin.net\\\/de\\\/#organization\"},\"potentialAction\":[{\"@type\":\"SearchAction\",\"target\":{\"@type\":\"EntryPoint\",\"urlTemplate\":\"https:\\\/\\\/www.loupitavin.net\\\/de\\\/?s={search_term_string}\"},\"query-input\":{\"@type\":\"PropertyValueSpecification\",\"valueRequired\":true,\"valueName\":\"search_term_string\"}}],\"inLanguage\":\"de\"},{\"@type\":\"Organization\",\"@id\":\"https:\\\/\\\/www.loupitavin.net\\\/de\\\/#organization\",\"name\":\"Lou Pitavin\",\"alternateName\":\"Lou Pitavin Locanda a Marmora Valle Maira\",\"url\":\"https:\\\/\\\/www.loupitavin.net\\\/de\\\/\",\"logo\":{\"@type\":\"ImageObject\",\"inLanguage\":\"de\",\"@id\":\"https:\\\/\\\/www.loupitavin.net\\\/de\\\/#\\\/schema\\\/logo\\\/image\\\/\",\"url\":\"https:\\\/\\\/www.loupitavin.net\\\/wp-content\\\/uploads\\\/2023\\\/03\\\/cropped-cropped-logo-scuro1-e1679919910685.png\",\"contentUrl\":\"https:\\\/\\\/www.loupitavin.net\\\/wp-content\\\/uploads\\\/2023\\\/03\\\/cropped-cropped-logo-scuro1-e1679919910685.png\",\"width\":566,\"height\":601,\"caption\":\"Lou Pitavin\"},\"image\":{\"@id\":\"https:\\\/\\\/www.loupitavin.net\\\/de\\\/#\\\/schema\\\/logo\\\/image\\\/\"},\"sameAs\":[\"https:\\\/\\\/www.facebook.com\\\/people\\\/LOCANDA-LOU-PITAVIN\\\/100063467776264\\\/\",\"https:\\\/\\\/www.instagram.com\\\/locandaloupitavin\\\/?hl=tl\"]}]}<\/script>\n<!-- \/ Yoast SEO plugin. -->","yoast_head_json":{"title":"Exkursion Costa Chiggia und Monte Buch | Lou Pitavin","description":"Costa Chiggia und Monte Buch erwarten Sie auf einem spannenden Ausflug, der von Lou Pitavin vorgeschlagen wird. Ein sch\u00f6ner Spaziergang in den Bergen!","robots":{"index":"index","follow":"follow","max-snippet":"max-snippet:-1","max-image-preview":"max-image-preview:large","max-video-preview":"max-video-preview:-1"},"canonical":"https:\/\/www.loupitavin.net\/de\/exkursionen\/costa-chiggia-und-monte-buch\/","og_locale":"de_DE","og_type":"article","og_title":"Exkursion Costa Chiggia und Monte Buch | Lou Pitavin","og_description":"Costa Chiggia und Monte Buch erwarten Sie auf einem spannenden Ausflug, der von Lou Pitavin vorgeschlagen wird. Ein sch\u00f6ner Spaziergang in den Bergen!","og_url":"https:\/\/www.loupitavin.net\/de\/exkursionen\/costa-chiggia-und-monte-buch\/","og_site_name":"Loupitavin","article_publisher":"https:\/\/www.facebook.com\/people\/LOCANDA-LOU-PITAVIN\/100063467776264\/","article_modified_time":"2023-04-24T14:14:56+00:00","og_image":[{"url":"https:\/\/www.loupitavin.net\/wp-content\/uploads\/2023\/03\/costa.webp","type":"","width":"","height":""}],"twitter_card":"summary_large_image","twitter_misc":{"Gesch\u00e4tzte Lesezeit":"2\u00a0Minuten"},"schema":{"@context":"https:\/\/schema.org","@graph":[{"@type":"WebPage","@id":"https:\/\/www.loupitavin.net\/de\/exkursionen\/costa-chiggia-und-monte-buch\/","url":"https:\/\/www.loupitavin.net\/de\/exkursionen\/costa-chiggia-und-monte-buch\/","name":"Exkursion Costa Chiggia und Monte Buch | Lou Pitavin","isPartOf":{"@id":"https:\/\/www.loupitavin.net\/de\/#website"},"primaryImageOfPage":{"@id":"https:\/\/www.loupitavin.net\/de\/exkursionen\/costa-chiggia-und-monte-buch\/#primaryimage"},"image":{"@id":"https:\/\/www.loupitavin.net\/de\/exkursionen\/costa-chiggia-und-monte-buch\/#primaryimage"},"thumbnailUrl":"https:\/\/www.loupitavin.net\/wp-content\/uploads\/2023\/03\/costa.webp","datePublished":"2023-03-21T10:32:59+00:00","dateModified":"2023-04-24T14:14:56+00:00","description":"Costa Chiggia und Monte Buch erwarten Sie auf einem spannenden Ausflug, der von Lou Pitavin vorgeschlagen wird. Ein sch\u00f6ner Spaziergang in den Bergen!","breadcrumb":{"@id":"https:\/\/www.loupitavin.net\/de\/exkursionen\/costa-chiggia-und-monte-buch\/#breadcrumb"},"inLanguage":"de","potentialAction":[{"@type":"ReadAction","target":["https:\/\/www.loupitavin.net\/de\/exkursionen\/costa-chiggia-und-monte-buch\/"]}]},{"@type":"ImageObject","inLanguage":"de","@id":"https:\/\/www.loupitavin.net\/de\/exkursionen\/costa-chiggia-und-monte-buch\/#primaryimage","url":"https:\/\/www.loupitavin.net\/wp-content\/uploads\/2023\/03\/costa.webp","contentUrl":"https:\/\/www.loupitavin.net\/wp-content\/uploads\/2023\/03\/costa.webp"},{"@type":"BreadcrumbList","@id":"https:\/\/www.loupitavin.net\/de\/exkursionen\/costa-chiggia-und-monte-buch\/#breadcrumb","itemListElement":[{"@type":"ListItem","position":1,"name":"Home","item":"https:\/\/www.loupitavin.net\/de\/"},{"@type":"ListItem","position":2,"name":"Costa Chiggia und Monte Buch"}]},{"@type":"WebSite","@id":"https:\/\/www.loupitavin.net\/de\/#website","url":"https:\/\/www.loupitavin.net\/de\/","name":"Lou Pitavin","description":"Locanda a Marmora Valle Maira","publisher":{"@id":"https:\/\/www.loupitavin.net\/de\/#organization"},"potentialAction":[{"@type":"SearchAction","target":{"@type":"EntryPoint","urlTemplate":"https:\/\/www.loupitavin.net\/de\/?s={search_term_string}"},"query-input":{"@type":"PropertyValueSpecification","valueRequired":true,"valueName":"search_term_string"}}],"inLanguage":"de"},{"@type":"Organization","@id":"https:\/\/www.loupitavin.net\/de\/#organization","name":"Lou Pitavin","alternateName":"Lou Pitavin Locanda a Marmora Valle Maira","url":"https:\/\/www.loupitavin.net\/de\/","logo":{"@type":"ImageObject","inLanguage":"de","@id":"https:\/\/www.loupitavin.net\/de\/#\/schema\/logo\/image\/","url":"https:\/\/www.loupitavin.net\/wp-content\/uploads\/2023\/03\/cropped-cropped-logo-scuro1-e1679919910685.png","contentUrl":"https:\/\/www.loupitavin.net\/wp-content\/uploads\/2023\/03\/cropped-cropped-logo-scuro1-e1679919910685.png","width":566,"height":601,"caption":"Lou Pitavin"},"image":{"@id":"https:\/\/www.loupitavin.net\/de\/#\/schema\/logo\/image\/"},"sameAs":["https:\/\/www.facebook.com\/people\/LOCANDA-LOU-PITAVIN\/100063467776264\/","https:\/\/www.instagram.com\/locandaloupitavin\/?hl=tl"]}]}},"jetpack_sharing_enabled":true,"_links":{"self":[{"href":"https:\/\/www.loupitavin.net\/de\/wp-json\/wp\/v2\/pages\/3676","targetHints":{"allow":["GET"]}}],"collection":[{"href":"https:\/\/www.loupitavin.net\/de\/wp-json\/wp\/v2\/pages"}],"about":[{"href":"https:\/\/www.loupitavin.net\/de\/wp-json\/wp\/v2\/types\/page"}],"author":[{"embeddable":true,"href":"https:\/\/www.loupitavin.net\/de\/wp-json\/wp\/v2\/users\/1"}],"replies":[{"embeddable":true,"href":"https:\/\/www.loupitavin.net\/de\/wp-json\/wp\/v2\/comments?post=3676"}],"version-history":[{"count":1,"href":"https:\/\/www.loupitavin.net\/de\/wp-json\/wp\/v2\/pages\/3676\/revisions"}],"predecessor-version":[{"id":3677,"href":"https:\/\/www.loupitavin.net\/de\/wp-json\/wp\/v2\/pages\/3676\/revisions\/3677"}],"up":[{"embeddable":true,"href":"https:\/\/www.loupitavin.net\/de\/wp-json\/wp\/v2\/pages\/3680"}],"wp:attachment":[{"href":"https:\/\/www.loupitavin.net\/de\/wp-json\/wp\/v2\/media?parent=3676"}],"curies":[{"name":"wp","href":"https:\/\/api.w.org\/{rel}","templated":true}]}}