{"id":3674,"date":"2023-03-21T10:41:14","date_gmt":"2023-03-21T10:41:14","guid":{"rendered":"https:\/\/www.loupitavin.net\/auf-der-marmora-wallon\/"},"modified":"2023-04-24T14:10:48","modified_gmt":"2023-04-24T14:10:48","slug":"auf-der-marmora-wallon","status":"publish","type":"page","link":"https:\/\/www.loupitavin.net\/de\/exkursionen\/auf-der-marmora-wallon\/","title":{"rendered":"Auf Der Marmora Wallon"},"content":{"rendered":"\t\t<div data-elementor-type=\"wp-page\" data-elementor-id=\"3674\" class=\"elementor elementor-3674 elementor-1637\" data-elementor-post-type=\"page\">\n\t\t\t\t\t\t<section class=\"elementor-section elementor-top-section elementor-element elementor-element-722f6c6 elementor-section-boxed elementor-section-height-default elementor-section-height-default\" data-id=\"722f6c6\" data-element_type=\"section\" data-e-type=\"section\" data-settings=\"{&quot;background_background&quot;:&quot;classic&quot;}\">\n\t\t\t\t\t\t<div class=\"elementor-container elementor-column-gap-default\">\n\t\t\t\t\t<div class=\"elementor-column elementor-col-100 elementor-top-column elementor-element elementor-element-fc02e45\" data-id=\"fc02e45\" data-element_type=\"column\" data-e-type=\"column\" data-settings=\"{&quot;background_background&quot;:&quot;classic&quot;}\">\n\t\t\t<div class=\"elementor-widget-wrap elementor-element-populated\">\n\t\t\t\t\t\t<div class=\"elementor-element elementor-element-ab2f42c elementor-widget elementor-widget-heading\" data-id=\"ab2f42c\" data-element_type=\"widget\" data-e-type=\"widget\" data-widget_type=\"heading.default\">\n\t\t\t\t<div class=\"elementor-widget-container\">\n\t\t\t\t\t<h1 class=\"elementor-heading-title elementor-size-default\">AUF DER MARMORA WALLON\n<\/h1>\t\t\t\t<\/div>\n\t\t\t\t<\/div>\n\t\t\t\t<div class=\"elementor-element elementor-element-82127b2 elementor-widget__width-inherit elementor-widget elementor-widget-image\" data-id=\"82127b2\" data-element_type=\"widget\" data-e-type=\"widget\" data-widget_type=\"image.default\">\n\t\t\t\t<div class=\"elementor-widget-container\">\n\t\t\t\t\t\t\t\t\t\t\t\t\t\t\t<img fetchpriority=\"high\" decoding=\"async\" width=\"720\" height=\"530\" src=\"https:\/\/www.loupitavin.net\/wp-content\/uploads\/2023\/03\/marmora.webp\" class=\"attachment-large size-large wp-image-1495\" alt=\"marmora\" srcset=\"https:\/\/www.loupitavin.net\/wp-content\/uploads\/2023\/03\/marmora.webp 720w, https:\/\/www.loupitavin.net\/wp-content\/uploads\/2023\/03\/marmora-600x442.webp 600w, https:\/\/www.loupitavin.net\/wp-content\/uploads\/2023\/03\/marmora-300x221.webp 300w\" sizes=\"(max-width: 720px) 100vw, 720px\" \/>\t\t\t\t\t\t\t\t\t\t\t\t\t\t\t<\/div>\n\t\t\t\t<\/div>\n\t\t\t\t<div class=\"elementor-element elementor-element-de97bd0 elementor-widget elementor-widget-text-editor\" data-id=\"de97bd0\" data-element_type=\"widget\" data-e-type=\"widget\" data-widget_type=\"text-editor.default\">\n\t\t\t\t<div class=\"elementor-widget-container\">\n\t\t\t\t\t\t\t\t\t<p>Vom Gasthaus <strong>Lou Pitavin<\/strong> , an der M\u00fcndung des <strong>Marmora-Tals<\/strong> gelegen, k\u00f6nnen gute Wanderer den Hauptbach bis zu seinen Quellen in der N\u00e4he des <strong>Gias Maro<\/strong> besteigen und auch den<strong>Colle del Mulo<\/strong> erreichen , von wo aus er auf das Bandia-Plateau und das Plateau von <strong>Bandia<\/strong> blickt Kurz gesagt &#8211; durch den Colle d&#8217;Ancoccia &#8211; sind Sie am Fu\u00dfe der Rocca la Meja und des gleichnamigen Sees.<\/p>\n<p>Die gleichen Orte, die sich nicht f\u00fcr Wanderungen eignen, k\u00f6nnen auch mit dem Auto erreicht werden, indem man der Stra\u00dfe zum <strong>Colle di Esischie<\/strong>Wasserscheide mit dem Grana-Tal oberhalb des ber\u00fchmten Heiligtums von <strong>Castelmagno<\/strong>und von hier bis <strong>Colle Fauniera<\/strong>Bis vor kurzem, vor der Durchfahrt des Giro d&#8217;Italia, war er als Colle dei Morti bekannt und wurde durch Fauniera (der Name eines nahe gelegenen Berges) ersetzt, da er als zu d\u00fcster&#8221; angesehen wurde (tats\u00e4chlich ist er die Erinnerung an eine Schlacht von 1744 und daher von historischem Wert). An der Fauniera lie\u00df der Radsportverband Col Cuneo ein Denkmal aus Ormea-Marmor errichten, um an die Heldentaten von Marco Pantani zu erinnern, der hier zusammen mit Savoldelli an einer fr\u00fcheren Ausgabe des Giro teilnahm. \u00dcber eine kurze Strecke im oberen Teil des Vallone dell<strong>&#8216;Arma di Demonte<\/strong> , im Stura-Tal, erreichen wir den Colle di Valcavera,<\/p>\n<p>wo der Asphalt endet. Es ist ratsam, weiter bis zu den Kasernen der Bandia , einer strategischen milit\u00e4rischen Garnison zur Verteidigung der Grenzen, weiterzugehen , von der aus man noch zu Fu\u00df das nahegelegene Colle del Mulo und Ancoccia oder das Colle della Margherina erreichen kann , von dem man die Festung bewundern kann herrliche Rocca la Meja <strong>Altopiano della Gardetta<\/strong>.<\/p>\n<p>und das heute ber\u00fchmte. Ein Tag voller nat\u00fcrlicher Sch\u00f6nheit, der sicherlich in Erinnerung bleibt. Hier ist ein Tipp, den wir f\u00fcr alle wichtig halten, die aus <strong>Marmora<\/strong>kommen: Achten Sie besonders auf Radfahrer, die vom Col d&#8217;Esischie kommen . Hier im Sommer findet jedes Jahr das Rennen <strong>&#8220;Fausto Coppi&#8221;<\/strong> &#8220;Fausto Coppi&#8221; statt, und es ist sehr einfach, L\u00e4ufer im Training kennenzulernen oder sich einfach mit der Unebenheit der Strecke zu konfrontieren, selektiv sowohl bergauf als auch bergab. Sei sehr vorsichtig!<\/p>\n<p>Wenn Sie nur einen sch\u00f6nen Spaziergang durch den Wald machen m\u00f6chten, gehen Sie vom Weiler Finello aus durch die Kapelle <strong>San Sebastiano<\/strong> (sehen Sie die wertvollen Fresken, die zum Kulturkreis von Mist\u00e0 geh\u00f6ren) und den <strong>Weiler Torello<\/strong> den Bach hinauf . Von hier aus verbinden Sie sich mit den okzitanischen Routen und klettern zwischen den L\u00e4rchen hinauf, bis Sie Lust haben: Das Rauschen des Baches wird Sie begleiten, und mit etwas Sturheit erreichen Sie den Lake Resile . Die Anstrengung des Spaziergangs wird sicherlich belohnt.<\/p>\n\t\t\t\t\t\t\t\t<\/div>\n\t\t\t\t<\/div>\n\t\t\t\t\t<\/div>\n\t\t<\/div>\n\t\t\t\t\t<\/div>\n\t\t<\/section>\n\t\t\t\t<\/div>\n\t\t","protected":false},"excerpt":{"rendered":"<p>AUF DER MARMORA WALLON Vom Gasthaus Lou Pitavin , an der M\u00fcndung des Marmora-Tals gelegen, k\u00f6nnen gute Wanderer den Hauptbach bis zu seinen Quellen in der N\u00e4he des Gias Maro besteigen und auch denColle del Mulo erreichen , von wo aus er auf das Bandia-Plateau und das Plateau von Bandia blickt Kurz gesagt &#8211; durch &#8230; <a title=\"Auf Der Marmora Wallon\" class=\"read-more\" href=\"https:\/\/www.loupitavin.net\/de\/exkursionen\/auf-der-marmora-wallon\/\" aria-label=\"Mehr Informationen \u00fcber Auf Der Marmora Wallon\">Weiterlesen &#8230;<\/a><\/p>\n","protected":false},"author":1,"featured_media":0,"parent":3680,"menu_order":0,"comment_status":"closed","ping_status":"closed","template":"template-gutentor-full-width.php","meta":{"footnotes":""},"class_list":["post-3674","page","type-page","status-publish"],"yoast_head":"<!-- This site is optimized with the Yoast SEO plugin v27.3 - https:\/\/yoast.com\/product\/yoast-seo-wordpress\/ -->\n<title>Exkursion Auf Der Marmora Wallon | Lou Pitavin<\/title>\n<meta name=\"description\" content=\"Entdecken Sie die Naturwunder des Vallone di Marmora auf einem von Lou Pitavin vorgeschlagenen abenteuerlichen Ausflug. Mach dich bereit, \u00fcber T\u00e4ler und Berge zu fahren!\" \/>\n<meta name=\"robots\" content=\"index, follow, max-snippet:-1, max-image-preview:large, max-video-preview:-1\" \/>\n<link rel=\"canonical\" href=\"https:\/\/www.loupitavin.net\/de\/exkursionen\/auf-der-marmora-wallon\/\" \/>\n<meta property=\"og:locale\" content=\"de_DE\" \/>\n<meta property=\"og:type\" content=\"article\" \/>\n<meta property=\"og:title\" content=\"Exkursion Auf Der Marmora Wallon | Lou Pitavin\" \/>\n<meta property=\"og:description\" content=\"Entdecken Sie die Naturwunder des Vallone di Marmora auf einem von Lou Pitavin vorgeschlagenen abenteuerlichen Ausflug. Mach dich bereit, \u00fcber T\u00e4ler und Berge zu fahren!\" \/>\n<meta property=\"og:url\" content=\"https:\/\/www.loupitavin.net\/de\/exkursionen\/auf-der-marmora-wallon\/\" \/>\n<meta property=\"og:site_name\" content=\"Loupitavin\" \/>\n<meta property=\"article:publisher\" content=\"https:\/\/www.facebook.com\/people\/LOCANDA-LOU-PITAVIN\/100063467776264\/\" \/>\n<meta property=\"article:modified_time\" content=\"2023-04-24T14:10:48+00:00\" \/>\n<meta property=\"og:image\" content=\"https:\/\/www.loupitavin.net\/wp-content\/uploads\/2023\/03\/marmora.webp\" \/>\n<meta name=\"twitter:card\" content=\"summary_large_image\" \/>\n<meta name=\"twitter:label1\" content=\"Gesch\u00e4tzte Lesezeit\" \/>\n\t<meta name=\"twitter:data1\" content=\"2\u00a0Minuten\" \/>\n<script type=\"application\/ld+json\" class=\"yoast-schema-graph\">{\"@context\":\"https:\\\/\\\/schema.org\",\"@graph\":[{\"@type\":\"WebPage\",\"@id\":\"https:\\\/\\\/www.loupitavin.net\\\/de\\\/exkursionen\\\/auf-der-marmora-wallon\\\/\",\"url\":\"https:\\\/\\\/www.loupitavin.net\\\/de\\\/exkursionen\\\/auf-der-marmora-wallon\\\/\",\"name\":\"Exkursion Auf Der Marmora Wallon | Lou Pitavin\",\"isPartOf\":{\"@id\":\"https:\\\/\\\/www.loupitavin.net\\\/de\\\/#website\"},\"primaryImageOfPage\":{\"@id\":\"https:\\\/\\\/www.loupitavin.net\\\/de\\\/exkursionen\\\/auf-der-marmora-wallon\\\/#primaryimage\"},\"image\":{\"@id\":\"https:\\\/\\\/www.loupitavin.net\\\/de\\\/exkursionen\\\/auf-der-marmora-wallon\\\/#primaryimage\"},\"thumbnailUrl\":\"https:\\\/\\\/www.loupitavin.net\\\/wp-content\\\/uploads\\\/2023\\\/03\\\/marmora.webp\",\"datePublished\":\"2023-03-21T10:41:14+00:00\",\"dateModified\":\"2023-04-24T14:10:48+00:00\",\"description\":\"Entdecken Sie die Naturwunder des Vallone di Marmora auf einem von Lou Pitavin vorgeschlagenen abenteuerlichen Ausflug. Mach dich bereit, \u00fcber T\u00e4ler und Berge zu fahren!\",\"breadcrumb\":{\"@id\":\"https:\\\/\\\/www.loupitavin.net\\\/de\\\/exkursionen\\\/auf-der-marmora-wallon\\\/#breadcrumb\"},\"inLanguage\":\"de\",\"potentialAction\":[{\"@type\":\"ReadAction\",\"target\":[\"https:\\\/\\\/www.loupitavin.net\\\/de\\\/exkursionen\\\/auf-der-marmora-wallon\\\/\"]}]},{\"@type\":\"ImageObject\",\"inLanguage\":\"de\",\"@id\":\"https:\\\/\\\/www.loupitavin.net\\\/de\\\/exkursionen\\\/auf-der-marmora-wallon\\\/#primaryimage\",\"url\":\"https:\\\/\\\/www.loupitavin.net\\\/wp-content\\\/uploads\\\/2023\\\/03\\\/marmora.webp\",\"contentUrl\":\"https:\\\/\\\/www.loupitavin.net\\\/wp-content\\\/uploads\\\/2023\\\/03\\\/marmora.webp\"},{\"@type\":\"BreadcrumbList\",\"@id\":\"https:\\\/\\\/www.loupitavin.net\\\/de\\\/exkursionen\\\/auf-der-marmora-wallon\\\/#breadcrumb\",\"itemListElement\":[{\"@type\":\"ListItem\",\"position\":1,\"name\":\"Home\",\"item\":\"https:\\\/\\\/www.loupitavin.net\\\/de\\\/\"},{\"@type\":\"ListItem\",\"position\":2,\"name\":\"Auf Der Marmora Wallon\"}]},{\"@type\":\"WebSite\",\"@id\":\"https:\\\/\\\/www.loupitavin.net\\\/de\\\/#website\",\"url\":\"https:\\\/\\\/www.loupitavin.net\\\/de\\\/\",\"name\":\"Lou Pitavin\",\"description\":\"Locanda a Marmora Valle Maira\",\"publisher\":{\"@id\":\"https:\\\/\\\/www.loupitavin.net\\\/de\\\/#organization\"},\"potentialAction\":[{\"@type\":\"SearchAction\",\"target\":{\"@type\":\"EntryPoint\",\"urlTemplate\":\"https:\\\/\\\/www.loupitavin.net\\\/de\\\/?s={search_term_string}\"},\"query-input\":{\"@type\":\"PropertyValueSpecification\",\"valueRequired\":true,\"valueName\":\"search_term_string\"}}],\"inLanguage\":\"de\"},{\"@type\":\"Organization\",\"@id\":\"https:\\\/\\\/www.loupitavin.net\\\/de\\\/#organization\",\"name\":\"Lou Pitavin\",\"alternateName\":\"Lou Pitavin Locanda a Marmora Valle Maira\",\"url\":\"https:\\\/\\\/www.loupitavin.net\\\/de\\\/\",\"logo\":{\"@type\":\"ImageObject\",\"inLanguage\":\"de\",\"@id\":\"https:\\\/\\\/www.loupitavin.net\\\/de\\\/#\\\/schema\\\/logo\\\/image\\\/\",\"url\":\"https:\\\/\\\/www.loupitavin.net\\\/wp-content\\\/uploads\\\/2023\\\/03\\\/cropped-cropped-logo-scuro1-e1679919910685.png\",\"contentUrl\":\"https:\\\/\\\/www.loupitavin.net\\\/wp-content\\\/uploads\\\/2023\\\/03\\\/cropped-cropped-logo-scuro1-e1679919910685.png\",\"width\":566,\"height\":601,\"caption\":\"Lou Pitavin\"},\"image\":{\"@id\":\"https:\\\/\\\/www.loupitavin.net\\\/de\\\/#\\\/schema\\\/logo\\\/image\\\/\"},\"sameAs\":[\"https:\\\/\\\/www.facebook.com\\\/people\\\/LOCANDA-LOU-PITAVIN\\\/100063467776264\\\/\",\"https:\\\/\\\/www.instagram.com\\\/locandaloupitavin\\\/?hl=tl\"]}]}<\/script>\n<!-- \/ Yoast SEO plugin. -->","yoast_head_json":{"title":"Exkursion Auf Der Marmora Wallon | Lou Pitavin","description":"Entdecken Sie die Naturwunder des Vallone di Marmora auf einem von Lou Pitavin vorgeschlagenen abenteuerlichen Ausflug. Mach dich bereit, \u00fcber T\u00e4ler und Berge zu fahren!","robots":{"index":"index","follow":"follow","max-snippet":"max-snippet:-1","max-image-preview":"max-image-preview:large","max-video-preview":"max-video-preview:-1"},"canonical":"https:\/\/www.loupitavin.net\/de\/exkursionen\/auf-der-marmora-wallon\/","og_locale":"de_DE","og_type":"article","og_title":"Exkursion Auf Der Marmora Wallon | Lou Pitavin","og_description":"Entdecken Sie die Naturwunder des Vallone di Marmora auf einem von Lou Pitavin vorgeschlagenen abenteuerlichen Ausflug. Mach dich bereit, \u00fcber T\u00e4ler und Berge zu fahren!","og_url":"https:\/\/www.loupitavin.net\/de\/exkursionen\/auf-der-marmora-wallon\/","og_site_name":"Loupitavin","article_publisher":"https:\/\/www.facebook.com\/people\/LOCANDA-LOU-PITAVIN\/100063467776264\/","article_modified_time":"2023-04-24T14:10:48+00:00","og_image":[{"url":"https:\/\/www.loupitavin.net\/wp-content\/uploads\/2023\/03\/marmora.webp","type":"","width":"","height":""}],"twitter_card":"summary_large_image","twitter_misc":{"Gesch\u00e4tzte Lesezeit":"2\u00a0Minuten"},"schema":{"@context":"https:\/\/schema.org","@graph":[{"@type":"WebPage","@id":"https:\/\/www.loupitavin.net\/de\/exkursionen\/auf-der-marmora-wallon\/","url":"https:\/\/www.loupitavin.net\/de\/exkursionen\/auf-der-marmora-wallon\/","name":"Exkursion Auf Der Marmora Wallon | Lou Pitavin","isPartOf":{"@id":"https:\/\/www.loupitavin.net\/de\/#website"},"primaryImageOfPage":{"@id":"https:\/\/www.loupitavin.net\/de\/exkursionen\/auf-der-marmora-wallon\/#primaryimage"},"image":{"@id":"https:\/\/www.loupitavin.net\/de\/exkursionen\/auf-der-marmora-wallon\/#primaryimage"},"thumbnailUrl":"https:\/\/www.loupitavin.net\/wp-content\/uploads\/2023\/03\/marmora.webp","datePublished":"2023-03-21T10:41:14+00:00","dateModified":"2023-04-24T14:10:48+00:00","description":"Entdecken Sie die Naturwunder des Vallone di Marmora auf einem von Lou Pitavin vorgeschlagenen abenteuerlichen Ausflug. Mach dich bereit, \u00fcber T\u00e4ler und Berge zu fahren!","breadcrumb":{"@id":"https:\/\/www.loupitavin.net\/de\/exkursionen\/auf-der-marmora-wallon\/#breadcrumb"},"inLanguage":"de","potentialAction":[{"@type":"ReadAction","target":["https:\/\/www.loupitavin.net\/de\/exkursionen\/auf-der-marmora-wallon\/"]}]},{"@type":"ImageObject","inLanguage":"de","@id":"https:\/\/www.loupitavin.net\/de\/exkursionen\/auf-der-marmora-wallon\/#primaryimage","url":"https:\/\/www.loupitavin.net\/wp-content\/uploads\/2023\/03\/marmora.webp","contentUrl":"https:\/\/www.loupitavin.net\/wp-content\/uploads\/2023\/03\/marmora.webp"},{"@type":"BreadcrumbList","@id":"https:\/\/www.loupitavin.net\/de\/exkursionen\/auf-der-marmora-wallon\/#breadcrumb","itemListElement":[{"@type":"ListItem","position":1,"name":"Home","item":"https:\/\/www.loupitavin.net\/de\/"},{"@type":"ListItem","position":2,"name":"Auf Der Marmora Wallon"}]},{"@type":"WebSite","@id":"https:\/\/www.loupitavin.net\/de\/#website","url":"https:\/\/www.loupitavin.net\/de\/","name":"Lou Pitavin","description":"Locanda a Marmora Valle Maira","publisher":{"@id":"https:\/\/www.loupitavin.net\/de\/#organization"},"potentialAction":[{"@type":"SearchAction","target":{"@type":"EntryPoint","urlTemplate":"https:\/\/www.loupitavin.net\/de\/?s={search_term_string}"},"query-input":{"@type":"PropertyValueSpecification","valueRequired":true,"valueName":"search_term_string"}}],"inLanguage":"de"},{"@type":"Organization","@id":"https:\/\/www.loupitavin.net\/de\/#organization","name":"Lou Pitavin","alternateName":"Lou Pitavin Locanda a Marmora Valle Maira","url":"https:\/\/www.loupitavin.net\/de\/","logo":{"@type":"ImageObject","inLanguage":"de","@id":"https:\/\/www.loupitavin.net\/de\/#\/schema\/logo\/image\/","url":"https:\/\/www.loupitavin.net\/wp-content\/uploads\/2023\/03\/cropped-cropped-logo-scuro1-e1679919910685.png","contentUrl":"https:\/\/www.loupitavin.net\/wp-content\/uploads\/2023\/03\/cropped-cropped-logo-scuro1-e1679919910685.png","width":566,"height":601,"caption":"Lou Pitavin"},"image":{"@id":"https:\/\/www.loupitavin.net\/de\/#\/schema\/logo\/image\/"},"sameAs":["https:\/\/www.facebook.com\/people\/LOCANDA-LOU-PITAVIN\/100063467776264\/","https:\/\/www.instagram.com\/locandaloupitavin\/?hl=tl"]}]}},"jetpack_sharing_enabled":true,"_links":{"self":[{"href":"https:\/\/www.loupitavin.net\/de\/wp-json\/wp\/v2\/pages\/3674","targetHints":{"allow":["GET"]}}],"collection":[{"href":"https:\/\/www.loupitavin.net\/de\/wp-json\/wp\/v2\/pages"}],"about":[{"href":"https:\/\/www.loupitavin.net\/de\/wp-json\/wp\/v2\/types\/page"}],"author":[{"embeddable":true,"href":"https:\/\/www.loupitavin.net\/de\/wp-json\/wp\/v2\/users\/1"}],"replies":[{"embeddable":true,"href":"https:\/\/www.loupitavin.net\/de\/wp-json\/wp\/v2\/comments?post=3674"}],"version-history":[{"count":1,"href":"https:\/\/www.loupitavin.net\/de\/wp-json\/wp\/v2\/pages\/3674\/revisions"}],"predecessor-version":[{"id":3675,"href":"https:\/\/www.loupitavin.net\/de\/wp-json\/wp\/v2\/pages\/3674\/revisions\/3675"}],"up":[{"embeddable":true,"href":"https:\/\/www.loupitavin.net\/de\/wp-json\/wp\/v2\/pages\/3680"}],"wp:attachment":[{"href":"https:\/\/www.loupitavin.net\/de\/wp-json\/wp\/v2\/media?parent=3674"}],"curies":[{"name":"wp","href":"https:\/\/api.w.org\/{rel}","templated":true}]}}