{"id":3668,"date":"2023-03-21T10:11:58","date_gmt":"2023-03-21T10:11:58","guid":{"rendered":"https:\/\/www.loupitavin.net\/tempesta-see\/"},"modified":"2023-04-24T14:00:38","modified_gmt":"2023-04-24T14:00:38","slug":"tempesta-see","status":"publish","type":"page","link":"https:\/\/www.loupitavin.net\/de\/exkursionen\/tempesta-see\/","title":{"rendered":"Tempesta See"},"content":{"rendered":"\t\t<div data-elementor-type=\"wp-page\" data-elementor-id=\"3668\" class=\"elementor elementor-3668 elementor-1599\" data-elementor-post-type=\"page\">\n\t\t\t\t\t\t<section class=\"elementor-section elementor-top-section elementor-element elementor-element-7765a59 elementor-section-boxed elementor-section-height-default elementor-section-height-default\" data-id=\"7765a59\" data-element_type=\"section\" data-e-type=\"section\">\n\t\t\t\t\t\t<div class=\"elementor-container elementor-column-gap-default\">\n\t\t\t\t\t<div class=\"elementor-column elementor-col-100 elementor-top-column elementor-element elementor-element-7b331db\" data-id=\"7b331db\" data-element_type=\"column\" data-e-type=\"column\">\n\t\t\t<div class=\"elementor-widget-wrap elementor-element-populated\">\n\t\t\t\t\t\t<div class=\"elementor-element elementor-element-ab2f42c elementor-widget elementor-widget-heading\" data-id=\"ab2f42c\" data-element_type=\"widget\" data-e-type=\"widget\" data-widget_type=\"heading.default\">\n\t\t\t\t<div class=\"elementor-widget-container\">\n\t\t\t\t\t<h1 class=\"elementor-heading-title elementor-size-default\">TEMPESTA SEE\n<\/h1>\t\t\t\t<\/div>\n\t\t\t\t<\/div>\n\t\t\t\t\t<\/div>\n\t\t<\/div>\n\t\t\t\t\t<\/div>\n\t\t<\/section>\n\t\t\t\t<section class=\"elementor-section elementor-top-section elementor-element elementor-element-1e039ce elementor-section-boxed elementor-section-height-default elementor-section-height-default\" data-id=\"1e039ce\" data-element_type=\"section\" data-e-type=\"section\">\n\t\t\t\t\t\t<div class=\"elementor-container elementor-column-gap-default\">\n\t\t\t\t\t<div class=\"elementor-column elementor-col-50 elementor-top-column elementor-element elementor-element-3ed5852\" data-id=\"3ed5852\" data-element_type=\"column\" data-e-type=\"column\">\n\t\t\t<div class=\"elementor-widget-wrap elementor-element-populated\">\n\t\t\t\t\t\t<div class=\"elementor-element elementor-element-82127b2 elementor-widget__width-inherit elementor-widget elementor-widget-image\" data-id=\"82127b2\" data-element_type=\"widget\" data-e-type=\"widget\" data-widget_type=\"image.default\">\n\t\t\t\t<div class=\"elementor-widget-container\">\n\t\t\t\t\t\t\t\t\t\t\t\t\t\t\t<img fetchpriority=\"high\" decoding=\"async\" width=\"540\" height=\"360\" src=\"https:\/\/www.loupitavin.net\/wp-content\/uploads\/2023\/03\/lago-tempesta-marmora.jpg\" class=\"attachment-full size-full wp-image-2039\" alt=\"lago tempesta marmora\" srcset=\"https:\/\/www.loupitavin.net\/wp-content\/uploads\/2023\/03\/lago-tempesta-marmora.jpg 540w, https:\/\/www.loupitavin.net\/wp-content\/uploads\/2023\/03\/lago-tempesta-marmora-300x200.jpg 300w\" sizes=\"(max-width: 540px) 100vw, 540px\" \/>\t\t\t\t\t\t\t\t\t\t\t\t\t\t\t<\/div>\n\t\t\t\t<\/div>\n\t\t\t\t\t<\/div>\n\t\t<\/div>\n\t\t\t\t<div class=\"elementor-column elementor-col-50 elementor-top-column elementor-element elementor-element-dda4b96\" data-id=\"dda4b96\" data-element_type=\"column\" data-e-type=\"column\">\n\t\t\t<div class=\"elementor-widget-wrap elementor-element-populated\">\n\t\t\t\t\t\t<div class=\"elementor-element elementor-element-de97bd0 elementor-widget elementor-widget-text-editor\" data-id=\"de97bd0\" data-element_type=\"widget\" data-e-type=\"widget\" data-widget_type=\"text-editor.default\">\n\t\t\t\t<div class=\"elementor-widget-container\">\n\t\t\t\t\t\t\t\t\t<p>Der klassische Ansatz zur <b>Tempesta see<\/b> von der Grange Chiot aus, die am Ende der unbefestigten Stra\u00dfe liegt, die von der Stra\u00dfe aus nach oben f\u00fchrt. <b>Parrocchia di Marmora<\/b> und das Parken im Endbecken, das dem extensiven Anbau von Heilpflanzen vorausgeht (die gesch\u00e4tzten <strong><em>genepy<\/em><\/strong>aus dem der wichtigste Lik\u00f6r unserer Berge hergestellt wird, der dem aus Schafgarbe gleichgestellt ist).<\/p>\n<p>Wenn man den Weg, der auf H\u00f6he der ersten H\u00fctten nach rechts abzweigt, in der Mitte des Beckens hinaufsteigt, bleibt man auf der westlichen Seite der Senke, die durch einen ephemeren Bach entstanden ist (im Sp\u00e4tsommer ist sie trocken).<\/p>\n<p>Nachdem wir einige verlassene H\u00fctten umgangen haben, f\u00fchrt uns eine steile Rampe schnell zum Ausgang der Rinne, rechts von der ein sehr kurzer Anstieg zum Gletscherbecken mit dem charakteristischen <strong>Tempesta-See<\/strong> f\u00fchrt.<\/p>\n<p><\/p>\n<p>Wegen der Schnelligkeit der Wanderung ist es empfehlenswert, nach einer Pause durch Wiesen auf dem Berg aufzusteigen. <strong>Punta Piovosa<\/strong>, und kehren dann entlang der fast flachen, grasbewachsenen Wasserscheide des <strong>Vallone del Tibert<\/strong>, am Westhang bis zum <strong>Monte Cialme und Rocca del Passo<\/strong>: von hier aus f\u00fchrt ein Weg durch die Wiesen zur\u00fcck zum Ausgangspunkt<\/p>\t\t\t\t\t\t\t\t<\/div>\n\t\t\t\t<\/div>\n\t\t\t\t\t<\/div>\n\t\t<\/div>\n\t\t\t\t\t<\/div>\n\t\t<\/section>\n\t\t\t\t<\/div>\n\t\t","protected":false},"excerpt":{"rendered":"<p>TEMPESTA SEE Der klassische Ansatz zur Tempesta see von der Grange Chiot aus, die am Ende der unbefestigten Stra\u00dfe liegt, die von der Stra\u00dfe aus nach oben f\u00fchrt. Parrocchia di Marmora und das Parken im Endbecken, das dem extensiven Anbau von Heilpflanzen vorausgeht (die gesch\u00e4tzten genepyaus dem der wichtigste Lik\u00f6r unserer Berge hergestellt wird, der &#8230; <a title=\"Tempesta See\" class=\"read-more\" href=\"https:\/\/www.loupitavin.net\/de\/exkursionen\/tempesta-see\/\" aria-label=\"Mehr Informationen \u00fcber Tempesta See\">Weiterlesen &#8230;<\/a><\/p>\n","protected":false},"author":1,"featured_media":0,"parent":3680,"menu_order":0,"comment_status":"closed","ping_status":"closed","template":"template-gutentor-full-width.php","meta":{"footnotes":""},"class_list":["post-3668","page","type-page","status-publish"],"yoast_head":"<!-- This site is optimized with the Yoast SEO plugin v27.3 - https:\/\/yoast.com\/product\/yoast-seo-wordpress\/ -->\n<title>Ausflug zum Tempesta see | Lou Pitavin<\/title>\n<meta name=\"description\" content=\"Entdecken Sie die Natursch\u00f6nheiten von Tempesta see bei einem von Lou Pitavin vorgeschlagenen Ausflug. Die Natur und die gute Luft warten auf Sie!\" \/>\n<meta name=\"robots\" content=\"index, follow, max-snippet:-1, max-image-preview:large, max-video-preview:-1\" \/>\n<link rel=\"canonical\" href=\"https:\/\/www.loupitavin.net\/de\/exkursionen\/tempesta-see\/\" \/>\n<meta property=\"og:locale\" content=\"de_DE\" \/>\n<meta property=\"og:type\" content=\"article\" \/>\n<meta property=\"og:title\" content=\"Ausflug zum Tempesta see | Lou Pitavin\" \/>\n<meta property=\"og:description\" content=\"Entdecken Sie die Natursch\u00f6nheiten von Tempesta see bei einem von Lou Pitavin vorgeschlagenen Ausflug. Die Natur und die gute Luft warten auf Sie!\" \/>\n<meta property=\"og:url\" content=\"https:\/\/www.loupitavin.net\/de\/exkursionen\/tempesta-see\/\" \/>\n<meta property=\"og:site_name\" content=\"Loupitavin\" \/>\n<meta property=\"article:publisher\" content=\"https:\/\/www.facebook.com\/people\/LOCANDA-LOU-PITAVIN\/100063467776264\/\" \/>\n<meta property=\"article:modified_time\" content=\"2023-04-24T14:00:38+00:00\" \/>\n<meta property=\"og:image\" content=\"https:\/\/www.loupitavin.net\/wp-content\/uploads\/2023\/03\/lago-tempesta-marmora.jpg\" \/>\n<meta name=\"twitter:card\" content=\"summary_large_image\" \/>\n<meta name=\"twitter:label1\" content=\"Gesch\u00e4tzte Lesezeit\" \/>\n\t<meta name=\"twitter:data1\" content=\"1\u00a0Minute\" \/>\n<script type=\"application\/ld+json\" class=\"yoast-schema-graph\">{\"@context\":\"https:\\\/\\\/schema.org\",\"@graph\":[{\"@type\":\"WebPage\",\"@id\":\"https:\\\/\\\/www.loupitavin.net\\\/de\\\/exkursionen\\\/tempesta-see\\\/\",\"url\":\"https:\\\/\\\/www.loupitavin.net\\\/de\\\/exkursionen\\\/tempesta-see\\\/\",\"name\":\"Ausflug zum Tempesta see | Lou Pitavin\",\"isPartOf\":{\"@id\":\"https:\\\/\\\/www.loupitavin.net\\\/de\\\/#website\"},\"primaryImageOfPage\":{\"@id\":\"https:\\\/\\\/www.loupitavin.net\\\/de\\\/exkursionen\\\/tempesta-see\\\/#primaryimage\"},\"image\":{\"@id\":\"https:\\\/\\\/www.loupitavin.net\\\/de\\\/exkursionen\\\/tempesta-see\\\/#primaryimage\"},\"thumbnailUrl\":\"https:\\\/\\\/www.loupitavin.net\\\/wp-content\\\/uploads\\\/2023\\\/03\\\/lago-tempesta-marmora.jpg\",\"datePublished\":\"2023-03-21T10:11:58+00:00\",\"dateModified\":\"2023-04-24T14:00:38+00:00\",\"description\":\"Entdecken Sie die Natursch\u00f6nheiten von Tempesta see bei einem von Lou Pitavin vorgeschlagenen Ausflug. Die Natur und die gute Luft warten auf Sie!\",\"breadcrumb\":{\"@id\":\"https:\\\/\\\/www.loupitavin.net\\\/de\\\/exkursionen\\\/tempesta-see\\\/#breadcrumb\"},\"inLanguage\":\"de\",\"potentialAction\":[{\"@type\":\"ReadAction\",\"target\":[\"https:\\\/\\\/www.loupitavin.net\\\/de\\\/exkursionen\\\/tempesta-see\\\/\"]}]},{\"@type\":\"ImageObject\",\"inLanguage\":\"de\",\"@id\":\"https:\\\/\\\/www.loupitavin.net\\\/de\\\/exkursionen\\\/tempesta-see\\\/#primaryimage\",\"url\":\"https:\\\/\\\/www.loupitavin.net\\\/wp-content\\\/uploads\\\/2023\\\/03\\\/lago-tempesta-marmora.jpg\",\"contentUrl\":\"https:\\\/\\\/www.loupitavin.net\\\/wp-content\\\/uploads\\\/2023\\\/03\\\/lago-tempesta-marmora.jpg\"},{\"@type\":\"BreadcrumbList\",\"@id\":\"https:\\\/\\\/www.loupitavin.net\\\/de\\\/exkursionen\\\/tempesta-see\\\/#breadcrumb\",\"itemListElement\":[{\"@type\":\"ListItem\",\"position\":1,\"name\":\"Home\",\"item\":\"https:\\\/\\\/www.loupitavin.net\\\/de\\\/\"},{\"@type\":\"ListItem\",\"position\":2,\"name\":\"Tempesta See\"}]},{\"@type\":\"WebSite\",\"@id\":\"https:\\\/\\\/www.loupitavin.net\\\/de\\\/#website\",\"url\":\"https:\\\/\\\/www.loupitavin.net\\\/de\\\/\",\"name\":\"Lou Pitavin\",\"description\":\"Locanda a Marmora Valle Maira\",\"publisher\":{\"@id\":\"https:\\\/\\\/www.loupitavin.net\\\/de\\\/#organization\"},\"potentialAction\":[{\"@type\":\"SearchAction\",\"target\":{\"@type\":\"EntryPoint\",\"urlTemplate\":\"https:\\\/\\\/www.loupitavin.net\\\/de\\\/?s={search_term_string}\"},\"query-input\":{\"@type\":\"PropertyValueSpecification\",\"valueRequired\":true,\"valueName\":\"search_term_string\"}}],\"inLanguage\":\"de\"},{\"@type\":\"Organization\",\"@id\":\"https:\\\/\\\/www.loupitavin.net\\\/de\\\/#organization\",\"name\":\"Lou Pitavin\",\"alternateName\":\"Lou Pitavin Locanda a Marmora Valle Maira\",\"url\":\"https:\\\/\\\/www.loupitavin.net\\\/de\\\/\",\"logo\":{\"@type\":\"ImageObject\",\"inLanguage\":\"de\",\"@id\":\"https:\\\/\\\/www.loupitavin.net\\\/de\\\/#\\\/schema\\\/logo\\\/image\\\/\",\"url\":\"https:\\\/\\\/www.loupitavin.net\\\/wp-content\\\/uploads\\\/2023\\\/03\\\/cropped-cropped-logo-scuro1-e1679919910685.png\",\"contentUrl\":\"https:\\\/\\\/www.loupitavin.net\\\/wp-content\\\/uploads\\\/2023\\\/03\\\/cropped-cropped-logo-scuro1-e1679919910685.png\",\"width\":566,\"height\":601,\"caption\":\"Lou Pitavin\"},\"image\":{\"@id\":\"https:\\\/\\\/www.loupitavin.net\\\/de\\\/#\\\/schema\\\/logo\\\/image\\\/\"},\"sameAs\":[\"https:\\\/\\\/www.facebook.com\\\/people\\\/LOCANDA-LOU-PITAVIN\\\/100063467776264\\\/\",\"https:\\\/\\\/www.instagram.com\\\/locandaloupitavin\\\/?hl=tl\"]}]}<\/script>\n<!-- \/ Yoast SEO plugin. -->","yoast_head_json":{"title":"Ausflug zum Tempesta see | Lou Pitavin","description":"Entdecken Sie die Natursch\u00f6nheiten von Tempesta see bei einem von Lou Pitavin vorgeschlagenen Ausflug. Die Natur und die gute Luft warten auf Sie!","robots":{"index":"index","follow":"follow","max-snippet":"max-snippet:-1","max-image-preview":"max-image-preview:large","max-video-preview":"max-video-preview:-1"},"canonical":"https:\/\/www.loupitavin.net\/de\/exkursionen\/tempesta-see\/","og_locale":"de_DE","og_type":"article","og_title":"Ausflug zum Tempesta see | Lou Pitavin","og_description":"Entdecken Sie die Natursch\u00f6nheiten von Tempesta see bei einem von Lou Pitavin vorgeschlagenen Ausflug. Die Natur und die gute Luft warten auf Sie!","og_url":"https:\/\/www.loupitavin.net\/de\/exkursionen\/tempesta-see\/","og_site_name":"Loupitavin","article_publisher":"https:\/\/www.facebook.com\/people\/LOCANDA-LOU-PITAVIN\/100063467776264\/","article_modified_time":"2023-04-24T14:00:38+00:00","og_image":[{"url":"https:\/\/www.loupitavin.net\/wp-content\/uploads\/2023\/03\/lago-tempesta-marmora.jpg","type":"","width":"","height":""}],"twitter_card":"summary_large_image","twitter_misc":{"Gesch\u00e4tzte Lesezeit":"1\u00a0Minute"},"schema":{"@context":"https:\/\/schema.org","@graph":[{"@type":"WebPage","@id":"https:\/\/www.loupitavin.net\/de\/exkursionen\/tempesta-see\/","url":"https:\/\/www.loupitavin.net\/de\/exkursionen\/tempesta-see\/","name":"Ausflug zum Tempesta see | Lou Pitavin","isPartOf":{"@id":"https:\/\/www.loupitavin.net\/de\/#website"},"primaryImageOfPage":{"@id":"https:\/\/www.loupitavin.net\/de\/exkursionen\/tempesta-see\/#primaryimage"},"image":{"@id":"https:\/\/www.loupitavin.net\/de\/exkursionen\/tempesta-see\/#primaryimage"},"thumbnailUrl":"https:\/\/www.loupitavin.net\/wp-content\/uploads\/2023\/03\/lago-tempesta-marmora.jpg","datePublished":"2023-03-21T10:11:58+00:00","dateModified":"2023-04-24T14:00:38+00:00","description":"Entdecken Sie die Natursch\u00f6nheiten von Tempesta see bei einem von Lou Pitavin vorgeschlagenen Ausflug. Die Natur und die gute Luft warten auf Sie!","breadcrumb":{"@id":"https:\/\/www.loupitavin.net\/de\/exkursionen\/tempesta-see\/#breadcrumb"},"inLanguage":"de","potentialAction":[{"@type":"ReadAction","target":["https:\/\/www.loupitavin.net\/de\/exkursionen\/tempesta-see\/"]}]},{"@type":"ImageObject","inLanguage":"de","@id":"https:\/\/www.loupitavin.net\/de\/exkursionen\/tempesta-see\/#primaryimage","url":"https:\/\/www.loupitavin.net\/wp-content\/uploads\/2023\/03\/lago-tempesta-marmora.jpg","contentUrl":"https:\/\/www.loupitavin.net\/wp-content\/uploads\/2023\/03\/lago-tempesta-marmora.jpg"},{"@type":"BreadcrumbList","@id":"https:\/\/www.loupitavin.net\/de\/exkursionen\/tempesta-see\/#breadcrumb","itemListElement":[{"@type":"ListItem","position":1,"name":"Home","item":"https:\/\/www.loupitavin.net\/de\/"},{"@type":"ListItem","position":2,"name":"Tempesta See"}]},{"@type":"WebSite","@id":"https:\/\/www.loupitavin.net\/de\/#website","url":"https:\/\/www.loupitavin.net\/de\/","name":"Lou Pitavin","description":"Locanda a Marmora Valle Maira","publisher":{"@id":"https:\/\/www.loupitavin.net\/de\/#organization"},"potentialAction":[{"@type":"SearchAction","target":{"@type":"EntryPoint","urlTemplate":"https:\/\/www.loupitavin.net\/de\/?s={search_term_string}"},"query-input":{"@type":"PropertyValueSpecification","valueRequired":true,"valueName":"search_term_string"}}],"inLanguage":"de"},{"@type":"Organization","@id":"https:\/\/www.loupitavin.net\/de\/#organization","name":"Lou Pitavin","alternateName":"Lou Pitavin Locanda a Marmora Valle Maira","url":"https:\/\/www.loupitavin.net\/de\/","logo":{"@type":"ImageObject","inLanguage":"de","@id":"https:\/\/www.loupitavin.net\/de\/#\/schema\/logo\/image\/","url":"https:\/\/www.loupitavin.net\/wp-content\/uploads\/2023\/03\/cropped-cropped-logo-scuro1-e1679919910685.png","contentUrl":"https:\/\/www.loupitavin.net\/wp-content\/uploads\/2023\/03\/cropped-cropped-logo-scuro1-e1679919910685.png","width":566,"height":601,"caption":"Lou Pitavin"},"image":{"@id":"https:\/\/www.loupitavin.net\/de\/#\/schema\/logo\/image\/"},"sameAs":["https:\/\/www.facebook.com\/people\/LOCANDA-LOU-PITAVIN\/100063467776264\/","https:\/\/www.instagram.com\/locandaloupitavin\/?hl=tl"]}]}},"jetpack_sharing_enabled":true,"_links":{"self":[{"href":"https:\/\/www.loupitavin.net\/de\/wp-json\/wp\/v2\/pages\/3668","targetHints":{"allow":["GET"]}}],"collection":[{"href":"https:\/\/www.loupitavin.net\/de\/wp-json\/wp\/v2\/pages"}],"about":[{"href":"https:\/\/www.loupitavin.net\/de\/wp-json\/wp\/v2\/types\/page"}],"author":[{"embeddable":true,"href":"https:\/\/www.loupitavin.net\/de\/wp-json\/wp\/v2\/users\/1"}],"replies":[{"embeddable":true,"href":"https:\/\/www.loupitavin.net\/de\/wp-json\/wp\/v2\/comments?post=3668"}],"version-history":[{"count":1,"href":"https:\/\/www.loupitavin.net\/de\/wp-json\/wp\/v2\/pages\/3668\/revisions"}],"predecessor-version":[{"id":3669,"href":"https:\/\/www.loupitavin.net\/de\/wp-json\/wp\/v2\/pages\/3668\/revisions\/3669"}],"up":[{"embeddable":true,"href":"https:\/\/www.loupitavin.net\/de\/wp-json\/wp\/v2\/pages\/3680"}],"wp:attachment":[{"href":"https:\/\/www.loupitavin.net\/de\/wp-json\/wp\/v2\/media?parent=3668"}],"curies":[{"name":"wp","href":"https:\/\/api.w.org\/{rel}","templated":true}]}}