{"id":3664,"date":"2023-03-21T10:36:38","date_gmt":"2023-03-21T10:36:38","guid":{"rendered":"https:\/\/www.loupitavin.net\/am-resile-see\/"},"modified":"2023-05-23T15:57:49","modified_gmt":"2023-05-23T15:57:49","slug":"am-resile-see","status":"publish","type":"page","link":"https:\/\/www.loupitavin.net\/de\/exkursionen\/am-resile-see\/","title":{"rendered":"Am Resile-See"},"content":{"rendered":"\t\t<div data-elementor-type=\"wp-page\" data-elementor-id=\"3664\" class=\"elementor elementor-3664 elementor-1632\" data-elementor-post-type=\"page\">\n\t\t\t\t\t\t<section class=\"elementor-section elementor-top-section elementor-element elementor-element-722f6c6 elementor-section-boxed elementor-section-height-default elementor-section-height-default\" data-id=\"722f6c6\" data-element_type=\"section\" data-e-type=\"section\" data-settings=\"{&quot;background_background&quot;:&quot;classic&quot;}\">\n\t\t\t\t\t\t<div class=\"elementor-container elementor-column-gap-default\">\n\t\t\t\t\t<div class=\"elementor-column elementor-col-100 elementor-top-column elementor-element elementor-element-fc02e45\" data-id=\"fc02e45\" data-element_type=\"column\" data-e-type=\"column\" data-settings=\"{&quot;background_background&quot;:&quot;classic&quot;}\">\n\t\t\t<div class=\"elementor-widget-wrap elementor-element-populated\">\n\t\t\t\t\t\t<div class=\"elementor-element elementor-element-ab2f42c elementor-widget elementor-widget-heading\" data-id=\"ab2f42c\" data-element_type=\"widget\" data-e-type=\"widget\" data-widget_type=\"heading.default\">\n\t\t\t\t<div class=\"elementor-widget-container\">\n\t\t\t\t\t<h1 class=\"elementor-heading-title elementor-size-default\">WANDERUNG ZUM RESILE-SEE<\/h1>\t\t\t\t<\/div>\n\t\t\t\t<\/div>\n\t\t\t\t\t<\/div>\n\t\t<\/div>\n\t\t\t\t\t<\/div>\n\t\t<\/section>\n\t\t\t\t<section class=\"elementor-section elementor-top-section elementor-element elementor-element-133b37f elementor-section-boxed elementor-section-height-default elementor-section-height-default\" data-id=\"133b37f\" data-element_type=\"section\" data-e-type=\"section\">\n\t\t\t\t\t\t<div class=\"elementor-container elementor-column-gap-default\">\n\t\t\t\t\t<div class=\"elementor-column elementor-col-50 elementor-top-column elementor-element elementor-element-54f7bb9\" data-id=\"54f7bb9\" data-element_type=\"column\" data-e-type=\"column\">\n\t\t\t<div class=\"elementor-widget-wrap elementor-element-populated\">\n\t\t\t\t\t\t<div class=\"elementor-element elementor-element-82127b2 elementor-widget__width-inherit elementor-widget elementor-widget-image\" data-id=\"82127b2\" data-element_type=\"widget\" data-e-type=\"widget\" data-widget_type=\"image.default\">\n\t\t\t\t<div class=\"elementor-widget-container\">\n\t\t\t\t\t\t\t\t\t\t\t\t\t\t\t<img fetchpriority=\"high\" decoding=\"async\" width=\"720\" height=\"598\" src=\"https:\/\/www.loupitavin.net\/wp-content\/uploads\/2023\/03\/resile.webp\" class=\"attachment-large size-large wp-image-1499\" alt=\"resile\" srcset=\"https:\/\/www.loupitavin.net\/wp-content\/uploads\/2023\/03\/resile.webp 720w, https:\/\/www.loupitavin.net\/wp-content\/uploads\/2023\/03\/resile-600x498.webp 600w, https:\/\/www.loupitavin.net\/wp-content\/uploads\/2023\/03\/resile-300x249.webp 300w\" sizes=\"(max-width: 720px) 100vw, 720px\" \/>\t\t\t\t\t\t\t\t\t\t\t\t\t\t\t<\/div>\n\t\t\t\t<\/div>\n\t\t\t\t\t<\/div>\n\t\t<\/div>\n\t\t\t\t<div class=\"elementor-column elementor-col-50 elementor-top-column elementor-element elementor-element-135ef1e\" data-id=\"135ef1e\" data-element_type=\"column\" data-e-type=\"column\">\n\t\t\t<div class=\"elementor-widget-wrap elementor-element-populated\">\n\t\t\t\t\t\t<div class=\"elementor-element elementor-element-de97bd0 elementor-widget elementor-widget-text-editor\" data-id=\"de97bd0\" data-element_type=\"widget\" data-e-type=\"widget\" data-widget_type=\"text-editor.default\">\n\t\t\t\t<div class=\"elementor-widget-container\">\n\t\t\t\t\t\t\t\t\t<p>Ideal f\u00fcr diejenigen, die einen entspannten Tag verbringen m\u00f6chten, tr\u00e4ge liegend zum Sonnenbaden, vielleicht nach einem guten Essen mit okzitanischen Aromen, und gl\u00fcckliche Kinder spielen am Ufer des Sees. Ein leichter Spaziergang, der f\u00fcr Familien empfohlen wird.<br \/>Wie kommst du zu dieser kleinen Oase des Friedens?<\/p>\n<p>Folgen Sie der Stra\u00dfe bis zum <strong>Marmoratal<\/strong> hinter dem <strong>Weiler Tolosano<\/strong> . Fahren Sie in einer langen <strong>Reihe<\/strong> von Serpentinen weiter , bis Sie in die Pr\u00e4rie des Gias Lauset gelangen . hinter der geraden Stra\u00dfe, die zum Berg f\u00fchrt, \u00fcber die Br\u00fccke \u00fcber den Hauptfluss befindet sich der Parkplatz auf der linken Seite .<\/p>\n<p>Es ist leicht mit dem Auto zu erreichen und nach einem kurzen 15-min\u00fctigen Spaziergang durch den sp\u00e4rlichen L\u00e4rchenwald erreicht es den <strong>Resile-See<\/strong>.<\/p>\n<p>Wenn Sie einen sch\u00f6nen Ausflug von der Locanda aus unternehmen m\u00f6chten, fahren Sie auf der asphaltierten Stra\u00dfe in Richtung <strong>San Sebastiano<\/strong> , um die gleichnamige Kapelle zu <strong>erreichen<\/strong>, von der der <strong>okzitanische Pfad<\/strong> mit gelben Kerben ausgeht. Er folgt zun\u00e4chst dem Feldweg, der immer entlang des <strong>Rio Marmora<\/strong> verl\u00e4uft, und dann aufw\u00e4rts biegen Sie in einen Pfad ein.<\/p>\n<p>Nach etwa 2 Stunden erreichen wir den <strong>Gias Lausetto<\/strong>, wo sich die Landschaft mit einem herrlichen Blick auf das Vallone di Marmora und weiter in Richtung Monviso \u00f6ffnet. Nachdem wir eine Fu\u00dfg\u00e4ngerbr\u00fccke \u00fcberquert haben, die uns nach 10 Minuten \u00fcber den Rio f\u00fchrt, erreichten wir den See.<\/p>\n\t\t\t\t\t\t\t\t<\/div>\n\t\t\t\t<\/div>\n\t\t\t\t\t<\/div>\n\t\t<\/div>\n\t\t\t\t\t<\/div>\n\t\t<\/section>\n\t\t\t\t<\/div>\n\t\t","protected":false},"excerpt":{"rendered":"<p>WANDERUNG ZUM RESILE-SEE Ideal f\u00fcr diejenigen, die einen entspannten Tag verbringen m\u00f6chten, tr\u00e4ge liegend zum Sonnenbaden, vielleicht nach einem guten Essen mit okzitanischen Aromen, und gl\u00fcckliche Kinder spielen am Ufer des Sees. Ein leichter Spaziergang, der f\u00fcr Familien empfohlen wird.Wie kommst du zu dieser kleinen Oase des Friedens? Folgen Sie der Stra\u00dfe bis zum Marmoratal &#8230; <a title=\"Am Resile-See\" class=\"read-more\" href=\"https:\/\/www.loupitavin.net\/de\/exkursionen\/am-resile-see\/\" aria-label=\"Mehr Informationen \u00fcber Am Resile-See\">Weiterlesen &#8230;<\/a><\/p>\n","protected":false},"author":1,"featured_media":0,"parent":3680,"menu_order":0,"comment_status":"closed","ping_status":"closed","template":"template-gutentor-full-width.php","meta":{"footnotes":""},"class_list":["post-3664","page","type-page","status-publish"],"yoast_head":"<!-- This site is optimized with the Yoast SEO plugin v27.3 - https:\/\/yoast.com\/product\/yoast-seo-wordpress\/ -->\n<title>Exkursion zum Resile Lake | Lou Pitavin<\/title>\n<meta name=\"description\" content=\"Lassen Sie sich auf einer von Lou Pitavin angebotenen gef\u00fchrten Wanderung vom Resile Lake verzaubern. Eine atemberaubende Aussicht!\" \/>\n<meta name=\"robots\" content=\"index, follow, max-snippet:-1, max-image-preview:large, max-video-preview:-1\" \/>\n<link rel=\"canonical\" href=\"https:\/\/www.loupitavin.net\/de\/exkursionen\/am-resile-see\/\" \/>\n<meta property=\"og:locale\" content=\"de_DE\" \/>\n<meta property=\"og:type\" content=\"article\" \/>\n<meta property=\"og:title\" content=\"Exkursion zum Resile Lake | Lou Pitavin\" \/>\n<meta property=\"og:description\" content=\"Lassen Sie sich auf einer von Lou Pitavin angebotenen gef\u00fchrten Wanderung vom Resile Lake verzaubern. Eine atemberaubende Aussicht!\" \/>\n<meta property=\"og:url\" content=\"https:\/\/www.loupitavin.net\/de\/exkursionen\/am-resile-see\/\" \/>\n<meta property=\"og:site_name\" content=\"Loupitavin\" \/>\n<meta property=\"article:publisher\" content=\"https:\/\/www.facebook.com\/people\/LOCANDA-LOU-PITAVIN\/100063467776264\/\" \/>\n<meta property=\"article:modified_time\" content=\"2023-05-23T15:57:49+00:00\" \/>\n<meta property=\"og:image\" content=\"https:\/\/www.loupitavin.net\/wp-content\/uploads\/2023\/03\/resile.webp\" \/>\n<meta name=\"twitter:card\" content=\"summary_large_image\" \/>\n<meta name=\"twitter:label1\" content=\"Gesch\u00e4tzte Lesezeit\" \/>\n\t<meta name=\"twitter:data1\" content=\"1\u00a0Minute\" \/>\n<script type=\"application\/ld+json\" class=\"yoast-schema-graph\">{\"@context\":\"https:\\\/\\\/schema.org\",\"@graph\":[{\"@type\":\"WebPage\",\"@id\":\"https:\\\/\\\/www.loupitavin.net\\\/de\\\/exkursionen\\\/am-resile-see\\\/\",\"url\":\"https:\\\/\\\/www.loupitavin.net\\\/de\\\/exkursionen\\\/am-resile-see\\\/\",\"name\":\"Exkursion zum Resile Lake | Lou Pitavin\",\"isPartOf\":{\"@id\":\"https:\\\/\\\/www.loupitavin.net\\\/de\\\/#website\"},\"primaryImageOfPage\":{\"@id\":\"https:\\\/\\\/www.loupitavin.net\\\/de\\\/exkursionen\\\/am-resile-see\\\/#primaryimage\"},\"image\":{\"@id\":\"https:\\\/\\\/www.loupitavin.net\\\/de\\\/exkursionen\\\/am-resile-see\\\/#primaryimage\"},\"thumbnailUrl\":\"https:\\\/\\\/www.loupitavin.net\\\/wp-content\\\/uploads\\\/2023\\\/03\\\/resile.webp\",\"datePublished\":\"2023-03-21T10:36:38+00:00\",\"dateModified\":\"2023-05-23T15:57:49+00:00\",\"description\":\"Lassen Sie sich auf einer von Lou Pitavin angebotenen gef\u00fchrten Wanderung vom Resile Lake verzaubern. Eine atemberaubende Aussicht!\",\"breadcrumb\":{\"@id\":\"https:\\\/\\\/www.loupitavin.net\\\/de\\\/exkursionen\\\/am-resile-see\\\/#breadcrumb\"},\"inLanguage\":\"de\",\"potentialAction\":[{\"@type\":\"ReadAction\",\"target\":[\"https:\\\/\\\/www.loupitavin.net\\\/de\\\/exkursionen\\\/am-resile-see\\\/\"]}]},{\"@type\":\"ImageObject\",\"inLanguage\":\"de\",\"@id\":\"https:\\\/\\\/www.loupitavin.net\\\/de\\\/exkursionen\\\/am-resile-see\\\/#primaryimage\",\"url\":\"https:\\\/\\\/www.loupitavin.net\\\/wp-content\\\/uploads\\\/2023\\\/03\\\/resile.webp\",\"contentUrl\":\"https:\\\/\\\/www.loupitavin.net\\\/wp-content\\\/uploads\\\/2023\\\/03\\\/resile.webp\"},{\"@type\":\"BreadcrumbList\",\"@id\":\"https:\\\/\\\/www.loupitavin.net\\\/de\\\/exkursionen\\\/am-resile-see\\\/#breadcrumb\",\"itemListElement\":[{\"@type\":\"ListItem\",\"position\":1,\"name\":\"Home\",\"item\":\"https:\\\/\\\/www.loupitavin.net\\\/de\\\/\"},{\"@type\":\"ListItem\",\"position\":2,\"name\":\"Exkursionen\",\"item\":\"https:\\\/\\\/www.loupitavin.net\\\/de\\\/exkursionen\\\/\"},{\"@type\":\"ListItem\",\"position\":3,\"name\":\"Am Resile-See\"}]},{\"@type\":\"WebSite\",\"@id\":\"https:\\\/\\\/www.loupitavin.net\\\/de\\\/#website\",\"url\":\"https:\\\/\\\/www.loupitavin.net\\\/de\\\/\",\"name\":\"Lou Pitavin\",\"description\":\"Locanda a Marmora Valle Maira\",\"publisher\":{\"@id\":\"https:\\\/\\\/www.loupitavin.net\\\/de\\\/#organization\"},\"potentialAction\":[{\"@type\":\"SearchAction\",\"target\":{\"@type\":\"EntryPoint\",\"urlTemplate\":\"https:\\\/\\\/www.loupitavin.net\\\/de\\\/?s={search_term_string}\"},\"query-input\":{\"@type\":\"PropertyValueSpecification\",\"valueRequired\":true,\"valueName\":\"search_term_string\"}}],\"inLanguage\":\"de\"},{\"@type\":\"Organization\",\"@id\":\"https:\\\/\\\/www.loupitavin.net\\\/de\\\/#organization\",\"name\":\"Lou Pitavin\",\"alternateName\":\"Lou Pitavin Locanda a Marmora Valle Maira\",\"url\":\"https:\\\/\\\/www.loupitavin.net\\\/de\\\/\",\"logo\":{\"@type\":\"ImageObject\",\"inLanguage\":\"de\",\"@id\":\"https:\\\/\\\/www.loupitavin.net\\\/de\\\/#\\\/schema\\\/logo\\\/image\\\/\",\"url\":\"https:\\\/\\\/www.loupitavin.net\\\/wp-content\\\/uploads\\\/2023\\\/03\\\/cropped-cropped-logo-scuro1-e1679919910685.png\",\"contentUrl\":\"https:\\\/\\\/www.loupitavin.net\\\/wp-content\\\/uploads\\\/2023\\\/03\\\/cropped-cropped-logo-scuro1-e1679919910685.png\",\"width\":566,\"height\":601,\"caption\":\"Lou Pitavin\"},\"image\":{\"@id\":\"https:\\\/\\\/www.loupitavin.net\\\/de\\\/#\\\/schema\\\/logo\\\/image\\\/\"},\"sameAs\":[\"https:\\\/\\\/www.facebook.com\\\/people\\\/LOCANDA-LOU-PITAVIN\\\/100063467776264\\\/\",\"https:\\\/\\\/www.instagram.com\\\/locandaloupitavin\\\/?hl=tl\"]}]}<\/script>\n<!-- \/ Yoast SEO plugin. -->","yoast_head_json":{"title":"Exkursion zum Resile Lake | Lou Pitavin","description":"Lassen Sie sich auf einer von Lou Pitavin angebotenen gef\u00fchrten Wanderung vom Resile Lake verzaubern. Eine atemberaubende Aussicht!","robots":{"index":"index","follow":"follow","max-snippet":"max-snippet:-1","max-image-preview":"max-image-preview:large","max-video-preview":"max-video-preview:-1"},"canonical":"https:\/\/www.loupitavin.net\/de\/exkursionen\/am-resile-see\/","og_locale":"de_DE","og_type":"article","og_title":"Exkursion zum Resile Lake | Lou Pitavin","og_description":"Lassen Sie sich auf einer von Lou Pitavin angebotenen gef\u00fchrten Wanderung vom Resile Lake verzaubern. Eine atemberaubende Aussicht!","og_url":"https:\/\/www.loupitavin.net\/de\/exkursionen\/am-resile-see\/","og_site_name":"Loupitavin","article_publisher":"https:\/\/www.facebook.com\/people\/LOCANDA-LOU-PITAVIN\/100063467776264\/","article_modified_time":"2023-05-23T15:57:49+00:00","og_image":[{"url":"https:\/\/www.loupitavin.net\/wp-content\/uploads\/2023\/03\/resile.webp","type":"","width":"","height":""}],"twitter_card":"summary_large_image","twitter_misc":{"Gesch\u00e4tzte Lesezeit":"1\u00a0Minute"},"schema":{"@context":"https:\/\/schema.org","@graph":[{"@type":"WebPage","@id":"https:\/\/www.loupitavin.net\/de\/exkursionen\/am-resile-see\/","url":"https:\/\/www.loupitavin.net\/de\/exkursionen\/am-resile-see\/","name":"Exkursion zum Resile Lake | Lou Pitavin","isPartOf":{"@id":"https:\/\/www.loupitavin.net\/de\/#website"},"primaryImageOfPage":{"@id":"https:\/\/www.loupitavin.net\/de\/exkursionen\/am-resile-see\/#primaryimage"},"image":{"@id":"https:\/\/www.loupitavin.net\/de\/exkursionen\/am-resile-see\/#primaryimage"},"thumbnailUrl":"https:\/\/www.loupitavin.net\/wp-content\/uploads\/2023\/03\/resile.webp","datePublished":"2023-03-21T10:36:38+00:00","dateModified":"2023-05-23T15:57:49+00:00","description":"Lassen Sie sich auf einer von Lou Pitavin angebotenen gef\u00fchrten Wanderung vom Resile Lake verzaubern. Eine atemberaubende Aussicht!","breadcrumb":{"@id":"https:\/\/www.loupitavin.net\/de\/exkursionen\/am-resile-see\/#breadcrumb"},"inLanguage":"de","potentialAction":[{"@type":"ReadAction","target":["https:\/\/www.loupitavin.net\/de\/exkursionen\/am-resile-see\/"]}]},{"@type":"ImageObject","inLanguage":"de","@id":"https:\/\/www.loupitavin.net\/de\/exkursionen\/am-resile-see\/#primaryimage","url":"https:\/\/www.loupitavin.net\/wp-content\/uploads\/2023\/03\/resile.webp","contentUrl":"https:\/\/www.loupitavin.net\/wp-content\/uploads\/2023\/03\/resile.webp"},{"@type":"BreadcrumbList","@id":"https:\/\/www.loupitavin.net\/de\/exkursionen\/am-resile-see\/#breadcrumb","itemListElement":[{"@type":"ListItem","position":1,"name":"Home","item":"https:\/\/www.loupitavin.net\/de\/"},{"@type":"ListItem","position":2,"name":"Exkursionen","item":"https:\/\/www.loupitavin.net\/de\/exkursionen\/"},{"@type":"ListItem","position":3,"name":"Am Resile-See"}]},{"@type":"WebSite","@id":"https:\/\/www.loupitavin.net\/de\/#website","url":"https:\/\/www.loupitavin.net\/de\/","name":"Lou Pitavin","description":"Locanda a Marmora Valle Maira","publisher":{"@id":"https:\/\/www.loupitavin.net\/de\/#organization"},"potentialAction":[{"@type":"SearchAction","target":{"@type":"EntryPoint","urlTemplate":"https:\/\/www.loupitavin.net\/de\/?s={search_term_string}"},"query-input":{"@type":"PropertyValueSpecification","valueRequired":true,"valueName":"search_term_string"}}],"inLanguage":"de"},{"@type":"Organization","@id":"https:\/\/www.loupitavin.net\/de\/#organization","name":"Lou Pitavin","alternateName":"Lou Pitavin Locanda a Marmora Valle Maira","url":"https:\/\/www.loupitavin.net\/de\/","logo":{"@type":"ImageObject","inLanguage":"de","@id":"https:\/\/www.loupitavin.net\/de\/#\/schema\/logo\/image\/","url":"https:\/\/www.loupitavin.net\/wp-content\/uploads\/2023\/03\/cropped-cropped-logo-scuro1-e1679919910685.png","contentUrl":"https:\/\/www.loupitavin.net\/wp-content\/uploads\/2023\/03\/cropped-cropped-logo-scuro1-e1679919910685.png","width":566,"height":601,"caption":"Lou Pitavin"},"image":{"@id":"https:\/\/www.loupitavin.net\/de\/#\/schema\/logo\/image\/"},"sameAs":["https:\/\/www.facebook.com\/people\/LOCANDA-LOU-PITAVIN\/100063467776264\/","https:\/\/www.instagram.com\/locandaloupitavin\/?hl=tl"]}]}},"jetpack_sharing_enabled":true,"_links":{"self":[{"href":"https:\/\/www.loupitavin.net\/de\/wp-json\/wp\/v2\/pages\/3664","targetHints":{"allow":["GET"]}}],"collection":[{"href":"https:\/\/www.loupitavin.net\/de\/wp-json\/wp\/v2\/pages"}],"about":[{"href":"https:\/\/www.loupitavin.net\/de\/wp-json\/wp\/v2\/types\/page"}],"author":[{"embeddable":true,"href":"https:\/\/www.loupitavin.net\/de\/wp-json\/wp\/v2\/users\/1"}],"replies":[{"embeddable":true,"href":"https:\/\/www.loupitavin.net\/de\/wp-json\/wp\/v2\/comments?post=3664"}],"version-history":[{"count":5,"href":"https:\/\/www.loupitavin.net\/de\/wp-json\/wp\/v2\/pages\/3664\/revisions"}],"predecessor-version":[{"id":3839,"href":"https:\/\/www.loupitavin.net\/de\/wp-json\/wp\/v2\/pages\/3664\/revisions\/3839"}],"up":[{"embeddable":true,"href":"https:\/\/www.loupitavin.net\/de\/wp-json\/wp\/v2\/pages\/3680"}],"wp:attachment":[{"href":"https:\/\/www.loupitavin.net\/de\/wp-json\/wp\/v2\/media?parent=3664"}],"curies":[{"name":"wp","href":"https:\/\/api.w.org\/{rel}","templated":true}]}}