{"id":3640,"date":"2023-03-13T08:31:16","date_gmt":"2023-03-13T08:31:16","guid":{"rendered":"https:\/\/www.loupitavin.net\/geschichte\/"},"modified":"2023-04-24T12:15:27","modified_gmt":"2023-04-24T12:15:27","slug":"geschichte","status":"publish","type":"page","link":"https:\/\/www.loupitavin.net\/de\/geschichte\/","title":{"rendered":"Geschichte"},"content":{"rendered":"\t\t<div data-elementor-type=\"wp-page\" data-elementor-id=\"3640\" class=\"elementor elementor-3640 elementor-999\" data-elementor-post-type=\"page\">\n\t\t\t\t\t\t<section class=\"elementor-section elementor-top-section elementor-element elementor-element-2a0586a9 elementor-section-full_width elementor-section-content-top elementor-section-stretched elementor-section-height-default elementor-section-height-default\" data-id=\"2a0586a9\" data-element_type=\"section\" data-e-type=\"section\" data-settings=\"{&quot;stretch_section&quot;:&quot;section-stretched&quot;,&quot;background_background&quot;:&quot;classic&quot;}\">\n\t\t\t\t\t\t\t<div class=\"elementor-background-overlay\"><\/div>\n\t\t\t\t\t\t\t<div class=\"elementor-container elementor-column-gap-no\">\n\t\t\t\t\t<div class=\"elementor-column elementor-col-100 elementor-top-column elementor-element elementor-element-2d69a200\" data-id=\"2d69a200\" data-element_type=\"column\" data-e-type=\"column\">\n\t\t\t<div class=\"elementor-widget-wrap elementor-element-populated\">\n\t\t\t\t\t\t<div class=\"elementor-element elementor-element-6389830 elementor-widget elementor-widget-heading\" data-id=\"6389830\" data-element_type=\"widget\" data-e-type=\"widget\" data-widget_type=\"heading.default\">\n\t\t\t\t<div class=\"elementor-widget-container\">\n\t\t\t\t\t<h1 class=\"elementor-heading-title elementor-size-default\">Es war einmal<\/h1>\t\t\t\t<\/div>\n\t\t\t\t<\/div>\n\t\t\t\t<div class=\"elementor-element elementor-element-6dda138a elementor-widget elementor-widget-heading\" data-id=\"6dda138a\" data-element_type=\"widget\" data-e-type=\"widget\" data-widget_type=\"heading.default\">\n\t\t\t\t<div class=\"elementor-widget-container\">\n\t\t\t\t\t<h2 class=\"elementor-heading-title elementor-size-default\">Ich will Ihnen eine Geschichte erz\u00e4hlen...<\/h2>\t\t\t\t<\/div>\n\t\t\t\t<\/div>\n\t\t\t\t\t<\/div>\n\t\t<\/div>\n\t\t\t\t\t<\/div>\n\t\t<\/section>\n\t\t\t\t<section class=\"elementor-section elementor-top-section elementor-element elementor-element-202d1f9 elementor-section-boxed elementor-section-height-default elementor-section-height-default\" data-id=\"202d1f9\" data-element_type=\"section\" data-e-type=\"section\">\n\t\t\t\t\t\t<div class=\"elementor-container elementor-column-gap-default\">\n\t\t\t\t\t<div class=\"elementor-column elementor-col-100 elementor-top-column elementor-element elementor-element-48bcc9d\" data-id=\"48bcc9d\" data-element_type=\"column\" data-e-type=\"column\">\n\t\t\t<div class=\"elementor-widget-wrap elementor-element-populated\">\n\t\t\t\t\t\t<div class=\"elementor-element elementor-element-aa37a2b elementor-widget elementor-widget-text-editor\" data-id=\"aa37a2b\" data-element_type=\"widget\" data-e-type=\"widget\" data-widget_type=\"text-editor.default\">\n\t\t\t\t<div class=\"elementor-widget-container\">\n\t\t\t\t\t\t\t\t\t<p>Es war einmal ein alter weiser Mann. Der alte Mann lebte in einem kleinen Dorf in einem entfernten Tal in einem Haus aus Holz und Stein. Lies weiter\u2026 Es war einmal ein alter weiser Mann. Der alte Mann lebte in einem kleinen Dorf in einem entfernten Tal in einem Haus aus Holz und Stein. Er war sehr alt und die, die ihn kannten, sagten von ihm, dass er jedes Jahr weiser wurde. Seine Weisheit war der Grund, weshalb so viele Menschen zu ihm kamen. Zu jeder Jahreszeit stiegen sie zu ihm hinauf und fragten ihn um Rat.<\/p>\n<p><em>Nichts freute ihn mehr: Frauen, M\u00e4nner, Familien, Erwachsene und Kinder besuchten ihn und erz\u00e4hlten ihm ihre Geschichten und hofften, einen weisen Rat zu erhalten. Der alte Mann h\u00f6rten allen zu und schenkte jedem ein gutes Wort. \u00abWie weise er ist\u00bb, sagten alle.<\/em><\/p>\n<p>Das war aber nicht immer so. Fr\u00fcher, vor vielen Jahren, war der Mann ins Tal gekommen und sich hier ein kleines Haus gebaut. Im gleichen Jahr aber hatte der Winter beschlossen, seine ganze Macht und Kraft zu zeigen. Es wurde ein harter Winter. Der Mann versuchte dem Winter zu trotzen. Er hatte Holz f\u00fcr den Winter gesammelt, allerdings reichte der Vorrat nicht aus. Er litt vor K\u00e4lte wie nie zuvor in seinem Leben.<\/p>\n<p>So beschloss er eines Tages den Baum zu f\u00e4llen, der vor seinem Haus stand. Es war ein wundersch\u00f6ner Baum, der sich im Fr\u00fchling weiss f\u00e4rbte und im Sommer dunkle Beeren trug. Der Mann liebte den Baum. Jetzt war aber das Leiden zu gross, er hatte kalt, die K\u00e4lte zwang ihn, den Baum zu f\u00e4llen. Das war keine weise Entscheidung. Er wusste es, aber er hatte keine andere Wahl.<\/p>\n<p><em>Er verliess sein Haus und ging zum Baum. In der Hand hielt er eine Axt. Er war gerade dabei, die Axt in den Stamm zu schlagen, als ein kleiner Vogel sich auf einen Ast setzte.<\/em><\/p>\n<p>Der Mann hielt inne. Er versuchte, mit seinen Armen den Vogel zu verscheuchen. Er musste den Baum f\u00e4llen. Er wollte es nicht tun, aber er hatte kalt. Er wollte dem kleinen Wesen nicht weh tun, aber es musste sein. Der kleine Vogel flog davon. Als der Mann erneut die Axt hob, kam der kleine Vogel wieder angeflogen und setzte sich auf einen anderen Ast. Der Mann versuchte erneut, den Vogel zu verjagen und der Vogel flog wieder davon. Zum dritten Mal versuchte der Mann, den Baum zu f\u00e4llen und zum dritten Mal setzte sich der kleine Vogel auf einen Ast. Dem Mann war kalt, er war m\u00fcde und auch w\u00fctend auf den kleinen Vogel. Er ben\u00f6tigte das Holz. Er wusste, dass es nicht das richtige Holz war, vielleicht w\u00fcrde es ihn nicht einmal w\u00e4rmen. Er wusste sich aber nicht anders zu helfen. Er liess sich zu Boden fallen, nahm den Kopf in die H\u00e4nde und eine Tr\u00e4ne lief ihm \u00fcber das Gesicht. Nach einer Weile sp\u00fcrte er wie etwas auf seinen Handr\u00fccken klopfte. Er blickte auf und sah den kleinen Vogel vor sich. Er betrachtete den Vogel und bemerkte, wie der Vogel ihn mit geneigtem Kopf ebenfalls ansah. Der Mann schrie den Vogel an: \u00abWieso l\u00e4sst du mich den Baum nicht f\u00e4llen?\u00bb \u00abWenn du ihn nicht f\u00e4llst, mache ich dir ein Geschenk, das gr\u00f6sser ist als alle Holzscheite zusammen\u00bb, erwiderte der Vogel. Der Mann glaubte seinen Ohren nicht. Er hatte eine Stimme geh\u00f6rt und diese Stimme kam aus dem Schnabel des Vogels. Nein, das war nicht m\u00f6glich.<\/p>\n<p>Er tr\u00e4umte.<\/p>\n<p>Es war ein Alptraum. Das war die K\u00e4lte. Er wurde verr\u00fcckt. Die K\u00e4lte war schuld. \u00abEs ist wahr! Ich sage es dir noch einmal. Wenn du den Baum nicht f\u00e4llst, mache ich dir ein grosses Geschenk.\u00bb \u00abIch werde verr\u00fcckt\u00bb, schrie der Mann!<\/p>\n<p>Er schrie so laut, als wollte er, dass die ganze Welt sein Leiden zu sp\u00fcren bekommt.<\/p>\n<p>\u00abNein, beruhige dich, du wirst nicht verr\u00fcckt.<\/p>\n<p>H\u00f6re mir zu und ich mache dir ein grosses Geschenk\u00bb, sagte der Vogel. Der Mann wusste nicht was machen, er f\u00fchlte sich hilflos.<\/p>\n<p>Aber tief in seinem Herzen sp\u00fcrte er, dass es die richtige Entscheidung war. Er dachte einen Moment nach, und dieser Moment f\u00fchlte sich so lang wie ein Tag an, doch schlussendlich sagte er: \u00abEs ist gut. <em>Ich werde den Baum nicht f\u00e4llen<\/em>\u00bb.<\/p>\n<p>\u00abIch danke dir\u00bb, sagte der kleine Vogel. \u00abDie kommende Nacht wird die letzte kalte Nacht dieses Winters sein\u00bb.<\/p>\n<p>\u00abDas soll das Geschenk sein?\u00bb, fragte der Mann. \u00abNein\u00bb, antwortete der Vogel. \u00abHeute hast du bewiesen, dass du ein guter und gerechter Mann bist. Morgen wird das ganze Tal davon erfahren.<\/p>\n<p>Die Menschen werden h\u00f6ren, dass in diesem kleinen Dorf ein weiser Mann lebt, der f\u00fcr alle ein offenes Ohr hat.\u00bb \u00abDas soll das Geschenk sein\u00bb, erwiderte der Mann. \u00abJa, das ist das Geschenk\u00bb, sagte der kleine Vogel und flog davon.<\/p>\n<p>Wieder zu Hause, frierend und ungl\u00e4ubig, versuchte er sich zu w\u00e4rmen, so gut er konnte, um die Nacht zu \u00fcberstehen. Bald schlief er ein. Die Nacht verging und der Morgen schien ihm weniger kalt als zuvor. Um Mittag klopfte es an der T\u00fcr. Ein Mann und eine Frau standen vor der T\u00fcr. Sie hatten geh\u00f6rt, dass im Haus ein weiser Mann lebt, der ihnen einen Ratschlag geben wird. Der Mann h\u00f6rte ihnen zu und fragte, wie er ihnen behilflich sein kann. Als sie ihm ihre Geschichte zu Ende erz\u00e4hlt hatten, suchte er nach einer Antwort auf ihre Geschichte und schaute dabei aus dem Fenster.<\/p>\n<p>Dort sah er den kleinen Vogel sitzen. Wie durch Zauberei fand er die richtigen Worte und gab dem Mann und der Frau den Frieden, den sie so lange suchten. Es blieb nicht bei diesem einzigen Besuch.<\/p>\n<p>Von da an besuchten ihn M\u00e4nner, Frauen, Grosse und Kleine und viele blieben lange an seinem Tisch sitzen. Alle waren ihm willkommen. Der kleine Vogel redete nicht mehr mit dem weisen Mann.<\/p>\n<p>In den folgenden Tagen, Monaten und Jahren blieb er aber immer in seiner N\u00e4he, setzte sich ab und zu auf einen Ast und pickte nach den saftigen Beeren des Baumes. Heute ist der alte weise Mann nicht mehr da. Auch seine Frau und seine Kinder sind nicht mehr im Tal \u2013 dies ist aber eine andere Geschichte. Im Tal triffst du aber auf seine Urenkel und stets auch auf viele gedeckte Tische, die dich willkommen heissen. Und mit etwas Gl\u00fcck kannst du auch den kleinen Vogel beobachten, dem der alte weise Mann in seiner alt hergebrachten Sprache einen Namen gegeben hat, die man in jenem Bergdorf spricht: <em><strong>lou pitavin.<\/strong><\/em><\/p>\n\t\t\t\t\t\t\t\t<\/div>\n\t\t\t\t<\/div>\n\t\t\t\t\t<\/div>\n\t\t<\/div>\n\t\t\t\t\t<\/div>\n\t\t<\/section>\n\t\t\t\t<section class=\"elementor-section elementor-top-section elementor-element elementor-element-0ddb73d elementor-section-full_width elementor-section-stretched elementor-section-height-default elementor-section-height-default\" data-id=\"0ddb73d\" data-element_type=\"section\" data-e-type=\"section\" data-settings=\"{&quot;stretch_section&quot;:&quot;section-stretched&quot;}\">\n\t\t\t\t\t\t<div class=\"elementor-container elementor-column-gap-default\">\n\t\t\t\t\t<div class=\"elementor-column elementor-col-100 elementor-top-column elementor-element elementor-element-a1adf58\" data-id=\"a1adf58\" data-element_type=\"column\" data-e-type=\"column\">\n\t\t\t<div class=\"elementor-widget-wrap elementor-element-populated\">\n\t\t\t\t\t\t<div class=\"elementor-element elementor-element-b3506a3 elementor-skin-carousel elementor-arrows-yes elementor-pagination-type-bullets elementor-pagination-position-outside elementor-widget elementor-widget-media-carousel\" data-id=\"b3506a3\" data-element_type=\"widget\" data-e-type=\"widget\" data-settings=\"{&quot;slides_per_view&quot;:&quot;4&quot;,&quot;slides_to_scroll&quot;:&quot;4&quot;,&quot;skin&quot;:&quot;carousel&quot;,&quot;effect&quot;:&quot;slide&quot;,&quot;show_arrows&quot;:&quot;yes&quot;,&quot;pagination&quot;:&quot;bullets&quot;,&quot;speed&quot;:500,&quot;autoplay&quot;:&quot;yes&quot;,&quot;autoplay_speed&quot;:5000,&quot;loop&quot;:&quot;yes&quot;,&quot;pause_on_hover&quot;:&quot;yes&quot;,&quot;pause_on_interaction&quot;:&quot;yes&quot;,&quot;space_between&quot;:{&quot;unit&quot;:&quot;px&quot;,&quot;size&quot;:10,&quot;sizes&quot;:[]},&quot;space_between_tablet&quot;:{&quot;unit&quot;:&quot;px&quot;,&quot;size&quot;:10,&quot;sizes&quot;:[]},&quot;space_between_mobile&quot;:{&quot;unit&quot;:&quot;px&quot;,&quot;size&quot;:10,&quot;sizes&quot;:[]}}\" data-widget_type=\"media-carousel.default\">\n\t\t\t\t<div class=\"elementor-widget-container\">\n\t\t\t\t\t\t\t\t\t<div class=\"elementor-swiper\">\n\t\t\t\t\t<div class=\"elementor-main-swiper swiper\" role=\"region\" aria-roledescription=\"carousel\" aria-label=\"Slider\">\n\t\t\t\t<div class=\"swiper-wrapper\">\n\t\t\t\t\t\t\t\t\t\t\t<div class=\"swiper-slide\" role=\"group\" aria-roledescription=\"slide\">\n\t\t\t\t\t\t\t<a href=\"https:\/\/www.loupitavin.net\/wp-content\/uploads\/2023\/02\/locanda1.webp\" data-elementor-open-lightbox=\"yes\" data-elementor-lightbox-slideshow=\"b3506a3\" data-elementor-lightbox-title=\"locanda1\" data-e-action-hash=\"#elementor-action%3Aaction%3Dlightbox%26settings%3DeyJpZCI6MTMwLCJ1cmwiOiJodHRwczpcL1wvd3d3LmxvdXBpdGF2aW4ubmV0XC93cC1jb250ZW50XC91cGxvYWRzXC8yMDIzXC8wMlwvbG9jYW5kYTEud2VicCIsInNsaWRlc2hvdyI6ImIzNTA2YTMifQ%3D%3D\">\t\t<div class=\"elementor-carousel-image\" role=\"img\" aria-label=\"locanda1\" style=\"background-image: url(&#039;https:\/\/www.loupitavin.net\/wp-content\/uploads\/2023\/02\/locanda1.webp&#039;)\">\n\n\t\t\t\n\t\t\t\t\t<\/div>\n\t\t<\/a>\t\t\t\t\t\t<\/div>\n\t\t\t\t\t\t\t\t\t\t\t<div class=\"swiper-slide\" role=\"group\" aria-roledescription=\"slide\">\n\t\t\t\t\t\t\t\t\t<div class=\"elementor-carousel-image\" role=\"img\" aria-label=\"ristorante2\" style=\"background-image: url(&#039;https:\/\/www.loupitavin.net\/wp-content\/uploads\/2023\/03\/ristorante2.jpeg&#039;)\">\n\n\t\t\t\n\t\t\t\t\t<\/div>\n\t\t\t\t\t\t\t\t<\/div>\n\t\t\t\t\t\t\t\t\t\t\t<div class=\"swiper-slide\" role=\"group\" aria-roledescription=\"slide\">\n\t\t\t\t\t\t\t<a href=\"https:\/\/www.loupitavin.net\/wp-content\/uploads\/2023\/03\/camera-7-1.jpeg\" data-elementor-open-lightbox=\"yes\" data-elementor-lightbox-slideshow=\"b3506a3\" data-elementor-lightbox-title=\"camera-7\" data-e-action-hash=\"#elementor-action%3Aaction%3Dlightbox%26settings%3DeyJpZCI6NzM1LCJ1cmwiOiJodHRwczpcL1wvd3d3LmxvdXBpdGF2aW4ubmV0XC93cC1jb250ZW50XC91cGxvYWRzXC8yMDIzXC8wM1wvY2FtZXJhLTctMS5qcGVnIiwic2xpZGVzaG93IjoiYjM1MDZhMyJ9\">\t\t<div class=\"elementor-carousel-image\" role=\"img\" aria-label=\"camera-7\" style=\"background-image: url(&#039;https:\/\/www.loupitavin.net\/wp-content\/uploads\/2023\/03\/camera-7-1.jpeg&#039;)\">\n\n\t\t\t\n\t\t\t\t\t<\/div>\n\t\t<\/a>\t\t\t\t\t\t<\/div>\n\t\t\t\t\t\t\t\t\t\t\t<div class=\"swiper-slide\" role=\"group\" aria-roledescription=\"slide\">\n\t\t\t\t\t\t\t<a href=\"https:\/\/www.loupitavin.net\/wp-content\/uploads\/2023\/03\/camera-5.jpeg\" data-elementor-open-lightbox=\"yes\" data-elementor-lightbox-slideshow=\"b3506a3\" data-elementor-lightbox-title=\"camera-5\" data-e-action-hash=\"#elementor-action%3Aaction%3Dlightbox%26settings%3DeyJpZCI6Nzg3LCJ1cmwiOiJodHRwczpcL1wvd3d3LmxvdXBpdGF2aW4ubmV0XC93cC1jb250ZW50XC91cGxvYWRzXC8yMDIzXC8wM1wvY2FtZXJhLTUuanBlZyIsInNsaWRlc2hvdyI6ImIzNTA2YTMifQ%3D%3D\">\t\t<div class=\"elementor-carousel-image\" role=\"img\" aria-label=\"repaus\" style=\"background-image: url(&#039;https:\/\/www.loupitavin.net\/wp-content\/uploads\/2023\/03\/camera-5.jpeg&#039;)\">\n\n\t\t\t\n\t\t\t\t\t<\/div>\n\t\t<\/a>\t\t\t\t\t\t<\/div>\n\t\t\t\t\t\t\t\t\t\t\t<div class=\"swiper-slide\" role=\"group\" aria-roledescription=\"slide\">\n\t\t\t\t\t\t\t<a href=\"https:\/\/www.loupitavin.net\/wp-content\/uploads\/2023\/03\/ristorante.jpg\" data-elementor-open-lightbox=\"yes\" data-elementor-lightbox-slideshow=\"b3506a3\" data-elementor-lightbox-title=\"ristorante\" data-e-action-hash=\"#elementor-action%3Aaction%3Dlightbox%26settings%3DeyJpZCI6NzUxLCJ1cmwiOiJodHRwczpcL1wvd3d3LmxvdXBpdGF2aW4ubmV0XC93cC1jb250ZW50XC91cGxvYWRzXC8yMDIzXC8wM1wvcmlzdG9yYW50ZS5qcGciLCJzbGlkZXNob3ciOiJiMzUwNmEzIn0%3D\">\t\t<div class=\"elementor-carousel-image\" role=\"img\" aria-label=\"ristorante\" style=\"background-image: url(&#039;https:\/\/www.loupitavin.net\/wp-content\/uploads\/2023\/03\/ristorante.jpg&#039;)\">\n\n\t\t\t\n\t\t\t\t\t<\/div>\n\t\t<\/a>\t\t\t\t\t\t<\/div>\n\t\t\t\t\t\t\t\t\t\t\t<div class=\"swiper-slide\" role=\"group\" aria-roledescription=\"slide\">\n\t\t\t\t\t\t\t\t\t<div class=\"elementor-carousel-image\" role=\"img\" aria-label=\"tavolo-dritto\" style=\"background-image: url(&#039;https:\/\/www.loupitavin.net\/wp-content\/uploads\/2023\/03\/tavolo-dritto.jpg&#039;)\">\n\n\t\t\t\n\t\t\t\t\t<\/div>\n\t\t\t\t\t\t\t\t<\/div>\n\t\t\t\t\t\t\t\t\t<\/div>\n\t\t\t\t\t\t\t\t\t\t\t\t\t\t\t<div class=\"elementor-swiper-button elementor-swiper-button-prev\" role=\"button\" tabindex=\"0\" aria-label=\"Voriger\">\n\t\t\t\t\t\t\t<i aria-hidden=\"true\" class=\"eicon-chevron-left\"><\/i>\t\t\t\t\t\t<\/div>\n\t\t\t\t\t\t<div class=\"elementor-swiper-button elementor-swiper-button-next\" role=\"button\" tabindex=\"0\" aria-label=\"N\u00e4chster\">\n\t\t\t\t\t\t\t<i aria-hidden=\"true\" class=\"eicon-chevron-right\"><\/i>\t\t\t\t\t\t<\/div>\n\t\t\t\t\t\t\t\t\t\t\t\t\t\t\t\t<div class=\"swiper-pagination\"><\/div>\n\t\t\t\t\t\t\t\t\t\t\t\t<\/div>\n\t\t\t\t<\/div>\n\t\t\t\t\t\t\t\t<\/div>\n\t\t\t\t<\/div>\n\t\t\t\t\t<\/div>\n\t\t<\/div>\n\t\t\t\t\t<\/div>\n\t\t<\/section>\n\t\t\t\t<\/div>\n\t\t","protected":false},"excerpt":{"rendered":"<p>Es war einmal Ich will Ihnen eine Geschichte erz\u00e4hlen&#8230; Es war einmal ein alter weiser Mann. Der alte Mann lebte in einem kleinen Dorf in einem entfernten Tal in einem Haus aus Holz und Stein. Lies weiter\u2026 Es war einmal ein alter weiser Mann. Der alte Mann lebte in einem kleinen Dorf in einem entfernten &#8230; <a title=\"Geschichte\" class=\"read-more\" href=\"https:\/\/www.loupitavin.net\/de\/geschichte\/\" aria-label=\"Mehr Informationen \u00fcber Geschichte\">Weiterlesen &#8230;<\/a><\/p>\n","protected":false},"author":1,"featured_media":0,"parent":0,"menu_order":0,"comment_status":"closed","ping_status":"closed","template":"template-gutentor-full-width.php","meta":{"footnotes":""},"class_list":["post-3640","page","type-page","status-publish"],"yoast_head":"<!-- This site is optimized with the Yoast SEO plugin v27.3 - https:\/\/yoast.com\/product\/yoast-seo-wordpress\/ -->\n<title>Unsere Geschichte | Lou Pitavin<\/title>\n<meta name=\"description\" content=\"Entdecken Sie die Geschichte und Philosophie der Locanda Lou Pitavin. Tauchen Sie ein in eine einzigartige, authentische und traditionelle Atmosph\u00e4re im Maira-Tal.\" \/>\n<meta name=\"robots\" content=\"index, follow, max-snippet:-1, max-image-preview:large, max-video-preview:-1\" \/>\n<link rel=\"canonical\" href=\"https:\/\/www.loupitavin.net\/de\/geschichte\/\" \/>\n<meta property=\"og:locale\" content=\"de_DE\" \/>\n<meta property=\"og:type\" content=\"article\" \/>\n<meta property=\"og:title\" content=\"Unsere Geschichte | Lou Pitavin\" \/>\n<meta property=\"og:description\" content=\"Entdecken Sie die Geschichte und Philosophie der Locanda Lou Pitavin. Tauchen Sie ein in eine einzigartige, authentische und traditionelle Atmosph\u00e4re im Maira-Tal.\" \/>\n<meta property=\"og:url\" content=\"https:\/\/www.loupitavin.net\/de\/geschichte\/\" \/>\n<meta property=\"og:site_name\" content=\"Loupitavin\" \/>\n<meta property=\"article:publisher\" content=\"https:\/\/www.facebook.com\/people\/LOCANDA-LOU-PITAVIN\/100063467776264\/\" \/>\n<meta property=\"article:modified_time\" content=\"2023-04-24T12:15:27+00:00\" \/>\n<meta name=\"twitter:card\" content=\"summary_large_image\" \/>\n<meta name=\"twitter:label1\" content=\"Gesch\u00e4tzte Lesezeit\" \/>\n\t<meta name=\"twitter:data1\" content=\"6\u00a0Minuten\" \/>\n<script type=\"application\/ld+json\" class=\"yoast-schema-graph\">{\"@context\":\"https:\\\/\\\/schema.org\",\"@graph\":[{\"@type\":\"WebPage\",\"@id\":\"https:\\\/\\\/www.loupitavin.net\\\/de\\\/geschichte\\\/\",\"url\":\"https:\\\/\\\/www.loupitavin.net\\\/de\\\/geschichte\\\/\",\"name\":\"Unsere Geschichte | Lou Pitavin\",\"isPartOf\":{\"@id\":\"https:\\\/\\\/www.loupitavin.net\\\/de\\\/#website\"},\"datePublished\":\"2023-03-13T08:31:16+00:00\",\"dateModified\":\"2023-04-24T12:15:27+00:00\",\"description\":\"Entdecken Sie die Geschichte und Philosophie der Locanda Lou Pitavin. Tauchen Sie ein in eine einzigartige, authentische und traditionelle Atmosph\u00e4re im Maira-Tal.\",\"breadcrumb\":{\"@id\":\"https:\\\/\\\/www.loupitavin.net\\\/de\\\/geschichte\\\/#breadcrumb\"},\"inLanguage\":\"de\",\"potentialAction\":[{\"@type\":\"ReadAction\",\"target\":[\"https:\\\/\\\/www.loupitavin.net\\\/de\\\/geschichte\\\/\"]}]},{\"@type\":\"BreadcrumbList\",\"@id\":\"https:\\\/\\\/www.loupitavin.net\\\/de\\\/geschichte\\\/#breadcrumb\",\"itemListElement\":[{\"@type\":\"ListItem\",\"position\":1,\"name\":\"Home\",\"item\":\"https:\\\/\\\/www.loupitavin.net\\\/de\\\/\"},{\"@type\":\"ListItem\",\"position\":2,\"name\":\"Geschichte\"}]},{\"@type\":\"WebSite\",\"@id\":\"https:\\\/\\\/www.loupitavin.net\\\/de\\\/#website\",\"url\":\"https:\\\/\\\/www.loupitavin.net\\\/de\\\/\",\"name\":\"Lou Pitavin\",\"description\":\"Locanda a Marmora Valle Maira\",\"publisher\":{\"@id\":\"https:\\\/\\\/www.loupitavin.net\\\/de\\\/#organization\"},\"potentialAction\":[{\"@type\":\"SearchAction\",\"target\":{\"@type\":\"EntryPoint\",\"urlTemplate\":\"https:\\\/\\\/www.loupitavin.net\\\/de\\\/?s={search_term_string}\"},\"query-input\":{\"@type\":\"PropertyValueSpecification\",\"valueRequired\":true,\"valueName\":\"search_term_string\"}}],\"inLanguage\":\"de\"},{\"@type\":\"Organization\",\"@id\":\"https:\\\/\\\/www.loupitavin.net\\\/de\\\/#organization\",\"name\":\"Lou Pitavin\",\"alternateName\":\"Lou Pitavin Locanda a Marmora Valle Maira\",\"url\":\"https:\\\/\\\/www.loupitavin.net\\\/de\\\/\",\"logo\":{\"@type\":\"ImageObject\",\"inLanguage\":\"de\",\"@id\":\"https:\\\/\\\/www.loupitavin.net\\\/de\\\/#\\\/schema\\\/logo\\\/image\\\/\",\"url\":\"https:\\\/\\\/www.loupitavin.net\\\/wp-content\\\/uploads\\\/2023\\\/03\\\/cropped-cropped-logo-scuro1-e1679919910685.png\",\"contentUrl\":\"https:\\\/\\\/www.loupitavin.net\\\/wp-content\\\/uploads\\\/2023\\\/03\\\/cropped-cropped-logo-scuro1-e1679919910685.png\",\"width\":566,\"height\":601,\"caption\":\"Lou Pitavin\"},\"image\":{\"@id\":\"https:\\\/\\\/www.loupitavin.net\\\/de\\\/#\\\/schema\\\/logo\\\/image\\\/\"},\"sameAs\":[\"https:\\\/\\\/www.facebook.com\\\/people\\\/LOCANDA-LOU-PITAVIN\\\/100063467776264\\\/\",\"https:\\\/\\\/www.instagram.com\\\/locandaloupitavin\\\/?hl=tl\"]}]}<\/script>\n<!-- \/ Yoast SEO plugin. -->","yoast_head_json":{"title":"Unsere Geschichte | Lou Pitavin","description":"Entdecken Sie die Geschichte und Philosophie der Locanda Lou Pitavin. Tauchen Sie ein in eine einzigartige, authentische und traditionelle Atmosph\u00e4re im Maira-Tal.","robots":{"index":"index","follow":"follow","max-snippet":"max-snippet:-1","max-image-preview":"max-image-preview:large","max-video-preview":"max-video-preview:-1"},"canonical":"https:\/\/www.loupitavin.net\/de\/geschichte\/","og_locale":"de_DE","og_type":"article","og_title":"Unsere Geschichte | Lou Pitavin","og_description":"Entdecken Sie die Geschichte und Philosophie der Locanda Lou Pitavin. Tauchen Sie ein in eine einzigartige, authentische und traditionelle Atmosph\u00e4re im Maira-Tal.","og_url":"https:\/\/www.loupitavin.net\/de\/geschichte\/","og_site_name":"Loupitavin","article_publisher":"https:\/\/www.facebook.com\/people\/LOCANDA-LOU-PITAVIN\/100063467776264\/","article_modified_time":"2023-04-24T12:15:27+00:00","twitter_card":"summary_large_image","twitter_misc":{"Gesch\u00e4tzte Lesezeit":"6\u00a0Minuten"},"schema":{"@context":"https:\/\/schema.org","@graph":[{"@type":"WebPage","@id":"https:\/\/www.loupitavin.net\/de\/geschichte\/","url":"https:\/\/www.loupitavin.net\/de\/geschichte\/","name":"Unsere Geschichte | Lou Pitavin","isPartOf":{"@id":"https:\/\/www.loupitavin.net\/de\/#website"},"datePublished":"2023-03-13T08:31:16+00:00","dateModified":"2023-04-24T12:15:27+00:00","description":"Entdecken Sie die Geschichte und Philosophie der Locanda Lou Pitavin. Tauchen Sie ein in eine einzigartige, authentische und traditionelle Atmosph\u00e4re im Maira-Tal.","breadcrumb":{"@id":"https:\/\/www.loupitavin.net\/de\/geschichte\/#breadcrumb"},"inLanguage":"de","potentialAction":[{"@type":"ReadAction","target":["https:\/\/www.loupitavin.net\/de\/geschichte\/"]}]},{"@type":"BreadcrumbList","@id":"https:\/\/www.loupitavin.net\/de\/geschichte\/#breadcrumb","itemListElement":[{"@type":"ListItem","position":1,"name":"Home","item":"https:\/\/www.loupitavin.net\/de\/"},{"@type":"ListItem","position":2,"name":"Geschichte"}]},{"@type":"WebSite","@id":"https:\/\/www.loupitavin.net\/de\/#website","url":"https:\/\/www.loupitavin.net\/de\/","name":"Lou Pitavin","description":"Locanda a Marmora Valle Maira","publisher":{"@id":"https:\/\/www.loupitavin.net\/de\/#organization"},"potentialAction":[{"@type":"SearchAction","target":{"@type":"EntryPoint","urlTemplate":"https:\/\/www.loupitavin.net\/de\/?s={search_term_string}"},"query-input":{"@type":"PropertyValueSpecification","valueRequired":true,"valueName":"search_term_string"}}],"inLanguage":"de"},{"@type":"Organization","@id":"https:\/\/www.loupitavin.net\/de\/#organization","name":"Lou Pitavin","alternateName":"Lou Pitavin Locanda a Marmora Valle Maira","url":"https:\/\/www.loupitavin.net\/de\/","logo":{"@type":"ImageObject","inLanguage":"de","@id":"https:\/\/www.loupitavin.net\/de\/#\/schema\/logo\/image\/","url":"https:\/\/www.loupitavin.net\/wp-content\/uploads\/2023\/03\/cropped-cropped-logo-scuro1-e1679919910685.png","contentUrl":"https:\/\/www.loupitavin.net\/wp-content\/uploads\/2023\/03\/cropped-cropped-logo-scuro1-e1679919910685.png","width":566,"height":601,"caption":"Lou Pitavin"},"image":{"@id":"https:\/\/www.loupitavin.net\/de\/#\/schema\/logo\/image\/"},"sameAs":["https:\/\/www.facebook.com\/people\/LOCANDA-LOU-PITAVIN\/100063467776264\/","https:\/\/www.instagram.com\/locandaloupitavin\/?hl=tl"]}]}},"jetpack_sharing_enabled":true,"_links":{"self":[{"href":"https:\/\/www.loupitavin.net\/de\/wp-json\/wp\/v2\/pages\/3640","targetHints":{"allow":["GET"]}}],"collection":[{"href":"https:\/\/www.loupitavin.net\/de\/wp-json\/wp\/v2\/pages"}],"about":[{"href":"https:\/\/www.loupitavin.net\/de\/wp-json\/wp\/v2\/types\/page"}],"author":[{"embeddable":true,"href":"https:\/\/www.loupitavin.net\/de\/wp-json\/wp\/v2\/users\/1"}],"replies":[{"embeddable":true,"href":"https:\/\/www.loupitavin.net\/de\/wp-json\/wp\/v2\/comments?post=3640"}],"version-history":[{"count":1,"href":"https:\/\/www.loupitavin.net\/de\/wp-json\/wp\/v2\/pages\/3640\/revisions"}],"predecessor-version":[{"id":3641,"href":"https:\/\/www.loupitavin.net\/de\/wp-json\/wp\/v2\/pages\/3640\/revisions\/3641"}],"wp:attachment":[{"href":"https:\/\/www.loupitavin.net\/de\/wp-json\/wp\/v2\/media?parent=3640"}],"curies":[{"name":"wp","href":"https:\/\/api.w.org\/{rel}","templated":true}]}}