{"id":3634,"date":"2023-03-15T09:41:15","date_gmt":"2023-03-15T09:41:15","guid":{"rendered":"https:\/\/www.loupitavin.net\/das-restaurant\/"},"modified":"2025-01-25T18:20:48","modified_gmt":"2025-01-25T18:20:48","slug":"das-restaurant","status":"publish","type":"page","link":"https:\/\/www.loupitavin.net\/de\/das-restaurant\/","title":{"rendered":"Das Restaurant"},"content":{"rendered":"\t\t<div data-elementor-type=\"wp-page\" data-elementor-id=\"3634\" class=\"elementor elementor-3634 elementor-1261\" data-elementor-post-type=\"page\">\n\t\t\t\t\t\t<section class=\"elementor-section elementor-top-section elementor-element elementor-element-5b86a3c6 elementor-section-full_width elementor-section-content-top elementor-section-stretched elementor-section-height-default elementor-section-height-default\" data-id=\"5b86a3c6\" data-element_type=\"section\" data-e-type=\"section\" data-settings=\"{&quot;stretch_section&quot;:&quot;section-stretched&quot;,&quot;background_background&quot;:&quot;classic&quot;}\">\n\t\t\t\t\t\t\t<div class=\"elementor-background-overlay\"><\/div>\n\t\t\t\t\t\t\t<div class=\"elementor-container elementor-column-gap-no\">\n\t\t\t\t\t<div class=\"elementor-column elementor-col-100 elementor-top-column elementor-element elementor-element-14d24fae\" data-id=\"14d24fae\" data-element_type=\"column\" data-e-type=\"column\">\n\t\t\t<div class=\"elementor-widget-wrap elementor-element-populated\">\n\t\t\t\t\t\t<div class=\"elementor-element elementor-element-4f50b28c elementor-widget elementor-widget-heading\" data-id=\"4f50b28c\" data-element_type=\"widget\" data-e-type=\"widget\" data-widget_type=\"heading.default\">\n\t\t\t\t<div class=\"elementor-widget-container\">\n\t\t\t\t\t<h1 class=\"elementor-heading-title elementor-size-default\">UNSER RESTAURANT<\/h1>\t\t\t\t<\/div>\n\t\t\t\t<\/div>\n\t\t\t\t<div class=\"elementor-element elementor-element-284d6bb5 elementor-widget elementor-widget-heading\" data-id=\"284d6bb5\" data-element_type=\"widget\" data-e-type=\"widget\" data-widget_type=\"heading.default\">\n\t\t\t\t<div class=\"elementor-widget-container\">\n\t\t\t\t\t<p class=\"elementor-heading-title elementor-size-default\">Emotionen am Tisch erleben und teilen<\/p>\t\t\t\t<\/div>\n\t\t\t\t<\/div>\n\t\t\t\t\t<\/div>\n\t\t<\/div>\n\t\t\t\t\t<\/div>\n\t\t<\/section>\n\t\t\t\t<section class=\"elementor-section elementor-top-section elementor-element elementor-element-202d1f9 elementor-section-boxed elementor-section-height-default elementor-section-height-default\" data-id=\"202d1f9\" data-element_type=\"section\" data-e-type=\"section\">\n\t\t\t\t\t\t<div class=\"elementor-container elementor-column-gap-default\">\n\t\t\t\t\t<div class=\"elementor-column elementor-col-100 elementor-top-column elementor-element elementor-element-48bcc9d\" data-id=\"48bcc9d\" data-element_type=\"column\" data-e-type=\"column\">\n\t\t\t<div class=\"elementor-widget-wrap elementor-element-populated\">\n\t\t\t\t\t\t<div class=\"elementor-element elementor-element-c742f57 elementor-headline--style-highlight elementor-widget elementor-widget-animated-headline\" data-id=\"c742f57\" data-element_type=\"widget\" data-e-type=\"widget\" data-settings=\"{&quot;marker&quot;:&quot;underline&quot;,&quot;highlighted_text&quot;:&quot;Wir sch\\u00e4tzen die Rohstoffe, die uns die Natur bietet&quot;,&quot;headline_style&quot;:&quot;highlight&quot;,&quot;highlight_animation_duration&quot;:1200}\" data-widget_type=\"animated-headline.default\">\n\t\t\t\t<div class=\"elementor-widget-container\">\n\t\t\t\t\t\t\t<h2 class=\"elementor-headline\">\n\t\t\t\t<span class=\"elementor-headline-dynamic-wrapper elementor-headline-text-wrapper\">\n\t\t\t\t\t<span class=\"elementor-headline-dynamic-text elementor-headline-text-active\">Wir sch\u00e4tzen die Rohstoffe, die uns die Natur bietet<\/span>\n\t\t\t\t<\/span>\n\t\t\t\t<\/h2>\n\t\t\t\t\t\t<\/div>\n\t\t\t\t<\/div>\n\t\t\t\t<div class=\"elementor-element elementor-element-aa37a2b elementor-widget elementor-widget-text-editor\" data-id=\"aa37a2b\" data-element_type=\"widget\" data-e-type=\"widget\" data-widget_type=\"text-editor.default\">\n\t\t\t\t<div class=\"elementor-widget-container\">\n\t\t\t\t\t\t\t\t\t<p>Wir glauben an die Bedeutung dessen, was wir essen, und sind davon \u00fcberzeugt, dass Nachhaltigkeit und Umweltschutz schon auf dem Einkaufszettel stehen. Wir sind davon \u00fcberzeugt, dass nichts ges\u00fcnder und schmackhafter ist als die Produkte unseres Landes. Deshalb w\u00e4hlen wir unsere Lieferanten sorgf\u00e4ltig aus einer Liste von zertifizierten Bio-Unternehmen und Unternehmen aus, die mit R\u00fccksicht auf das landwirtschaftliche \u00d6kosystem arbeiten und die biologische Vielfalt f\u00f6rdern. Es sind Menschen, zu denen wir &#8220;tu&#8221; sagen, so wie sie es zu uns tun; Menschen, die wir kennen und sch\u00e4tzen.<\/p>\n<p>\u200b<\/p>\n<p>Wir w\u00e4hlen Obst und Gem\u00fcse in Marmora, San Damiano und Dronero, Fleisch in Caraglio, K\u00e4se im ganzen Tal, Mehl im Mulino della Riviera und so weiter f\u00fcr alle Rohstoffe.<\/p>\n<p>Was ist mit Produkten, die zwangsl\u00e4ufig importiert werden m\u00fcssen? Wir wenden uns an den Fair-Trade-Kreislauf.<\/p>\n\t\t\t\t\t\t\t\t<\/div>\n\t\t\t\t<\/div>\n\t\t\t\t\t<\/div>\n\t\t<\/div>\n\t\t\t\t\t<\/div>\n\t\t<\/section>\n\t\t\t\t<section class=\"elementor-section elementor-top-section elementor-element elementor-element-7db588b elementor-section-stretched elementor-section-boxed elementor-section-height-default elementor-section-height-default\" data-id=\"7db588b\" data-element_type=\"section\" data-e-type=\"section\" data-settings=\"{&quot;stretch_section&quot;:&quot;section-stretched&quot;,&quot;background_background&quot;:&quot;classic&quot;}\">\n\t\t\t\t\t\t<div class=\"elementor-container elementor-column-gap-no\">\n\t\t\t\t\t<div class=\"elementor-column elementor-col-50 elementor-top-column elementor-element elementor-element-9e1a7a3\" data-id=\"9e1a7a3\" data-element_type=\"column\" data-e-type=\"column\">\n\t\t\t<div class=\"elementor-widget-wrap elementor-element-populated\">\n\t\t\t\t\t\t<div class=\"elementor-element elementor-element-1352dbe elementor-widget elementor-widget-heading\" data-id=\"1352dbe\" data-element_type=\"widget\" data-e-type=\"widget\" data-widget_type=\"heading.default\">\n\t\t\t\t<div class=\"elementor-widget-container\">\n\t\t\t\t\t<h4 class=\"elementor-heading-title elementor-size-default\">Wir sind vom 19. April bis zum 1. November ge\u00f6ffnet.<br>\nMittagessen nur samstags und sonntags mit einem <b>festen Men\u00fc<\/b> <br>\nAbendessen jeden Abend mit Men\u00fc und <b>\u00e0 la carte<\/b><\/h4>\t\t\t\t<\/div>\n\t\t\t\t<\/div>\n\t\t\t\t\t<\/div>\n\t\t<\/div>\n\t\t\t\t<div class=\"elementor-column elementor-col-50 elementor-top-column elementor-element elementor-element-9ce3c22\" data-id=\"9ce3c22\" data-element_type=\"column\" data-e-type=\"column\">\n\t\t\t<div class=\"elementor-widget-wrap elementor-element-populated\">\n\t\t\t\t\t\t<div class=\"elementor-element elementor-element-f238d4f elementor-align-center elementor-widget elementor-widget-button\" data-id=\"f238d4f\" data-element_type=\"widget\" data-e-type=\"widget\" data-widget_type=\"button.default\">\n\t\t\t\t<div class=\"elementor-widget-container\">\n\t\t\t\t\t\t\t\t\t<div class=\"elementor-button-wrapper\">\n\t\t\t\t\t<a class=\"elementor-button elementor-button-link elementor-size-lg elementor-animation-grow\" href=\"https:\/\/www.loupitavin.net\/de\/unsere-kontakte\/\">\n\t\t\t\t\t\t<span class=\"elementor-button-content-wrapper\">\n\t\t\t\t\t\t<span class=\"elementor-button-icon\">\n\t\t\t\t<i aria-hidden=\"true\" class=\"fas fa-utensils\"><\/i>\t\t\t<\/span>\n\t\t\t\t\t\t\t\t\t<span class=\"elementor-button-text\">TISCH BUCHEN<\/span>\n\t\t\t\t\t<\/span>\n\t\t\t\t\t<\/a>\n\t\t\t\t<\/div>\n\t\t\t\t\t\t\t\t<\/div>\n\t\t\t\t<\/div>\n\t\t\t\t\t<\/div>\n\t\t<\/div>\n\t\t\t\t\t<\/div>\n\t\t<\/section>\n\t\t\t\t<section class=\"elementor-section elementor-top-section elementor-element elementor-element-3f8e06f elementor-section-full_width elementor-section-stretched elementor-section-height-default elementor-section-height-default\" data-id=\"3f8e06f\" data-element_type=\"section\" data-e-type=\"section\" data-settings=\"{&quot;stretch_section&quot;:&quot;section-stretched&quot;}\">\n\t\t\t\t\t\t<div class=\"elementor-container elementor-column-gap-default\">\n\t\t\t\t\t<div class=\"elementor-column elementor-col-100 elementor-top-column elementor-element elementor-element-dcca114\" data-id=\"dcca114\" data-element_type=\"column\" data-e-type=\"column\">\n\t\t\t<div class=\"elementor-widget-wrap elementor-element-populated\">\n\t\t\t\t\t\t<div class=\"elementor-element elementor-element-567e576 elementor-skin-carousel elementor-arrows-yes elementor-pagination-type-bullets elementor-pagination-position-outside elementor-widget elementor-widget-media-carousel\" data-id=\"567e576\" data-element_type=\"widget\" data-e-type=\"widget\" data-settings=\"{&quot;slides_per_view&quot;:&quot;4&quot;,&quot;slides_to_scroll&quot;:&quot;4&quot;,&quot;skin&quot;:&quot;carousel&quot;,&quot;effect&quot;:&quot;slide&quot;,&quot;show_arrows&quot;:&quot;yes&quot;,&quot;pagination&quot;:&quot;bullets&quot;,&quot;speed&quot;:500,&quot;autoplay&quot;:&quot;yes&quot;,&quot;autoplay_speed&quot;:5000,&quot;loop&quot;:&quot;yes&quot;,&quot;pause_on_hover&quot;:&quot;yes&quot;,&quot;pause_on_interaction&quot;:&quot;yes&quot;,&quot;space_between&quot;:{&quot;unit&quot;:&quot;px&quot;,&quot;size&quot;:10,&quot;sizes&quot;:[]},&quot;space_between_tablet&quot;:{&quot;unit&quot;:&quot;px&quot;,&quot;size&quot;:10,&quot;sizes&quot;:[]},&quot;space_between_mobile&quot;:{&quot;unit&quot;:&quot;px&quot;,&quot;size&quot;:10,&quot;sizes&quot;:[]}}\" data-widget_type=\"media-carousel.default\">\n\t\t\t\t<div class=\"elementor-widget-container\">\n\t\t\t\t\t\t\t\t\t<div class=\"elementor-swiper\">\n\t\t\t\t\t<div class=\"elementor-main-swiper swiper\" role=\"region\" aria-roledescription=\"carousel\" aria-label=\"Slider\">\n\t\t\t\t<div class=\"swiper-wrapper\">\n\t\t\t\t\t\t\t\t\t\t\t<div class=\"swiper-slide\" role=\"group\" aria-roledescription=\"slide\">\n\t\t\t\t\t\t\t<a href=\"https:\/\/www.loupitavin.net\/wp-content\/uploads\/2023\/03\/ristorante4.jpeg\" data-elementor-open-lightbox=\"yes\" data-elementor-lightbox-slideshow=\"567e576\" data-elementor-lightbox-title=\"ristorante4\" data-e-action-hash=\"#elementor-action%3Aaction%3Dlightbox%26settings%3DeyJpZCI6MTI3OSwidXJsIjoiaHR0cHM6XC9cL3d3dy5sb3VwaXRhdmluLm5ldFwvd3AtY29udGVudFwvdXBsb2Fkc1wvMjAyM1wvMDNcL3Jpc3RvcmFudGU0LmpwZWciLCJzbGlkZXNob3ciOiI1NjdlNTc2In0%3D\">\t\t<div class=\"elementor-carousel-image\" role=\"img\" aria-label=\"ristorante4\" style=\"background-image: url(&#039;https:\/\/www.loupitavin.net\/wp-content\/uploads\/2023\/03\/ristorante4.jpeg&#039;)\">\n\n\t\t\t\n\t\t\t\t\t<\/div>\n\t\t<\/a>\t\t\t\t\t\t<\/div>\n\t\t\t\t\t\t\t\t\t\t\t<div class=\"swiper-slide\" role=\"group\" aria-roledescription=\"slide\">\n\t\t\t\t\t\t\t\t\t<div class=\"elementor-carousel-image\" role=\"img\" aria-label=\"ristorante2\" style=\"background-image: url(&#039;https:\/\/www.loupitavin.net\/wp-content\/uploads\/2023\/03\/ristorante2.jpeg&#039;)\">\n\n\t\t\t\n\t\t\t\t\t<\/div>\n\t\t\t\t\t\t\t\t<\/div>\n\t\t\t\t\t\t\t\t\t\t\t<div class=\"swiper-slide\" role=\"group\" aria-roledescription=\"slide\">\n\t\t\t\t\t\t\t<a href=\"https:\/\/www.loupitavin.net\/wp-content\/uploads\/2023\/03\/ristorante1.jpeg\" data-elementor-open-lightbox=\"yes\" data-elementor-lightbox-slideshow=\"567e576\" data-elementor-lightbox-title=\"ristorante1\" data-e-action-hash=\"#elementor-action%3Aaction%3Dlightbox%26settings%3DeyJpZCI6MTI5MSwidXJsIjoiaHR0cHM6XC9cL3d3dy5sb3VwaXRhdmluLm5ldFwvd3AtY29udGVudFwvdXBsb2Fkc1wvMjAyM1wvMDNcL3Jpc3RvcmFudGUxLmpwZWciLCJzbGlkZXNob3ciOiI1NjdlNTc2In0%3D\">\t\t<div class=\"elementor-carousel-image\" role=\"img\" aria-label=\"ristorante1\" style=\"background-image: url(&#039;https:\/\/www.loupitavin.net\/wp-content\/uploads\/2023\/03\/ristorante1.jpeg&#039;)\">\n\n\t\t\t\n\t\t\t\t\t<\/div>\n\t\t<\/a>\t\t\t\t\t\t<\/div>\n\t\t\t\t\t\t\t\t\t\t\t<div class=\"swiper-slide\" role=\"group\" aria-roledescription=\"slide\">\n\t\t\t\t\t\t\t<a href=\"https:\/\/www.loupitavin.net\/wp-content\/uploads\/2023\/03\/ristorante3.jpeg\" data-elementor-open-lightbox=\"yes\" data-elementor-lightbox-slideshow=\"567e576\" data-elementor-lightbox-title=\"ristorante3\" data-e-action-hash=\"#elementor-action%3Aaction%3Dlightbox%26settings%3DeyJpZCI6MTI4NywidXJsIjoiaHR0cHM6XC9cL3d3dy5sb3VwaXRhdmluLm5ldFwvd3AtY29udGVudFwvdXBsb2Fkc1wvMjAyM1wvMDNcL3Jpc3RvcmFudGUzLmpwZWciLCJzbGlkZXNob3ciOiI1NjdlNTc2In0%3D\">\t\t<div class=\"elementor-carousel-image\" role=\"img\" aria-label=\"ristorante3\" style=\"background-image: url(&#039;https:\/\/www.loupitavin.net\/wp-content\/uploads\/2023\/03\/ristorante3.jpeg&#039;)\">\n\n\t\t\t\n\t\t\t\t\t<\/div>\n\t\t<\/a>\t\t\t\t\t\t<\/div>\n\t\t\t\t\t\t\t\t\t\t\t<div class=\"swiper-slide\" role=\"group\" aria-roledescription=\"slide\">\n\t\t\t\t\t\t\t<a href=\"https:\/\/www.loupitavin.net\/wp-content\/uploads\/2023\/03\/ristorante.jpg\" data-elementor-open-lightbox=\"yes\" data-elementor-lightbox-slideshow=\"567e576\" data-elementor-lightbox-title=\"ristorante\" data-e-action-hash=\"#elementor-action%3Aaction%3Dlightbox%26settings%3DeyJpZCI6NzUxLCJ1cmwiOiJodHRwczpcL1wvd3d3LmxvdXBpdGF2aW4ubmV0XC93cC1jb250ZW50XC91cGxvYWRzXC8yMDIzXC8wM1wvcmlzdG9yYW50ZS5qcGciLCJzbGlkZXNob3ciOiI1NjdlNTc2In0%3D\">\t\t<div class=\"elementor-carousel-image\" role=\"img\" aria-label=\"ristorante\" style=\"background-image: url(&#039;https:\/\/www.loupitavin.net\/wp-content\/uploads\/2023\/03\/ristorante.jpg&#039;)\">\n\n\t\t\t\n\t\t\t\t\t<\/div>\n\t\t<\/a>\t\t\t\t\t\t<\/div>\n\t\t\t\t\t\t\t\t\t\t\t<div class=\"swiper-slide\" role=\"group\" aria-roledescription=\"slide\">\n\t\t\t\t\t\t\t\t\t<div class=\"elementor-carousel-image\" role=\"img\" aria-label=\"tavolo-dritto\" style=\"background-image: url(&#039;https:\/\/www.loupitavin.net\/wp-content\/uploads\/2023\/03\/tavolo-dritto.jpg&#039;)\">\n\n\t\t\t\n\t\t\t\t\t<\/div>\n\t\t\t\t\t\t\t\t<\/div>\n\t\t\t\t\t\t\t\t\t<\/div>\n\t\t\t\t\t\t\t\t\t\t\t\t\t\t\t<div class=\"elementor-swiper-button elementor-swiper-button-prev\" role=\"button\" tabindex=\"0\" aria-label=\"Voriger\">\n\t\t\t\t\t\t\t<i aria-hidden=\"true\" class=\"eicon-chevron-left\"><\/i>\t\t\t\t\t\t<\/div>\n\t\t\t\t\t\t<div class=\"elementor-swiper-button elementor-swiper-button-next\" role=\"button\" tabindex=\"0\" aria-label=\"N\u00e4chster\">\n\t\t\t\t\t\t\t<i aria-hidden=\"true\" class=\"eicon-chevron-right\"><\/i>\t\t\t\t\t\t<\/div>\n\t\t\t\t\t\t\t\t\t\t\t\t\t\t\t\t<div class=\"swiper-pagination\"><\/div>\n\t\t\t\t\t\t\t\t\t\t\t\t<\/div>\n\t\t\t\t<\/div>\n\t\t\t\t\t\t\t\t<\/div>\n\t\t\t\t<\/div>\n\t\t\t\t\t<\/div>\n\t\t<\/div>\n\t\t\t\t\t<\/div>\n\t\t<\/section>\n\t\t\t\t<\/div>\n\t\t","protected":false},"excerpt":{"rendered":"<p>UNSER RESTAURANT Emotionen am Tisch erleben und teilen Wir sch\u00e4tzen die Rohstoffe, die uns die Natur bietet Wir glauben an die Bedeutung dessen, was wir essen, und sind davon \u00fcberzeugt, dass Nachhaltigkeit und Umweltschutz schon auf dem Einkaufszettel stehen. Wir sind davon \u00fcberzeugt, dass nichts ges\u00fcnder und schmackhafter ist als die Produkte unseres Landes. Deshalb &#8230; <a title=\"Das Restaurant\" class=\"read-more\" href=\"https:\/\/www.loupitavin.net\/de\/das-restaurant\/\" aria-label=\"Mehr Informationen \u00fcber Das Restaurant\">Weiterlesen &#8230;<\/a><\/p>\n","protected":false},"author":1,"featured_media":0,"parent":0,"menu_order":0,"comment_status":"closed","ping_status":"closed","template":"template-gutentor-full-width.php","meta":{"footnotes":""},"class_list":["post-3634","page","type-page","status-publish"],"yoast_head":"<!-- This site is optimized with the Yoast SEO plugin v27.3 - https:\/\/yoast.com\/product\/yoast-seo-wordpress\/ -->\n<title>Unser Restaurant | Lou Pitavin | Valle Maira<\/title>\n<meta name=\"description\" content=\"Entdecken Sie das reizvolle kleine Restaurant inmitten der Natur; Lou Pitavin bietet typische, aber innovative Gerichte mit authentischen Aromen. Jetzt buchen!\" \/>\n<meta name=\"robots\" content=\"index, follow, max-snippet:-1, max-image-preview:large, max-video-preview:-1\" \/>\n<link rel=\"canonical\" href=\"https:\/\/www.loupitavin.net\/de\/das-restaurant\/\" \/>\n<meta property=\"og:locale\" content=\"de_DE\" \/>\n<meta property=\"og:type\" content=\"article\" \/>\n<meta property=\"og:title\" content=\"Unser Restaurant | Lou Pitavin | Valle Maira\" \/>\n<meta property=\"og:description\" content=\"Entdecken Sie das reizvolle kleine Restaurant inmitten der Natur; Lou Pitavin bietet typische, aber innovative Gerichte mit authentischen Aromen. Jetzt buchen!\" \/>\n<meta property=\"og:url\" content=\"https:\/\/www.loupitavin.net\/de\/das-restaurant\/\" \/>\n<meta property=\"og:site_name\" content=\"Loupitavin\" \/>\n<meta property=\"article:publisher\" content=\"https:\/\/www.facebook.com\/people\/LOCANDA-LOU-PITAVIN\/100063467776264\/\" \/>\n<meta property=\"article:modified_time\" content=\"2025-01-25T18:20:48+00:00\" \/>\n<meta name=\"twitter:card\" content=\"summary_large_image\" \/>\n<meta name=\"twitter:label1\" content=\"Gesch\u00e4tzte Lesezeit\" \/>\n\t<meta name=\"twitter:data1\" content=\"1\u00a0Minute\" \/>\n<script type=\"application\/ld+json\" class=\"yoast-schema-graph\">{\"@context\":\"https:\\\/\\\/schema.org\",\"@graph\":[{\"@type\":\"WebPage\",\"@id\":\"https:\\\/\\\/www.loupitavin.net\\\/de\\\/das-restaurant\\\/\",\"url\":\"https:\\\/\\\/www.loupitavin.net\\\/de\\\/das-restaurant\\\/\",\"name\":\"Unser Restaurant | Lou Pitavin | Valle Maira\",\"isPartOf\":{\"@id\":\"https:\\\/\\\/www.loupitavin.net\\\/de\\\/#website\"},\"datePublished\":\"2023-03-15T09:41:15+00:00\",\"dateModified\":\"2025-01-25T18:20:48+00:00\",\"description\":\"Entdecken Sie das reizvolle kleine Restaurant inmitten der Natur; Lou Pitavin bietet typische, aber innovative Gerichte mit authentischen Aromen. Jetzt buchen!\",\"breadcrumb\":{\"@id\":\"https:\\\/\\\/www.loupitavin.net\\\/de\\\/das-restaurant\\\/#breadcrumb\"},\"inLanguage\":\"de\",\"potentialAction\":[{\"@type\":\"ReadAction\",\"target\":[\"https:\\\/\\\/www.loupitavin.net\\\/de\\\/das-restaurant\\\/\"]}]},{\"@type\":\"BreadcrumbList\",\"@id\":\"https:\\\/\\\/www.loupitavin.net\\\/de\\\/das-restaurant\\\/#breadcrumb\",\"itemListElement\":[{\"@type\":\"ListItem\",\"position\":1,\"name\":\"Home\",\"item\":\"https:\\\/\\\/www.loupitavin.net\\\/de\\\/\"},{\"@type\":\"ListItem\",\"position\":2,\"name\":\"Das Restaurant\"}]},{\"@type\":\"WebSite\",\"@id\":\"https:\\\/\\\/www.loupitavin.net\\\/de\\\/#website\",\"url\":\"https:\\\/\\\/www.loupitavin.net\\\/de\\\/\",\"name\":\"Lou Pitavin\",\"description\":\"Locanda a Marmora Valle Maira\",\"publisher\":{\"@id\":\"https:\\\/\\\/www.loupitavin.net\\\/de\\\/#organization\"},\"potentialAction\":[{\"@type\":\"SearchAction\",\"target\":{\"@type\":\"EntryPoint\",\"urlTemplate\":\"https:\\\/\\\/www.loupitavin.net\\\/de\\\/?s={search_term_string}\"},\"query-input\":{\"@type\":\"PropertyValueSpecification\",\"valueRequired\":true,\"valueName\":\"search_term_string\"}}],\"inLanguage\":\"de\"},{\"@type\":\"Organization\",\"@id\":\"https:\\\/\\\/www.loupitavin.net\\\/de\\\/#organization\",\"name\":\"Lou Pitavin\",\"alternateName\":\"Lou Pitavin Locanda a Marmora Valle Maira\",\"url\":\"https:\\\/\\\/www.loupitavin.net\\\/de\\\/\",\"logo\":{\"@type\":\"ImageObject\",\"inLanguage\":\"de\",\"@id\":\"https:\\\/\\\/www.loupitavin.net\\\/de\\\/#\\\/schema\\\/logo\\\/image\\\/\",\"url\":\"https:\\\/\\\/www.loupitavin.net\\\/wp-content\\\/uploads\\\/2023\\\/03\\\/cropped-cropped-logo-scuro1-e1679919910685.png\",\"contentUrl\":\"https:\\\/\\\/www.loupitavin.net\\\/wp-content\\\/uploads\\\/2023\\\/03\\\/cropped-cropped-logo-scuro1-e1679919910685.png\",\"width\":566,\"height\":601,\"caption\":\"Lou Pitavin\"},\"image\":{\"@id\":\"https:\\\/\\\/www.loupitavin.net\\\/de\\\/#\\\/schema\\\/logo\\\/image\\\/\"},\"sameAs\":[\"https:\\\/\\\/www.facebook.com\\\/people\\\/LOCANDA-LOU-PITAVIN\\\/100063467776264\\\/\",\"https:\\\/\\\/www.instagram.com\\\/locandaloupitavin\\\/?hl=tl\"]}]}<\/script>\n<!-- \/ Yoast SEO plugin. -->","yoast_head_json":{"title":"Unser Restaurant | Lou Pitavin | Valle Maira","description":"Entdecken Sie das reizvolle kleine Restaurant inmitten der Natur; Lou Pitavin bietet typische, aber innovative Gerichte mit authentischen Aromen. Jetzt buchen!","robots":{"index":"index","follow":"follow","max-snippet":"max-snippet:-1","max-image-preview":"max-image-preview:large","max-video-preview":"max-video-preview:-1"},"canonical":"https:\/\/www.loupitavin.net\/de\/das-restaurant\/","og_locale":"de_DE","og_type":"article","og_title":"Unser Restaurant | Lou Pitavin | Valle Maira","og_description":"Entdecken Sie das reizvolle kleine Restaurant inmitten der Natur; Lou Pitavin bietet typische, aber innovative Gerichte mit authentischen Aromen. Jetzt buchen!","og_url":"https:\/\/www.loupitavin.net\/de\/das-restaurant\/","og_site_name":"Loupitavin","article_publisher":"https:\/\/www.facebook.com\/people\/LOCANDA-LOU-PITAVIN\/100063467776264\/","article_modified_time":"2025-01-25T18:20:48+00:00","twitter_card":"summary_large_image","twitter_misc":{"Gesch\u00e4tzte Lesezeit":"1\u00a0Minute"},"schema":{"@context":"https:\/\/schema.org","@graph":[{"@type":"WebPage","@id":"https:\/\/www.loupitavin.net\/de\/das-restaurant\/","url":"https:\/\/www.loupitavin.net\/de\/das-restaurant\/","name":"Unser Restaurant | Lou Pitavin | Valle Maira","isPartOf":{"@id":"https:\/\/www.loupitavin.net\/de\/#website"},"datePublished":"2023-03-15T09:41:15+00:00","dateModified":"2025-01-25T18:20:48+00:00","description":"Entdecken Sie das reizvolle kleine Restaurant inmitten der Natur; Lou Pitavin bietet typische, aber innovative Gerichte mit authentischen Aromen. Jetzt buchen!","breadcrumb":{"@id":"https:\/\/www.loupitavin.net\/de\/das-restaurant\/#breadcrumb"},"inLanguage":"de","potentialAction":[{"@type":"ReadAction","target":["https:\/\/www.loupitavin.net\/de\/das-restaurant\/"]}]},{"@type":"BreadcrumbList","@id":"https:\/\/www.loupitavin.net\/de\/das-restaurant\/#breadcrumb","itemListElement":[{"@type":"ListItem","position":1,"name":"Home","item":"https:\/\/www.loupitavin.net\/de\/"},{"@type":"ListItem","position":2,"name":"Das Restaurant"}]},{"@type":"WebSite","@id":"https:\/\/www.loupitavin.net\/de\/#website","url":"https:\/\/www.loupitavin.net\/de\/","name":"Lou Pitavin","description":"Locanda a Marmora Valle Maira","publisher":{"@id":"https:\/\/www.loupitavin.net\/de\/#organization"},"potentialAction":[{"@type":"SearchAction","target":{"@type":"EntryPoint","urlTemplate":"https:\/\/www.loupitavin.net\/de\/?s={search_term_string}"},"query-input":{"@type":"PropertyValueSpecification","valueRequired":true,"valueName":"search_term_string"}}],"inLanguage":"de"},{"@type":"Organization","@id":"https:\/\/www.loupitavin.net\/de\/#organization","name":"Lou Pitavin","alternateName":"Lou Pitavin Locanda a Marmora Valle Maira","url":"https:\/\/www.loupitavin.net\/de\/","logo":{"@type":"ImageObject","inLanguage":"de","@id":"https:\/\/www.loupitavin.net\/de\/#\/schema\/logo\/image\/","url":"https:\/\/www.loupitavin.net\/wp-content\/uploads\/2023\/03\/cropped-cropped-logo-scuro1-e1679919910685.png","contentUrl":"https:\/\/www.loupitavin.net\/wp-content\/uploads\/2023\/03\/cropped-cropped-logo-scuro1-e1679919910685.png","width":566,"height":601,"caption":"Lou Pitavin"},"image":{"@id":"https:\/\/www.loupitavin.net\/de\/#\/schema\/logo\/image\/"},"sameAs":["https:\/\/www.facebook.com\/people\/LOCANDA-LOU-PITAVIN\/100063467776264\/","https:\/\/www.instagram.com\/locandaloupitavin\/?hl=tl"]}]}},"jetpack_sharing_enabled":true,"_links":{"self":[{"href":"https:\/\/www.loupitavin.net\/de\/wp-json\/wp\/v2\/pages\/3634","targetHints":{"allow":["GET"]}}],"collection":[{"href":"https:\/\/www.loupitavin.net\/de\/wp-json\/wp\/v2\/pages"}],"about":[{"href":"https:\/\/www.loupitavin.net\/de\/wp-json\/wp\/v2\/types\/page"}],"author":[{"embeddable":true,"href":"https:\/\/www.loupitavin.net\/de\/wp-json\/wp\/v2\/users\/1"}],"replies":[{"embeddable":true,"href":"https:\/\/www.loupitavin.net\/de\/wp-json\/wp\/v2\/comments?post=3634"}],"version-history":[{"count":10,"href":"https:\/\/www.loupitavin.net\/de\/wp-json\/wp\/v2\/pages\/3634\/revisions"}],"predecessor-version":[{"id":7918,"href":"https:\/\/www.loupitavin.net\/de\/wp-json\/wp\/v2\/pages\/3634\/revisions\/7918"}],"wp:attachment":[{"href":"https:\/\/www.loupitavin.net\/de\/wp-json\/wp\/v2\/media?parent=3634"}],"curies":[{"name":"wp","href":"https:\/\/api.w.org\/{rel}","templated":true}]}}