{"id":3622,"date":"2023-03-13T08:06:38","date_gmt":"2023-03-13T08:06:38","guid":{"rendered":"https:\/\/www.loupitavin.net\/climahotel-klimahotel\/"},"modified":"2023-06-14T08:23:02","modified_gmt":"2023-06-14T08:23:02","slug":"climahotel-klimahotel","status":"publish","type":"page","link":"https:\/\/www.loupitavin.net\/de\/climahotel-klimahotel\/","title":{"rendered":"ClimaHotel &#8211; KlimaHotel"},"content":{"rendered":"\t\t<div data-elementor-type=\"wp-page\" data-elementor-id=\"3622\" class=\"elementor elementor-3622 elementor-983\" data-elementor-post-type=\"page\">\n\t\t\t\t\t\t<section class=\"elementor-section elementor-top-section elementor-element elementor-element-61bcdbd elementor-section-full_width elementor-section-content-top elementor-section-stretched elementor-section-height-default elementor-section-height-default\" data-id=\"61bcdbd\" data-element_type=\"section\" data-e-type=\"section\" data-settings=\"{&quot;stretch_section&quot;:&quot;section-stretched&quot;,&quot;background_background&quot;:&quot;classic&quot;}\">\n\t\t\t\t\t\t\t<div class=\"elementor-background-overlay\"><\/div>\n\t\t\t\t\t\t\t<div class=\"elementor-container elementor-column-gap-no\">\n\t\t\t\t\t<div class=\"elementor-column elementor-col-100 elementor-top-column elementor-element elementor-element-6d634eb2\" data-id=\"6d634eb2\" data-element_type=\"column\" data-e-type=\"column\">\n\t\t\t<div class=\"elementor-widget-wrap elementor-element-populated\">\n\t\t\t\t\t\t<div class=\"elementor-element elementor-element-2e66d1ea elementor-widget elementor-widget-heading\" data-id=\"2e66d1ea\" data-element_type=\"widget\" data-e-type=\"widget\" data-widget_type=\"heading.default\">\n\t\t\t\t<div class=\"elementor-widget-container\">\n\t\t\t\t\t<h1 class=\"elementor-heading-title elementor-size-default\">CLIMAHOTEL<\/h1>\t\t\t\t<\/div>\n\t\t\t\t<\/div>\n\t\t\t\t<div class=\"elementor-element elementor-element-235680a elementor-widget elementor-widget-heading\" data-id=\"235680a\" data-element_type=\"widget\" data-e-type=\"widget\" data-widget_type=\"heading.default\">\n\t\t\t\t<div class=\"elementor-widget-container\">\n\t\t\t\t\t<h2 class=\"elementor-heading-title elementor-size-default\">Holz und Stein, Tradition und Design<\/h2>\t\t\t\t<\/div>\n\t\t\t\t<\/div>\n\t\t\t\t\t<\/div>\n\t\t<\/div>\n\t\t\t\t\t<\/div>\n\t\t<\/section>\n\t\t\t\t<section class=\"elementor-section elementor-top-section elementor-element elementor-element-202d1f9 elementor-section-boxed elementor-section-height-default elementor-section-height-default\" data-id=\"202d1f9\" data-element_type=\"section\" data-e-type=\"section\">\n\t\t\t\t\t\t<div class=\"elementor-container elementor-column-gap-default\">\n\t\t\t\t\t<div class=\"elementor-column elementor-col-100 elementor-top-column elementor-element elementor-element-48bcc9d\" data-id=\"48bcc9d\" data-element_type=\"column\" data-e-type=\"column\">\n\t\t\t<div class=\"elementor-widget-wrap elementor-element-populated\">\n\t\t\t\t\t\t<div class=\"elementor-element elementor-element-c742f57 elementor-headline--style-highlight elementor-widget elementor-widget-animated-headline\" data-id=\"c742f57\" data-element_type=\"widget\" data-e-type=\"widget\" data-settings=\"{&quot;marker&quot;:&quot;underline&quot;,&quot;highlighted_text&quot;:&quot; \\u201cClimaHotel-KlimaHotel\\u201d&quot;,&quot;headline_style&quot;:&quot;highlight&quot;,&quot;highlight_animation_duration&quot;:1200}\" data-widget_type=\"animated-headline.default\">\n\t\t\t\t<div class=\"elementor-widget-container\">\n\t\t\t\t\t\t\t<h2 class=\"elementor-headline\">\n\t\t\t\t\t<span class=\"elementor-headline-plain-text elementor-headline-text-wrapper\">Lou Pitavin:<\/span>\n\t\t\t\t<span class=\"elementor-headline-dynamic-wrapper elementor-headline-text-wrapper\">\n\t\t\t\t\t<span class=\"elementor-headline-dynamic-text elementor-headline-text-active\"> \u201cClimaHotel-KlimaHotel\u201d<\/span>\n\t\t\t\t<\/span>\n\t\t\t\t<\/h2>\n\t\t\t\t\t\t<\/div>\n\t\t\t\t<\/div>\n\t\t\t\t<div class=\"elementor-element elementor-element-aa37a2b elementor-widget elementor-widget-text-editor\" data-id=\"aa37a2b\" data-element_type=\"widget\" data-e-type=\"widget\" data-widget_type=\"text-editor.default\">\n\t\t\t\t<div class=\"elementor-widget-container\">\n\t\t\t\t\t\t\t\t\t<p>Wir haben Lou Pitavin entworfen und gebaut, um dich in einer <strong>intimen und famili\u00e4ren<\/strong> Atmosph\u00e4re empfangen zu k\u00f6nnen. Wir haben jedes Zimmer bis ins kleinste Detail gestaltet, damit sich unsere G\u00e4ste darin entspannen und erholen k\u00f6nnen.<\/p>\n<p><strong>Lou Pitavin<\/strong> bietet verschiedene \u00dcbernachtungsm\u00f6glichkeiten an: wir haben Einer-, Doppelzimmer oder Mehrbett-Zimmer, so dass wir auch gr\u00f6ssere Gruppen bequem beherbergen k\u00f6nnen.<\/p>\n<p>Lou Pitavin bietet die Gelegenheit, eine Gastronomie mit uralten Wurzeln zu entdecken, die okzitanisch-provenzalische Tradition, die jedoch auf kluge Weise neu interpretiert wird: Ravioles, Civet, A\u00efoli; einzigartige Momente einer K\u00fcche, die dich begeistern wird.<\/p>\n<p><strong>Lou Pitavin ist das erste zertifizierte Hotel &#8220;ClimaHotel&#8221; im Nordwesten Italiens<\/strong>. Ein ClimaHotel zeichnet sich durch einen intelligenten Einsatz von Energie, Ressourcen und Materialauswahl aus. Ein nachhaltiger Urlaub, der die Kultur des Ortes respektiert. Ein nachhaltiger Urlaub unter Ber\u00fccksichtigung der lokalen Kultur.<\/p>\n\t\t\t\t\t\t\t\t<\/div>\n\t\t\t\t<\/div>\n\t\t\t\t\t<\/div>\n\t\t<\/div>\n\t\t\t\t\t<\/div>\n\t\t<\/section>\n\t\t\t\t<section class=\"elementor-section elementor-top-section elementor-element elementor-element-7db588b elementor-section-stretched elementor-section-boxed elementor-section-height-default elementor-section-height-default\" data-id=\"7db588b\" data-element_type=\"section\" data-e-type=\"section\" data-settings=\"{&quot;stretch_section&quot;:&quot;section-stretched&quot;,&quot;background_background&quot;:&quot;classic&quot;}\">\n\t\t\t\t\t\t<div class=\"elementor-container elementor-column-gap-no\">\n\t\t\t\t\t<div class=\"elementor-column elementor-col-50 elementor-top-column elementor-element elementor-element-9e1a7a3\" data-id=\"9e1a7a3\" data-element_type=\"column\" data-e-type=\"column\">\n\t\t\t<div class=\"elementor-widget-wrap elementor-element-populated\">\n\t\t\t\t\t\t<div class=\"elementor-element elementor-element-1352dbe elementor-widget elementor-widget-heading\" data-id=\"1352dbe\" data-element_type=\"widget\" data-e-type=\"widget\" data-widget_type=\"heading.default\">\n\t\t\t\t<div class=\"elementor-widget-container\">\n\t\t\t\t\t<h4 class=\"elementor-heading-title elementor-size-default\">Geniesse die Stille, lausche dem Bach,\nwandere gem\u00fctlich, erhole dich \u2026<\/h4>\t\t\t\t<\/div>\n\t\t\t\t<\/div>\n\t\t\t\t\t<\/div>\n\t\t<\/div>\n\t\t\t\t<div class=\"elementor-column elementor-col-50 elementor-top-column elementor-element elementor-element-9ce3c22\" data-id=\"9ce3c22\" data-element_type=\"column\" data-e-type=\"column\">\n\t\t\t<div class=\"elementor-widget-wrap elementor-element-populated\">\n\t\t\t\t\t\t<div class=\"elementor-element elementor-element-4ef065a elementor-align-center elementor-widget elementor-widget-button\" data-id=\"4ef065a\" data-element_type=\"widget\" data-e-type=\"widget\" data-widget_type=\"button.default\">\n\t\t\t\t<div class=\"elementor-widget-container\">\n\t\t\t\t\t\t\t\t\t<div class=\"elementor-button-wrapper\">\n\t\t\t\t\t<a class=\"elementor-button elementor-button-link elementor-size-md\" href=\"https:\/\/booking.bedzzle.com\/desktop\/?apikey=8eeb2203b4d3863527885d7a734eaa72&#038;frmid=27529&#038;frmid=27530&#038;frmid=27531&#038;frmid=27532&#038;frmid=27533&#038;frmid=27534&#038;frmid=27535&#038;frmid=27536&#038;frmid=27537&#038;frmid=27538#search\/cid=2023-06-25&#038;cod=2023-06-27&#038;gpa=A%2CA&#038;cpn=&#038;_=1686727164325\">\n\t\t\t\t\t\t<span class=\"elementor-button-content-wrapper\">\n\t\t\t\t\t\t<span class=\"elementor-button-icon\">\n\t\t\t\t<i aria-hidden=\"true\" class=\"fas fa-concierge-bell\"><\/i>\t\t\t<\/span>\n\t\t\t\t\t\t\t\t\t<span class=\"elementor-button-text\">ZIMMER BUCHEN<\/span>\n\t\t\t\t\t<\/span>\n\t\t\t\t\t<\/a>\n\t\t\t\t<\/div>\n\t\t\t\t\t\t\t\t<\/div>\n\t\t\t\t<\/div>\n\t\t\t\t\t<\/div>\n\t\t<\/div>\n\t\t\t\t\t<\/div>\n\t\t<\/section>\n\t\t\t\t<section class=\"elementor-section elementor-top-section elementor-element elementor-element-3f8e06f elementor-section-full_width elementor-section-stretched elementor-section-height-default elementor-section-height-default\" data-id=\"3f8e06f\" data-element_type=\"section\" data-e-type=\"section\" data-settings=\"{&quot;stretch_section&quot;:&quot;section-stretched&quot;}\">\n\t\t\t\t\t\t<div class=\"elementor-container elementor-column-gap-default\">\n\t\t\t\t\t<div class=\"elementor-column elementor-col-100 elementor-top-column elementor-element elementor-element-dcca114\" data-id=\"dcca114\" data-element_type=\"column\" data-e-type=\"column\">\n\t\t\t<div class=\"elementor-widget-wrap elementor-element-populated\">\n\t\t\t\t\t\t<div class=\"elementor-element elementor-element-567e576 elementor-skin-carousel elementor-arrows-yes elementor-pagination-type-bullets elementor-pagination-position-outside elementor-widget elementor-widget-media-carousel\" data-id=\"567e576\" data-element_type=\"widget\" data-e-type=\"widget\" data-settings=\"{&quot;slides_per_view&quot;:&quot;4&quot;,&quot;slides_to_scroll&quot;:&quot;4&quot;,&quot;skin&quot;:&quot;carousel&quot;,&quot;effect&quot;:&quot;slide&quot;,&quot;show_arrows&quot;:&quot;yes&quot;,&quot;pagination&quot;:&quot;bullets&quot;,&quot;speed&quot;:500,&quot;autoplay&quot;:&quot;yes&quot;,&quot;autoplay_speed&quot;:5000,&quot;loop&quot;:&quot;yes&quot;,&quot;pause_on_hover&quot;:&quot;yes&quot;,&quot;pause_on_interaction&quot;:&quot;yes&quot;,&quot;space_between&quot;:{&quot;unit&quot;:&quot;px&quot;,&quot;size&quot;:10,&quot;sizes&quot;:[]},&quot;space_between_tablet&quot;:{&quot;unit&quot;:&quot;px&quot;,&quot;size&quot;:10,&quot;sizes&quot;:[]},&quot;space_between_mobile&quot;:{&quot;unit&quot;:&quot;px&quot;,&quot;size&quot;:10,&quot;sizes&quot;:[]}}\" data-widget_type=\"media-carousel.default\">\n\t\t\t\t<div class=\"elementor-widget-container\">\n\t\t\t\t\t\t\t\t\t<div class=\"elementor-swiper\">\n\t\t\t\t\t<div class=\"elementor-main-swiper swiper\" role=\"region\" aria-roledescription=\"carousel\" aria-label=\"Slider\">\n\t\t\t\t<div class=\"swiper-wrapper\">\n\t\t\t\t\t\t\t\t\t\t\t<div class=\"swiper-slide\" role=\"group\" aria-roledescription=\"slide\">\n\t\t\t\t\t\t\t<a href=\"https:\/\/www.loupitavin.net\/wp-content\/uploads\/2023\/02\/locanda1.webp\" data-elementor-open-lightbox=\"yes\" data-elementor-lightbox-slideshow=\"567e576\" data-elementor-lightbox-title=\"locanda1\" data-e-action-hash=\"#elementor-action%3Aaction%3Dlightbox%26settings%3DeyJpZCI6MTMwLCJ1cmwiOiJodHRwczpcL1wvd3d3LmxvdXBpdGF2aW4ubmV0XC93cC1jb250ZW50XC91cGxvYWRzXC8yMDIzXC8wMlwvbG9jYW5kYTEud2VicCIsInNsaWRlc2hvdyI6IjU2N2U1NzYifQ%3D%3D\">\t\t<div class=\"elementor-carousel-image\" role=\"img\" aria-label=\"locanda1\" style=\"background-image: url(&#039;https:\/\/www.loupitavin.net\/wp-content\/uploads\/2023\/02\/locanda1.webp&#039;)\">\n\n\t\t\t\n\t\t\t\t\t<\/div>\n\t\t<\/a>\t\t\t\t\t\t<\/div>\n\t\t\t\t\t\t\t\t\t\t\t<div class=\"swiper-slide\" role=\"group\" aria-roledescription=\"slide\">\n\t\t\t\t\t\t\t\t\t<div class=\"elementor-carousel-image\" role=\"img\" aria-label=\"ristorante2\" style=\"background-image: url(&#039;https:\/\/www.loupitavin.net\/wp-content\/uploads\/2023\/03\/ristorante2.jpeg&#039;)\">\n\n\t\t\t\n\t\t\t\t\t<\/div>\n\t\t\t\t\t\t\t\t<\/div>\n\t\t\t\t\t\t\t\t\t\t\t<div class=\"swiper-slide\" role=\"group\" aria-roledescription=\"slide\">\n\t\t\t\t\t\t\t<a href=\"https:\/\/www.loupitavin.net\/wp-content\/uploads\/2023\/03\/camera-7-1.jpeg\" data-elementor-open-lightbox=\"yes\" data-elementor-lightbox-slideshow=\"567e576\" data-elementor-lightbox-title=\"camera-7\" data-e-action-hash=\"#elementor-action%3Aaction%3Dlightbox%26settings%3DeyJpZCI6NzM1LCJ1cmwiOiJodHRwczpcL1wvd3d3LmxvdXBpdGF2aW4ubmV0XC93cC1jb250ZW50XC91cGxvYWRzXC8yMDIzXC8wM1wvY2FtZXJhLTctMS5qcGVnIiwic2xpZGVzaG93IjoiNTY3ZTU3NiJ9\">\t\t<div class=\"elementor-carousel-image\" role=\"img\" aria-label=\"camera-7\" style=\"background-image: url(&#039;https:\/\/www.loupitavin.net\/wp-content\/uploads\/2023\/03\/camera-7-1.jpeg&#039;)\">\n\n\t\t\t\n\t\t\t\t\t<\/div>\n\t\t<\/a>\t\t\t\t\t\t<\/div>\n\t\t\t\t\t\t\t\t\t\t\t<div class=\"swiper-slide\" role=\"group\" aria-roledescription=\"slide\">\n\t\t\t\t\t\t\t<a href=\"https:\/\/www.loupitavin.net\/wp-content\/uploads\/2023\/03\/camera-5.jpeg\" data-elementor-open-lightbox=\"yes\" data-elementor-lightbox-slideshow=\"567e576\" data-elementor-lightbox-title=\"camera-5\" data-e-action-hash=\"#elementor-action%3Aaction%3Dlightbox%26settings%3DeyJpZCI6Nzg3LCJ1cmwiOiJodHRwczpcL1wvd3d3LmxvdXBpdGF2aW4ubmV0XC93cC1jb250ZW50XC91cGxvYWRzXC8yMDIzXC8wM1wvY2FtZXJhLTUuanBlZyIsInNsaWRlc2hvdyI6IjU2N2U1NzYifQ%3D%3D\">\t\t<div class=\"elementor-carousel-image\" role=\"img\" aria-label=\"repaus\" style=\"background-image: url(&#039;https:\/\/www.loupitavin.net\/wp-content\/uploads\/2023\/03\/camera-5.jpeg&#039;)\">\n\n\t\t\t\n\t\t\t\t\t<\/div>\n\t\t<\/a>\t\t\t\t\t\t<\/div>\n\t\t\t\t\t\t\t\t\t\t\t<div class=\"swiper-slide\" role=\"group\" aria-roledescription=\"slide\">\n\t\t\t\t\t\t\t<a href=\"https:\/\/www.loupitavin.net\/wp-content\/uploads\/2023\/03\/ristorante.jpg\" data-elementor-open-lightbox=\"yes\" data-elementor-lightbox-slideshow=\"567e576\" data-elementor-lightbox-title=\"ristorante\" data-e-action-hash=\"#elementor-action%3Aaction%3Dlightbox%26settings%3DeyJpZCI6NzUxLCJ1cmwiOiJodHRwczpcL1wvd3d3LmxvdXBpdGF2aW4ubmV0XC93cC1jb250ZW50XC91cGxvYWRzXC8yMDIzXC8wM1wvcmlzdG9yYW50ZS5qcGciLCJzbGlkZXNob3ciOiI1NjdlNTc2In0%3D\">\t\t<div class=\"elementor-carousel-image\" role=\"img\" aria-label=\"ristorante\" style=\"background-image: url(&#039;https:\/\/www.loupitavin.net\/wp-content\/uploads\/2023\/03\/ristorante.jpg&#039;)\">\n\n\t\t\t\n\t\t\t\t\t<\/div>\n\t\t<\/a>\t\t\t\t\t\t<\/div>\n\t\t\t\t\t\t\t\t\t\t\t<div class=\"swiper-slide\" role=\"group\" aria-roledescription=\"slide\">\n\t\t\t\t\t\t\t\t\t<div class=\"elementor-carousel-image\" role=\"img\" aria-label=\"tavolo-dritto\" style=\"background-image: url(&#039;https:\/\/www.loupitavin.net\/wp-content\/uploads\/2023\/03\/tavolo-dritto.jpg&#039;)\">\n\n\t\t\t\n\t\t\t\t\t<\/div>\n\t\t\t\t\t\t\t\t<\/div>\n\t\t\t\t\t\t\t\t\t<\/div>\n\t\t\t\t\t\t\t\t\t\t\t\t\t\t\t<div class=\"elementor-swiper-button elementor-swiper-button-prev\" role=\"button\" tabindex=\"0\" aria-label=\"Voriger\">\n\t\t\t\t\t\t\t<i aria-hidden=\"true\" class=\"eicon-chevron-left\"><\/i>\t\t\t\t\t\t<\/div>\n\t\t\t\t\t\t<div class=\"elementor-swiper-button elementor-swiper-button-next\" role=\"button\" tabindex=\"0\" aria-label=\"N\u00e4chster\">\n\t\t\t\t\t\t\t<i aria-hidden=\"true\" class=\"eicon-chevron-right\"><\/i>\t\t\t\t\t\t<\/div>\n\t\t\t\t\t\t\t\t\t\t\t\t\t\t\t\t<div class=\"swiper-pagination\"><\/div>\n\t\t\t\t\t\t\t\t\t\t\t\t<\/div>\n\t\t\t\t<\/div>\n\t\t\t\t\t\t\t\t<\/div>\n\t\t\t\t<\/div>\n\t\t\t\t\t<\/div>\n\t\t<\/div>\n\t\t\t\t\t<\/div>\n\t\t<\/section>\n\t\t\t\t<\/div>\n\t\t","protected":false},"excerpt":{"rendered":"<p>CLIMAHOTEL Holz und Stein, Tradition und Design Lou Pitavin: \u201cClimaHotel-KlimaHotel\u201d Wir haben Lou Pitavin entworfen und gebaut, um dich in einer intimen und famili\u00e4ren Atmosph\u00e4re empfangen zu k\u00f6nnen. Wir haben jedes Zimmer bis ins kleinste Detail gestaltet, damit sich unsere G\u00e4ste darin entspannen und erholen k\u00f6nnen. Lou Pitavin bietet verschiedene \u00dcbernachtungsm\u00f6glichkeiten an: wir haben Einer-, &#8230; <a title=\"ClimaHotel &#8211; KlimaHotel\" class=\"read-more\" href=\"https:\/\/www.loupitavin.net\/de\/climahotel-klimahotel\/\" aria-label=\"Mehr Informationen \u00fcber ClimaHotel &#8211; KlimaHotel\">Weiterlesen &#8230;<\/a><\/p>\n","protected":false},"author":1,"featured_media":0,"parent":0,"menu_order":0,"comment_status":"closed","ping_status":"closed","template":"template-gutentor-full-width.php","meta":{"footnotes":""},"class_list":["post-3622","page","type-page","status-publish"],"yoast_head":"<!-- This site is optimized with the Yoast SEO plugin v27.3 - https:\/\/yoast.com\/product\/yoast-seo-wordpress\/ -->\n<title>Zertifizierung \u201cClimaHotel-KlimaHotel&quot; | Lou Pitavin<\/title>\n<meta name=\"description\" content=\"Die Locanda Lou Pitavin im Maira-Tal ist das erste ClimaHotel im Nordwesten f\u00fcr einen nachhaltigen, naturfreundlichen Urlaub.\" \/>\n<meta name=\"robots\" content=\"index, follow, max-snippet:-1, max-image-preview:large, max-video-preview:-1\" \/>\n<link rel=\"canonical\" href=\"https:\/\/www.loupitavin.net\/de\/climahotel-klimahotel\/\" \/>\n<meta property=\"og:locale\" content=\"de_DE\" \/>\n<meta property=\"og:type\" content=\"article\" \/>\n<meta property=\"og:title\" content=\"Zertifizierung \u201cClimaHotel-KlimaHotel&quot; | Lou Pitavin\" \/>\n<meta property=\"og:description\" content=\"Die Locanda Lou Pitavin im Maira-Tal ist das erste ClimaHotel im Nordwesten f\u00fcr einen nachhaltigen, naturfreundlichen Urlaub.\" \/>\n<meta property=\"og:url\" content=\"https:\/\/www.loupitavin.net\/de\/climahotel-klimahotel\/\" \/>\n<meta property=\"og:site_name\" content=\"Loupitavin\" \/>\n<meta property=\"article:publisher\" content=\"https:\/\/www.facebook.com\/people\/LOCANDA-LOU-PITAVIN\/100063467776264\/\" \/>\n<meta property=\"article:modified_time\" content=\"2023-06-14T08:23:02+00:00\" \/>\n<meta name=\"twitter:card\" content=\"summary_large_image\" \/>\n<meta name=\"twitter:label1\" content=\"Gesch\u00e4tzte Lesezeit\" \/>\n\t<meta name=\"twitter:data1\" content=\"1\u00a0Minute\" \/>\n<script type=\"application\/ld+json\" class=\"yoast-schema-graph\">{\"@context\":\"https:\\\/\\\/schema.org\",\"@graph\":[{\"@type\":\"WebPage\",\"@id\":\"https:\\\/\\\/www.loupitavin.net\\\/de\\\/climahotel-klimahotel\\\/\",\"url\":\"https:\\\/\\\/www.loupitavin.net\\\/de\\\/climahotel-klimahotel\\\/\",\"name\":\"Zertifizierung \u201cClimaHotel-KlimaHotel\\\" | Lou Pitavin\",\"isPartOf\":{\"@id\":\"https:\\\/\\\/www.loupitavin.net\\\/de\\\/#website\"},\"datePublished\":\"2023-03-13T08:06:38+00:00\",\"dateModified\":\"2023-06-14T08:23:02+00:00\",\"description\":\"Die Locanda Lou Pitavin im Maira-Tal ist das erste ClimaHotel im Nordwesten f\u00fcr einen nachhaltigen, naturfreundlichen Urlaub.\",\"breadcrumb\":{\"@id\":\"https:\\\/\\\/www.loupitavin.net\\\/de\\\/climahotel-klimahotel\\\/#breadcrumb\"},\"inLanguage\":\"de\",\"potentialAction\":[{\"@type\":\"ReadAction\",\"target\":[\"https:\\\/\\\/www.loupitavin.net\\\/de\\\/climahotel-klimahotel\\\/\"]}]},{\"@type\":\"BreadcrumbList\",\"@id\":\"https:\\\/\\\/www.loupitavin.net\\\/de\\\/climahotel-klimahotel\\\/#breadcrumb\",\"itemListElement\":[{\"@type\":\"ListItem\",\"position\":1,\"name\":\"Home\",\"item\":\"https:\\\/\\\/www.loupitavin.net\\\/de\\\/\"},{\"@type\":\"ListItem\",\"position\":2,\"name\":\"ClimaHotel &#8211; KlimaHotel\"}]},{\"@type\":\"WebSite\",\"@id\":\"https:\\\/\\\/www.loupitavin.net\\\/de\\\/#website\",\"url\":\"https:\\\/\\\/www.loupitavin.net\\\/de\\\/\",\"name\":\"Lou Pitavin\",\"description\":\"Locanda a Marmora Valle Maira\",\"publisher\":{\"@id\":\"https:\\\/\\\/www.loupitavin.net\\\/de\\\/#organization\"},\"potentialAction\":[{\"@type\":\"SearchAction\",\"target\":{\"@type\":\"EntryPoint\",\"urlTemplate\":\"https:\\\/\\\/www.loupitavin.net\\\/de\\\/?s={search_term_string}\"},\"query-input\":{\"@type\":\"PropertyValueSpecification\",\"valueRequired\":true,\"valueName\":\"search_term_string\"}}],\"inLanguage\":\"de\"},{\"@type\":\"Organization\",\"@id\":\"https:\\\/\\\/www.loupitavin.net\\\/de\\\/#organization\",\"name\":\"Lou Pitavin\",\"alternateName\":\"Lou Pitavin Locanda a Marmora Valle Maira\",\"url\":\"https:\\\/\\\/www.loupitavin.net\\\/de\\\/\",\"logo\":{\"@type\":\"ImageObject\",\"inLanguage\":\"de\",\"@id\":\"https:\\\/\\\/www.loupitavin.net\\\/de\\\/#\\\/schema\\\/logo\\\/image\\\/\",\"url\":\"https:\\\/\\\/www.loupitavin.net\\\/wp-content\\\/uploads\\\/2023\\\/03\\\/cropped-cropped-logo-scuro1-e1679919910685.png\",\"contentUrl\":\"https:\\\/\\\/www.loupitavin.net\\\/wp-content\\\/uploads\\\/2023\\\/03\\\/cropped-cropped-logo-scuro1-e1679919910685.png\",\"width\":566,\"height\":601,\"caption\":\"Lou Pitavin\"},\"image\":{\"@id\":\"https:\\\/\\\/www.loupitavin.net\\\/de\\\/#\\\/schema\\\/logo\\\/image\\\/\"},\"sameAs\":[\"https:\\\/\\\/www.facebook.com\\\/people\\\/LOCANDA-LOU-PITAVIN\\\/100063467776264\\\/\",\"https:\\\/\\\/www.instagram.com\\\/locandaloupitavin\\\/?hl=tl\"]}]}<\/script>\n<!-- \/ Yoast SEO plugin. -->","yoast_head_json":{"title":"Zertifizierung \u201cClimaHotel-KlimaHotel\" | Lou Pitavin","description":"Die Locanda Lou Pitavin im Maira-Tal ist das erste ClimaHotel im Nordwesten f\u00fcr einen nachhaltigen, naturfreundlichen Urlaub.","robots":{"index":"index","follow":"follow","max-snippet":"max-snippet:-1","max-image-preview":"max-image-preview:large","max-video-preview":"max-video-preview:-1"},"canonical":"https:\/\/www.loupitavin.net\/de\/climahotel-klimahotel\/","og_locale":"de_DE","og_type":"article","og_title":"Zertifizierung \u201cClimaHotel-KlimaHotel\" | Lou Pitavin","og_description":"Die Locanda Lou Pitavin im Maira-Tal ist das erste ClimaHotel im Nordwesten f\u00fcr einen nachhaltigen, naturfreundlichen Urlaub.","og_url":"https:\/\/www.loupitavin.net\/de\/climahotel-klimahotel\/","og_site_name":"Loupitavin","article_publisher":"https:\/\/www.facebook.com\/people\/LOCANDA-LOU-PITAVIN\/100063467776264\/","article_modified_time":"2023-06-14T08:23:02+00:00","twitter_card":"summary_large_image","twitter_misc":{"Gesch\u00e4tzte Lesezeit":"1\u00a0Minute"},"schema":{"@context":"https:\/\/schema.org","@graph":[{"@type":"WebPage","@id":"https:\/\/www.loupitavin.net\/de\/climahotel-klimahotel\/","url":"https:\/\/www.loupitavin.net\/de\/climahotel-klimahotel\/","name":"Zertifizierung \u201cClimaHotel-KlimaHotel\" | Lou Pitavin","isPartOf":{"@id":"https:\/\/www.loupitavin.net\/de\/#website"},"datePublished":"2023-03-13T08:06:38+00:00","dateModified":"2023-06-14T08:23:02+00:00","description":"Die Locanda Lou Pitavin im Maira-Tal ist das erste ClimaHotel im Nordwesten f\u00fcr einen nachhaltigen, naturfreundlichen Urlaub.","breadcrumb":{"@id":"https:\/\/www.loupitavin.net\/de\/climahotel-klimahotel\/#breadcrumb"},"inLanguage":"de","potentialAction":[{"@type":"ReadAction","target":["https:\/\/www.loupitavin.net\/de\/climahotel-klimahotel\/"]}]},{"@type":"BreadcrumbList","@id":"https:\/\/www.loupitavin.net\/de\/climahotel-klimahotel\/#breadcrumb","itemListElement":[{"@type":"ListItem","position":1,"name":"Home","item":"https:\/\/www.loupitavin.net\/de\/"},{"@type":"ListItem","position":2,"name":"ClimaHotel &#8211; KlimaHotel"}]},{"@type":"WebSite","@id":"https:\/\/www.loupitavin.net\/de\/#website","url":"https:\/\/www.loupitavin.net\/de\/","name":"Lou Pitavin","description":"Locanda a Marmora Valle Maira","publisher":{"@id":"https:\/\/www.loupitavin.net\/de\/#organization"},"potentialAction":[{"@type":"SearchAction","target":{"@type":"EntryPoint","urlTemplate":"https:\/\/www.loupitavin.net\/de\/?s={search_term_string}"},"query-input":{"@type":"PropertyValueSpecification","valueRequired":true,"valueName":"search_term_string"}}],"inLanguage":"de"},{"@type":"Organization","@id":"https:\/\/www.loupitavin.net\/de\/#organization","name":"Lou Pitavin","alternateName":"Lou Pitavin Locanda a Marmora Valle Maira","url":"https:\/\/www.loupitavin.net\/de\/","logo":{"@type":"ImageObject","inLanguage":"de","@id":"https:\/\/www.loupitavin.net\/de\/#\/schema\/logo\/image\/","url":"https:\/\/www.loupitavin.net\/wp-content\/uploads\/2023\/03\/cropped-cropped-logo-scuro1-e1679919910685.png","contentUrl":"https:\/\/www.loupitavin.net\/wp-content\/uploads\/2023\/03\/cropped-cropped-logo-scuro1-e1679919910685.png","width":566,"height":601,"caption":"Lou Pitavin"},"image":{"@id":"https:\/\/www.loupitavin.net\/de\/#\/schema\/logo\/image\/"},"sameAs":["https:\/\/www.facebook.com\/people\/LOCANDA-LOU-PITAVIN\/100063467776264\/","https:\/\/www.instagram.com\/locandaloupitavin\/?hl=tl"]}]}},"jetpack_sharing_enabled":true,"_links":{"self":[{"href":"https:\/\/www.loupitavin.net\/de\/wp-json\/wp\/v2\/pages\/3622","targetHints":{"allow":["GET"]}}],"collection":[{"href":"https:\/\/www.loupitavin.net\/de\/wp-json\/wp\/v2\/pages"}],"about":[{"href":"https:\/\/www.loupitavin.net\/de\/wp-json\/wp\/v2\/types\/page"}],"author":[{"embeddable":true,"href":"https:\/\/www.loupitavin.net\/de\/wp-json\/wp\/v2\/users\/1"}],"replies":[{"embeddable":true,"href":"https:\/\/www.loupitavin.net\/de\/wp-json\/wp\/v2\/comments?post=3622"}],"version-history":[{"count":6,"href":"https:\/\/www.loupitavin.net\/de\/wp-json\/wp\/v2\/pages\/3622\/revisions"}],"predecessor-version":[{"id":4291,"href":"https:\/\/www.loupitavin.net\/de\/wp-json\/wp\/v2\/pages\/3622\/revisions\/4291"}],"wp:attachment":[{"href":"https:\/\/www.loupitavin.net\/de\/wp-json\/wp\/v2\/media?parent=3622"}],"curies":[{"name":"wp","href":"https:\/\/api.w.org\/{rel}","templated":true}]}}